{"id":22747,"date":"2025-03-24T15:05:56","date_gmt":"2025-03-24T14:05:56","guid":{"rendered":"https:\/\/www.gourmandisedeluxe.com\/?post_type=product&#038;p=22747"},"modified":"2026-04-22T13:39:41","modified_gmt":"2026-04-22T11:39:41","slug":"pack-risotto-truffe-blanche-alba-tuber-magnatum","status":"publish","type":"product","link":"https:\/\/www.gourmandisedeluxe.com\/en\/pack-risotto-truffe-blanche-alba-tuber-magnatum\/","title":{"rendered":"Gourmet Kit \u2013 Risotto flavoured with Alba white truffle \u2013 Tuber magnatum Pico"},"content":{"rendered":"<p>Ce Kit Gourmet pour Risotto \u00e0 la Truffe Blanche d&#8217;Alba est une invitation \u00e0 recr\u00e9er chez soi l&#8217;une des recettes les plus embl\u00e9matiques de la gastronomie pi\u00e9montaise, dans toute sa noblesse et sa simplicit\u00e9. Constitu\u00e9 de riz Carnaroli \u2014 surnomm\u00e9 le \u00ab Roi des Riz \u00bb pour sa teneur en amidon, sa tenue en cuisson et sa texture velout\u00e9e lorsqu&#8217;il est mantec\u00e9 au beurre \u2014 et de la <em>Tuber Magnatum Pico<\/em>, la truffe blanche la plus rare et la plus ar\u00f4matique au monde.<\/p>\n<p>Les ingr\u00e9dients r\u00e9unis dans ce kit ont \u00e9t\u00e9 soigneusement s\u00e9lectionn\u00e9s pour garantir un r\u00e9sultat de niveau gastronomique accessible aux cuisiniers patients. Le riz Carnaroli absorbe progressivement le bouillon chaud, lib\u00e9rant son amidon dans un mouvement de cr\u00e9meux progressif, avant de recevoir en touche finale les ar\u00f4mes envo\u00fbtants de la truffe blanche : miel, musc, ail sauvage, foin humide.<\/p>\n<p>Id\u00e9al comme cadeau gastronomique pour un amateur de beaux produits, ou comme base d&#8217;un d\u00eener romantique \u00e0 deux, ce kit repr\u00e9sente l&#8217;exp\u00e9rience compl\u00e8te : le riz de choix, la truffe rare, les instructions de pr\u00e9paration et la promesse d&#8217;un plat qui fait parler la table. Il se suffit \u00e0 lui-m\u00eame avec un peu de beurre de qualit\u00e9, du parmesan affin\u00e9 36 mois et un verre de Barolo.<\/p>\n<p>Prix : 24,50 \u20ac. Conserver dans un endroit sec et frais.<\/p>","protected":false},"excerpt":{"rendered":"<p><strong data-start=\"136\" data-end=\"192\">This Gourmet Kit for preparing White Truffle Risotto <em>Tuber magnatum Pico<\/em><\/strong>is the epitome of refinement, with a perfect marriage between <strong data-start=\"222\" data-end=\"245\">Italian tradition<\/strong> and <strong data-start=\"249\" data-end=\"276\">exceptional cuisine<\/strong>.<\/p>\n<p>Rice <strong data-start=\"328\" data-end=\"341\">Carnaroli<\/strong>, nicknamed the \u201cking of rice\u201d for its velvety texture and perfect consistency when cooked, blends with the captivating aromas of <strong data-start=\"464\" data-end=\"502\">white truffle Tuber magnatum Pico<\/strong>, one of the most prized ingredients in haute cuisine.<\/p>\n<p>Each bite reveals a subtle balance between the sweetness of the rice and the intense aroma of the white truffle. A refined and sophisticated dish, perfect for enhancing an elegant dinner or special occasion.<\/p>\n<p>Thanks to a <strong data-start=\"888\" data-end=\"920\">quick and easy preparation<\/strong>, make a creamy and delicate risotto in just <strong data-start=\"974\" data-end=\"988\">15 minutes<\/strong>, without adding any fat. Effortless pleasure worthy of a chef.<\/p>\n<p><strong>Composition:\u00a0<\/strong><\/p>\n<p><u>Carnaroli rice selected by Maison de la Truffe<\/u><\/p>\n<p>Ingredients: Italian Carnaroli rice.<\/p>\n<p><u>Complete powdered mix for white truffle risotto<\/u><\/p>\n<p>Ingredients: freeze-dried cheese (<strong>milk<\/strong>, salt, rennet), <strong>whey <\/strong>powder,<strong> cream<\/strong> powder, potato maltodextrin, salt, anhydrous butter, yolk.<strong>egg <\/strong>Powdered freeze-dried Italian white truffle (Tuber magnatum Pico) 0.16 % (equivalent to 0.9 % of fresh truffle), natural flavourings.<\/p>\n<p>Nutritional values per 100g: Energy 1558 kJ \/ 368 kcal, fat 4.9g<\/p>\n<p><em>Storage: Store in a cool, dry place away from light.<\/em><\/p>\n<p><em>Quantity: 250g rice \u2013 60g preparation<br \/>\n<\/em><em>Price per kg: \u20ac79.03<\/em><\/p>","protected":false},"featured_media":22764,"comment_status":"closed","ping_status":"closed","template":"","meta":[],"product_brand":[],"product_cat":[198,62,110,68],"product_tag":[],"class_list":{"0":"post-22747","1":"product","2":"type-product","3":"status-publish","4":"has-post-thumbnail","6":"product_cat-ads_plats_prepares","7":"product_cat-epicerie","8":"product_cat-nos-idees-cadeaux","9":"product_cat-nouveautes","11":"first","12":"instock","13":"featured","14":"taxable","15":"shipping-taxable","16":"purchasable","17":"product-type-simple"},"_links":{"self":[{"href":"https:\/\/www.gourmandisedeluxe.com\/en\/wp-json\/wp\/v2\/product\/22747","targetHints":{"allow":["GET"]}}],"collection":[{"href":"https:\/\/www.gourmandisedeluxe.com\/en\/wp-json\/wp\/v2\/product"}],"about":[{"href":"https:\/\/www.gourmandisedeluxe.com\/en\/wp-json\/wp\/v2\/types\/product"}],"replies":[{"embeddable":true,"href":"https:\/\/www.gourmandisedeluxe.com\/en\/wp-json\/wp\/v2\/comments?post=22747"}],"version-history":[{"count":0,"href":"https:\/\/www.gourmandisedeluxe.com\/en\/wp-json\/wp\/v2\/product\/22747\/revisions"}],"wp:featuredmedia":[{"embeddable":true,"href":"https:\/\/www.gourmandisedeluxe.com\/en\/wp-json\/wp\/v2\/media\/22764"}],"wp:attachment":[{"href":"https:\/\/www.gourmandisedeluxe.com\/en\/wp-json\/wp\/v2\/media?parent=22747"}],"wp:term":[{"taxonomy":"product_brand","embeddable":true,"href":"https:\/\/www.gourmandisedeluxe.com\/en\/wp-json\/wp\/v2\/product_brand?post=22747"},{"taxonomy":"product_cat","embeddable":true,"href":"https:\/\/www.gourmandisedeluxe.com\/en\/wp-json\/wp\/v2\/product_cat?post=22747"},{"taxonomy":"product_tag","embeddable":true,"href":"https:\/\/www.gourmandisedeluxe.com\/en\/wp-json\/wp\/v2\/product_tag?post=22747"}],"curies":[{"name":"wp","href":"https:\/\/api.w.org\/{rel}","templated":true}]}}