{"id":22720,"date":"2025-03-21T11:54:59","date_gmt":"2025-03-21T10:54:59","guid":{"rendered":"https:\/\/www.gourmandisedeluxe.com\/?post_type=product&#038;p=22720"},"modified":"2026-04-28T19:17:14","modified_gmt":"2026-04-28T17:17:14","slug":"sauce-gorgonzola-truffe-ete-tuber-aestivum","status":"publish","type":"product","link":"https:\/\/www.gourmandisedeluxe.com\/en\/sauce-gorgonzola-truffe-ete-tuber-aestivum\/","title":{"rendered":"Gorgonzola sauce flavoured with summer truffle \u2013 Tuber aestivum Vitt."},"content":{"rendered":"<p>La Sauce au Gorgonzola aromatis\u00e9e \u00e0 la Truffe d&#8217;\u00c9t\u00e9 marie deux ingr\u00e9dients qui ont en commun l&#8217;intensit\u00e9, la profondeur et le refus de la fadeur : le Gorgonzola AOP \u2014 fromage bleu lombard d&#8217;une onctuosit\u00e9 remarquable, fondu en cr\u00e8me g\u00e9n\u00e9reuse \u2014 et la <em>Tuber Aestivum<\/em>, dont les notes de noisette et de champignon frais viennent \u00e9quilibrer et prolonger la puissance du fromage bleu sans jamais l&#8217;effacer.<\/p>\n<p>La sauce pr\u00e9sente une texture velout\u00e9e et nappante, d&#8217;un cr\u00e9meux profond, qui enveloppe les p\u00e2tes avec g\u00e9n\u00e9rosit\u00e9. Le Gorgonzola, fondant sous l&#8217;effet de la cr\u00e8me, conserve ses reflets bleutis et son caract\u00e8re distinctif, simplement assoupli, rendu plus accessible par la touche fongi\u00e8re et terra de la truffe. C&#8217;est une sauce qui fait l&#8217;unanimit\u00e9 autour de la table m\u00eame aupr\u00e8s de ceux qui croyaient ne pas aimer le Gorgonzola.<\/p>\n<p>Servie sur des pappardelle larges, des rigatoni ou des gnocchi de pomme de terre, avec une pluie de cerneaux de noix et une feuille de sauge frite, c&#8217;est un plat d&#8217;automne complet. Elle accompagne \u00e9galement les escalopes de veau, les poires r\u00f4ties au miel, ou une fondue improvis\u00e9e.<\/p>\n<p>Conserver dans un endroit sec et frais. Dopo apertura, r\u00e9frig\u00e9rer et consommer rapidement.<\/p>","protected":false},"excerpt":{"rendered":"<p>Discover a Gorgonzola and Summer Truffle sauce, the perfect combination of the creaminess of an exceptional cheese and the elegance of a rare and refined ingredient. An explosion of flavours to enhance your dishes in an instant!<\/p>\n<p>An iconic Italian cheese, Gorgonzola offers a melt-in-the-mouth texture and a powerful flavour, balanced by the natural sweetness of cream. The <b>Summer truffle <\/b>adds a refined woody note that enhances the sauce without masking the cheese's aromas.<\/p>\n<p>A versatile sauce for tasty dishes:<\/p>\n<p>\u2714 Ideal with pasta: Tagliatelle, gnocchi or risotto, this sauce pairs perfectly with the melt-in-the-mouth textures of traditional Italian dishes.<\/p>\n<p>\u2714 Delicious with meat and vegetables: Enhance a beef fillet, roast chicken or grilled vegetables with this creamy, fragrant sauce.<\/p>\n<p>\u2714 An original touch for cheese lovers: Enjoy it on a white pizza, as a topping on baked potatoes, or even as a dip for an aperitif.<\/p>\n<p>&nbsp;<\/p>\n<p><strong>Ingredients: Gorgonzola PDO cheese (milk, salt, rennet) 32% by weight, cream, water, cornflour, summer truffle (Tuber aestivum Vitt.) 1% by weight, salt, natural flavouring.<\/strong><\/p>\n<p><em>Storage: Store in a cool, dry place. Once opened, store in the refrigerator (+4\u00b0C) and use within 7 days.<\/em><\/p>\n<p><em>Quantity: 180g<br \/>\n<\/em><em>Price per kg: \u20ac75<\/em><\/p>","protected":false},"featured_media":22766,"comment_status":"closed","ping_status":"closed","template":"","meta":[],"product_brand":[],"product_cat":[72,68],"product_tag":[],"class_list":{"0":"post-22720","1":"product","2":"type-product","3":"status-publish","4":"has-post-thumbnail","6":"product_cat-epicerie-fine","7":"product_cat-nouveautes","9":"first","10":"instock","11":"taxable","12":"shipping-taxable","13":"purchasable","14":"product-type-simple"},"_links":{"self":[{"href":"https:\/\/www.gourmandisedeluxe.com\/en\/wp-json\/wp\/v2\/product\/22720","targetHints":{"allow":["GET"]}}],"collection":[{"href":"https:\/\/www.gourmandisedeluxe.com\/en\/wp-json\/wp\/v2\/product"}],"about":[{"href":"https:\/\/www.gourmandisedeluxe.com\/en\/wp-json\/wp\/v2\/types\/product"}],"replies":[{"embeddable":true,"href":"https:\/\/www.gourmandisedeluxe.com\/en\/wp-json\/wp\/v2\/comments?post=22720"}],"version-history":[{"count":0,"href":"https:\/\/www.gourmandisedeluxe.com\/en\/wp-json\/wp\/v2\/product\/22720\/revisions"}],"wp:featuredmedia":[{"embeddable":true,"href":"https:\/\/www.gourmandisedeluxe.com\/en\/wp-json\/wp\/v2\/media\/22766"}],"wp:attachment":[{"href":"https:\/\/www.gourmandisedeluxe.com\/en\/wp-json\/wp\/v2\/media?parent=22720"}],"wp:term":[{"taxonomy":"product_brand","embeddable":true,"href":"https:\/\/www.gourmandisedeluxe.com\/en\/wp-json\/wp\/v2\/product_brand?post=22720"},{"taxonomy":"product_cat","embeddable":true,"href":"https:\/\/www.gourmandisedeluxe.com\/en\/wp-json\/wp\/v2\/product_cat?post=22720"},{"taxonomy":"product_tag","embeddable":true,"href":"https:\/\/www.gourmandisedeluxe.com\/en\/wp-json\/wp\/v2\/product_tag?post=22720"}],"curies":[{"name":"wp","href":"https:\/\/api.w.org\/{rel}","templated":true}]}}