{"id":22314,"date":"2024-12-30T10:35:36","date_gmt":"2024-12-30T09:35:36","guid":{"rendered":"https:\/\/www.gourmandisedeluxe.com\/?post_type=product&#038;p=22314"},"modified":"2026-04-22T13:27:27","modified_gmt":"2026-04-22T11:27:27","slug":"iranian-beluga-caviar","status":"publish","type":"product","link":"https:\/\/www.gourmandisedeluxe.com\/en\/caviar-beluga-iranien\/","title":{"rendered":"Iranian Beluga Caviar"},"content":{"rendered":"<p>Le Caviar B\u00e9luga Iranien est l\u2019expression la plus pure du luxe absolu. Issu de l\u2019esturgeon <em>Huso huso<\/em>, l\u2019un des plus grands poissons d\u2019eau douce au monde, il perp\u00e9tue une tradition d\u2019excellence h\u00e9rit\u00e9e des eaux profondes de la Mer Caspienne, dont les abysses atteignent 900 m\u00e8tres. L\u2019Iran, premier producteur mondial pendant des d\u00e9cennies, a su tirer parti d\u2019un environnement naturel d\u2019une rare qualit\u00e9\u00a0: des eaux froides, cristallines et d\u2019une puret\u00e9 exceptionnelle qui fa\u00e7onnaient le caract\u00e8re unique de cet esturgeon l\u00e9gendaire.<\/p>\n<p>Ses grains g\u00e9n\u00e9reux, \u00e0 la peau fine et soyeuse, arborent une robe allant du gris nacr\u00e9 au gris profond. En bouche, ils fondent instantan\u00e9ment, lib\u00e9rant des saveurs d\u2019une douceur inou\u00efe \u2014 l\u00e9g\u00e8rement beurr\u00e9es, d\u00e9licatement iod\u00e9es \u2014 avec une persistance aromatique remarquable. Ce caviar ne demande aucun accompagnement superflu\u00a0: une simple cuill\u00e8re en nacre suffit \u00e0 en appr\u00e9cier toute la complexit\u00e9.<\/p>\n<p>\u00c0 conserver entre \u22122\u00b0C et +2\u00b0C. Disponible de 30\u00a0g \u00e0 1\u00a0kg, il s\u2019impose comme le cadeau d\u2019exception par excellence ou le joyau d\u2019une table de prestige. Accompagnez-le d\u2019un champagne mill\u00e9sim\u00e9 ou d\u2019une vodka premium pour une exp\u00e9rience sensorielle hors du commun.<\/p>","protected":false},"excerpt":{"rendered":"<p>As precious as it is rare, Beluga caviar is considered the mildest caviar.<br \/>\nIts thin-shelled eggs, which are light grey\/dark grey in colour, melt in the mouth and leave an exceptionally subtle taste.<br \/>\nIt develops very delicate buttery flavours, with a long finish.<\/p>\n<p>This caviar comes from the Huso huso sturgeon.<br \/>\nDuring the early years of production, Iran was the world's largest producer of caviar.<br \/>\nIranian caviar has established itself as \u2018the best in the world\u00ab thanks to the natural environment in which it was originally harvested: a unique and exceptional habitat.<br \/>\nThe quality of the water in the Caspian Sea bordering Iran, its depth of up to 900 metres and its cleanliness have long attracted sturgeons.<\/p>\n<p>Store between -2 and 2\u00b0C.<\/p>\n<p>&nbsp;<\/p>","protected":false},"featured_media":24390,"comment_status":"open","ping_status":"closed","template":"","meta":[],"product_brand":[],"product_cat":[103,67],"product_tag":[],"class_list":{"0":"post-22314","1":"product","2":"type-product","3":"status-publish","4":"has-post-thumbnail","6":"product_cat-caviars-caviars","7":"product_cat-fetes","9":"first","10":"instock","11":"taxable","12":"shipping-taxable","13":"purchasable","14":"product-type-variable"},"_links":{"self":[{"href":"https:\/\/www.gourmandisedeluxe.com\/en\/wp-json\/wp\/v2\/product\/22314","targetHints":{"allow":["GET"]}}],"collection":[{"href":"https:\/\/www.gourmandisedeluxe.com\/en\/wp-json\/wp\/v2\/product"}],"about":[{"href":"https:\/\/www.gourmandisedeluxe.com\/en\/wp-json\/wp\/v2\/types\/product"}],"replies":[{"embeddable":true,"href":"https:\/\/www.gourmandisedeluxe.com\/en\/wp-json\/wp\/v2\/comments?post=22314"}],"version-history":[{"count":0,"href":"https:\/\/www.gourmandisedeluxe.com\/en\/wp-json\/wp\/v2\/product\/22314\/revisions"}],"wp:featuredmedia":[{"embeddable":true,"href":"https:\/\/www.gourmandisedeluxe.com\/en\/wp-json\/wp\/v2\/media\/24390"}],"wp:attachment":[{"href":"https:\/\/www.gourmandisedeluxe.com\/en\/wp-json\/wp\/v2\/media?parent=22314"}],"wp:term":[{"taxonomy":"product_brand","embeddable":true,"href":"https:\/\/www.gourmandisedeluxe.com\/en\/wp-json\/wp\/v2\/product_brand?post=22314"},{"taxonomy":"product_cat","embeddable":true,"href":"https:\/\/www.gourmandisedeluxe.com\/en\/wp-json\/wp\/v2\/product_cat?post=22314"},{"taxonomy":"product_tag","embeddable":true,"href":"https:\/\/www.gourmandisedeluxe.com\/en\/wp-json\/wp\/v2\/product_tag?post=22314"}],"curies":[{"name":"wp","href":"https:\/\/api.w.org\/{rel}","templated":true}]}}