{"id":21766,"date":"2024-12-09T15:33:36","date_gmt":"2024-12-09T14:33:36","guid":{"rendered":"https:\/\/www.gourmandisedeluxe.com\/?post_type=product&#038;p=21766"},"modified":"2026-04-22T13:37:29","modified_gmt":"2026-04-22T11:37:29","slug":"champagne-brut-prestige-maison-de-la-truffe-2","status":"publish","type":"product","link":"https:\/\/www.gourmandisedeluxe.com\/en\/champagne-brut-prestige-maison-de-la-truffe-2\/","title":{"rendered":"Champagne Brut Prestige Maison de la Truffe 37.5cl"},"content":{"rendered":"<p>Le Champagne Brut Prestige Maison de la Truffe en format 37,5cl est le compagnon id\u00e9al des petites c\u00e9l\u00e9brations intimes et des d\u00e9jeuners \u00e0 deux. Ce demi-bouteille concentre toute la qualit\u00e9 de l&#8217;assemblage Maison de la Truffe dans un format g\u00e9n\u00e9reux pour deux verres de champagne parfaits, sans sacrifier une goutte de fraicheur ou d&#8217;expression aromatique.<\/p>\n<p>En bouche, le champagne se r\u00e9v\u00e8le velout\u00e9 et structur\u00e9. Les bulles, parfaitement int\u00e9gr\u00e9es, soutiennent un profil fruit\u00e9 \u2014 pomme, p\u00eache blanche, agrumes \u2014 agr\u00e9ment\u00e9 de notes biscuit\u00e9es typiques d&#8217;un champagne \u00e9labor\u00e9 avec soin. La vivacit\u00e9 de la finale est \u00e9quilibr\u00e9e par une douceur naturelle qui le rend accessible aussi bien en ap\u00e9ritif qu&#8217;en accompagnement d&#8217;un dessert aux fruits blancs.<\/p>\n<p>Ce format 37,5cl est particuli\u00e8rement adapt\u00e9 : en cadeau d&#8217;entreprise gliss\u00e9 dans un coffret gourmand, en cadeau de naissance pour f\u00eater l&#8217;arriv\u00e9e d&#8217;un bb, en surprise d&#8217;anniversaire pour un ami, ou simplement pour s&#8217;offrir un moment de champagne un soir de semaine sans entamer une bouteille enti\u00e8re. Il accompagne admirablement les tartines de tarama \u00e0 la truffe, les noix et amandes truff\u00e9es, ou une petite tranche de foie gras.<\/p>\n<p>Format : 37,5cl. \u00c0 servir entre 7\u00b0C et 9\u00b0C. Conserver \u00e0 l&#8217;horizontale, entre +10\u00b0C et +12\u00b0C.<\/p>","protected":false},"excerpt":{"rendered":"<p>Delicious as an aperitif, Maison de la Truffe champagne is also the perfect accompaniment to your dessert tastings.<\/p>\n<p>The palate is particularly velvety, with perfectly integrated bubbles and a fruity, very persistent finish. The wine offers structure, combining liveliness and aromatic complexity with fruity flavours and beautiful, highly distinctive notes of undergrowth.<\/p>\n<p>Blend: 55% Pinot Meunier, 35% Chardonnay, 10% Pinot Noir<\/p>\n<p>Quantity: 37.5cl<\/p>\n<p>Alcohol abuse is dangerous for your health. Please drink responsibly.<\/p>","protected":false},"featured_media":21767,"comment_status":"open","ping_status":"closed","template":"","meta":[],"product_brand":[],"product_cat":[69,67],"product_tag":[],"class_list":{"0":"post-21766","1":"product","2":"type-product","3":"status-publish","4":"has-post-thumbnail","6":"product_cat-a-lapero","7":"product_cat-fetes","9":"first","10":"instock","11":"taxable","12":"shipping-taxable","13":"purchasable","14":"product-type-simple"},"_links":{"self":[{"href":"https:\/\/www.gourmandisedeluxe.com\/en\/wp-json\/wp\/v2\/product\/21766","targetHints":{"allow":["GET"]}}],"collection":[{"href":"https:\/\/www.gourmandisedeluxe.com\/en\/wp-json\/wp\/v2\/product"}],"about":[{"href":"https:\/\/www.gourmandisedeluxe.com\/en\/wp-json\/wp\/v2\/types\/product"}],"replies":[{"embeddable":true,"href":"https:\/\/www.gourmandisedeluxe.com\/en\/wp-json\/wp\/v2\/comments?post=21766"}],"version-history":[{"count":0,"href":"https:\/\/www.gourmandisedeluxe.com\/en\/wp-json\/wp\/v2\/product\/21766\/revisions"}],"wp:featuredmedia":[{"embeddable":true,"href":"https:\/\/www.gourmandisedeluxe.com\/en\/wp-json\/wp\/v2\/media\/21767"}],"wp:attachment":[{"href":"https:\/\/www.gourmandisedeluxe.com\/en\/wp-json\/wp\/v2\/media?parent=21766"}],"wp:term":[{"taxonomy":"product_brand","embeddable":true,"href":"https:\/\/www.gourmandisedeluxe.com\/en\/wp-json\/wp\/v2\/product_brand?post=21766"},{"taxonomy":"product_cat","embeddable":true,"href":"https:\/\/www.gourmandisedeluxe.com\/en\/wp-json\/wp\/v2\/product_cat?post=21766"},{"taxonomy":"product_tag","embeddable":true,"href":"https:\/\/www.gourmandisedeluxe.com\/en\/wp-json\/wp\/v2\/product_tag?post=21766"}],"curies":[{"name":"wp","href":"https:\/\/api.w.org\/{rel}","templated":true}]}}