{"id":21177,"date":"2024-11-21T19:12:27","date_gmt":"2024-11-21T18:12:27","guid":{"rendered":"https:\/\/www.gourmandisedeluxe.com\/?post_type=product&#038;p=21177"},"modified":"2026-04-22T15:14:28","modified_gmt":"2026-04-22T13:14:28","slug":"iconic-sky-blue-cashmere-jumper","status":"publish","type":"product","link":"https:\/\/www.gourmandisedeluxe.com\/en\/iconique-pull-cachemire-bleu-ciel\/","title":{"rendered":"ICONIQUE | Sky blue cashmere jumper"},"content":{"rendered":"<p>Le <strong>Pull en Cachemire Bleu Ciel ICONIQUE Kaspia<\/strong> est la pi\u00e8ce knitwear signature de la gamme lifestyle de la Maison. Tricot\u00e9 en cachemire pur de qualit\u00e9 sup\u00e9rieure, dans ce bleu ciel lumineux et in\u00e9puisable qui est l&#8217;une des couleurs les plus port\u00e9es des garde-robes parisien\u00f3nes, il conjugue la douceur absolue du cachemire avec la distinction qu&#8217;apporte le logo Kaspia brod\u00e9 sur la poitrine ou le col.<\/p>\n<p>Sa coupe est \u00e0 la fois relaxe et soign\u00e9e \u2014 ni trop ajust\u00e9e ni trop ample \u2014 pour s&#8217;adapter \u00e0 toutes les morphologies et tous les contextes : au bureau sur une chemise, le week-end sur un jean, ou le soir avec un pantalon habill\u00e9. Propos\u00e9 \u00e0 <strong>410\u20ac<\/strong>.<\/p>\n<p>Cadeau mode-lifestyle d&#8217;une belle g\u00e9n\u00e9rosit\u00e9, id\u00e9al pour un anniversaire ou les f\u00eates. Lavage \u00e0 la main \u00e0 l&#8217;eau froide, s\u00e9chage \u00e0 plat sur serviette.<\/p>","protected":false},"excerpt":{"rendered":"<p id=\"tw-target-text\" class=\"tw-data-text tw-text-large tw-ta\" dir=\"ltr\" data-placeholder=\"Traduction\" data-ved=\"2ahUKEwjM5uD7ge6JAxVoT6QEHRCyEwkQ3ewLegQICxAU\" aria-label=\"Translated text: Caviar Kaspia has created this blue round-neck jumper, which is made entirely from cashmere and offers a classic fit. Made in Italy Material: 100% cashmere Colour: Ice Blue Size and fit: True to size Fitted cut Medium weight material Falls to the hips Washing instructions: Dry clean only\"><span class=\"Y2IQFc\" lang=\"fr\">Caviar Kaspia has created this blue round-neck jumper, which is made entirely from cashmere and features a classic cut. Made in Italy. <\/span><\/p>\n<p class=\"tw-data-text tw-text-large tw-ta\" dir=\"ltr\" data-placeholder=\"Traduction\" data-ved=\"2ahUKEwjM5uD7ge6JAxVoT6QEHRCyEwkQ3ewLegQICxAU\" aria-label=\"Translated text: Caviar Kaspia has created this blue round-neck jumper, which is made entirely from cashmere and offers a classic fit. Made in Italy Material: 100% cashmere Colour: Ice Blue Size and fit: True to size Fitted cut Medium weight material Falls to the hips Washing instructions: Dry clean only\"><span class=\"Y2IQFc\" lang=\"fr\">Material: 100% cashmere <\/span><\/p>\n<p class=\"tw-data-text tw-text-large tw-ta\" dir=\"ltr\" data-placeholder=\"Traduction\" data-ved=\"2ahUKEwjM5uD7ge6JAxVoT6QEHRCyEwkQ3ewLegQICxAU\" aria-label=\"Translated text: Caviar Kaspia has created this blue round-neck jumper, which is made entirely from cashmere and offers a classic fit. Made in Italy Material: 100% cashmere Colour: Ice Blue Size and fit: True to size Fitted cut Medium weight material Falls to the hips Washing instructions: Dry clean only\"><span class=\"Y2IQFc\" lang=\"fr\">Colour: Ice Blue <\/span><\/p>\n<p class=\"tw-data-text tw-text-large tw-ta\" dir=\"ltr\" data-placeholder=\"Traduction\" data-ved=\"2ahUKEwjM5uD7ge6JAxVoT6QEHRCyEwkQ3ewLegQICxAU\" aria-label=\"Translated text: Caviar Kaspia has created this blue round-neck jumper, which is made entirely from cashmere and offers a classic fit. Made in Italy Material: 100% cashmere Colour: Ice Blue Size and fit: True to size Fitted cut Medium weight material Falls to the hips Washing instructions: Dry clean only\"><span class=\"Y2IQFc\" lang=\"fr\">Size and fit: Fitted cut <\/span><\/p>\n<p class=\"tw-data-text tw-text-large tw-ta\" dir=\"ltr\" data-placeholder=\"Traduction\" data-ved=\"2ahUKEwjM5uD7ge6JAxVoT6QEHRCyEwkQ3ewLegQICxAU\" aria-label=\"Translated text: Caviar Kaspia has created this blue round-neck jumper, which is made entirely from cashmere and offers a classic fit. Made in Italy Material: 100% cashmere Colour: Ice Blue Size and fit: True to size Fitted cut Medium weight material Falls to the hips Washing instructions: Dry clean only\"><span class=\"Y2IQFc\" lang=\"fr\">Washing instructions: dry clean only<\/span><\/p>","protected":false},"featured_media":24562,"comment_status":"open","ping_status":"closed","template":"","meta":[],"product_brand":[],"product_cat":[182],"product_tag":[],"class_list":{"0":"post-21177","1":"product","2":"type-product","3":"status-publish","4":"has-post-thumbnail","6":"product_cat-collections","8":"first","9":"outofstock","10":"taxable","11":"shipping-taxable","12":"purchasable","13":"product-type-variable"},"_links":{"self":[{"href":"https:\/\/www.gourmandisedeluxe.com\/en\/wp-json\/wp\/v2\/product\/21177","targetHints":{"allow":["GET"]}}],"collection":[{"href":"https:\/\/www.gourmandisedeluxe.com\/en\/wp-json\/wp\/v2\/product"}],"about":[{"href":"https:\/\/www.gourmandisedeluxe.com\/en\/wp-json\/wp\/v2\/types\/product"}],"replies":[{"embeddable":true,"href":"https:\/\/www.gourmandisedeluxe.com\/en\/wp-json\/wp\/v2\/comments?post=21177"}],"version-history":[{"count":0,"href":"https:\/\/www.gourmandisedeluxe.com\/en\/wp-json\/wp\/v2\/product\/21177\/revisions"}],"wp:featuredmedia":[{"embeddable":true,"href":"https:\/\/www.gourmandisedeluxe.com\/en\/wp-json\/wp\/v2\/media\/24562"}],"wp:attachment":[{"href":"https:\/\/www.gourmandisedeluxe.com\/en\/wp-json\/wp\/v2\/media?parent=21177"}],"wp:term":[{"taxonomy":"product_brand","embeddable":true,"href":"https:\/\/www.gourmandisedeluxe.com\/en\/wp-json\/wp\/v2\/product_brand?post=21177"},{"taxonomy":"product_cat","embeddable":true,"href":"https:\/\/www.gourmandisedeluxe.com\/en\/wp-json\/wp\/v2\/product_cat?post=21177"},{"taxonomy":"product_tag","embeddable":true,"href":"https:\/\/www.gourmandisedeluxe.com\/en\/wp-json\/wp\/v2\/product_tag?post=21177"}],"curies":[{"name":"wp","href":"https:\/\/api.w.org\/{rel}","templated":true}]}}