{"id":20725,"date":"2024-11-13T12:22:27","date_gmt":"2024-11-13T11:22:27","guid":{"rendered":"https:\/\/www.gourmandisedeluxe.com\/?post_type=product&#038;p=20725"},"modified":"2026-04-22T14:46:58","modified_gmt":"2026-04-22T12:46:58","slug":"white-truffle-flavours","status":"publish","type":"product","link":"https:\/\/www.gourmandisedeluxe.com\/en\/les-saveurs-truffe-blanche\/","title":{"rendered":"White truffle flavours"},"content":{"rendered":"<p>La truffe blanche d&#8217;Alba est la plus pr\u00e9cieuse, la plus rare, la plus ar\u00f4matique des truffes. Ce coffret <strong>Les Saveurs Truffe Blanche<\/strong> en capture les expressions les plus repr\u00e9sentatives dans une s\u00e9lection de produits soigneusement choisis par la Maison de la Truffe pour leur capacit\u00e9 \u00e0 transmettre les ar\u00f4mes uniques de la Tuber Magnatum : floraux, all\u00e9ac\u00e9s, intenses et persistants.<\/p>\n<p>Chaque produit du coffret a \u00e9t\u00e9 s\u00e9lectionn\u00e9 pour sa qualit\u00e9 et sa compl\u00e9mentarit\u00e9 avec les autres : ensemble, ils permettent d&#8217;explorer la truffe blanche sous diff\u00e9rents angles culinaires, de l&#8217;huile de finition au condiment de table. Un voyage aromatique unique propos\u00e9 \u00e0 <strong>47\u20ac<\/strong>, id\u00e9al pour les curieux de la gastronomie haut de gamme.<\/p>\n<p>Cadeau parfait pour un amateur de gastronomie italienne, un passionn\u00e9 de truffe blanche ou toute personne qui n&#8217;a jamais eu l&#8217;occasion d&#8217;explorer cet univers aromatique d&#8217;exception. Livr\u00e9 dans l&#8217;emballage cadeau de la Maison, pr\u00eat \u00e0 offrir pour un anniversaire, les f\u00eates ou tout moment qui m\u00e9rite l&#8217;extra\u00f6rdinaire.<\/p>","protected":false},"excerpt":{"rendered":"<p>A gift box to discover all the subtlety of Alba white truffles<\/p>\n<ul>\n<li>Cooking preparation made with extra virgin olive oil flavoured with white truffle 200mL<\/li>\n<li>Food preparation made with Gu\u00e9rande grey salt PGI and white truffles, 30g<\/li>\n<\/ul>\n<p><em>Storage: Store in a cool, dry place away from light.<\/em><\/p>","protected":false},"featured_media":20726,"comment_status":"open","ping_status":"closed","template":"","meta":[],"product_brand":[],"product_cat":[153,185],"product_tag":[],"class_list":{"0":"post-20725","1":"product","2":"type-product","3":"status-publish","4":"has-post-thumbnail","6":"product_cat-coffrets-cadeaux-mdt","7":"product_cat-noel-2025","9":"first","10":"instock","11":"taxable","12":"shipping-taxable","13":"purchasable","14":"product-type-simple"},"_links":{"self":[{"href":"https:\/\/www.gourmandisedeluxe.com\/en\/wp-json\/wp\/v2\/product\/20725","targetHints":{"allow":["GET"]}}],"collection":[{"href":"https:\/\/www.gourmandisedeluxe.com\/en\/wp-json\/wp\/v2\/product"}],"about":[{"href":"https:\/\/www.gourmandisedeluxe.com\/en\/wp-json\/wp\/v2\/types\/product"}],"replies":[{"embeddable":true,"href":"https:\/\/www.gourmandisedeluxe.com\/en\/wp-json\/wp\/v2\/comments?post=20725"}],"version-history":[{"count":0,"href":"https:\/\/www.gourmandisedeluxe.com\/en\/wp-json\/wp\/v2\/product\/20725\/revisions"}],"wp:featuredmedia":[{"embeddable":true,"href":"https:\/\/www.gourmandisedeluxe.com\/en\/wp-json\/wp\/v2\/media\/20726"}],"wp:attachment":[{"href":"https:\/\/www.gourmandisedeluxe.com\/en\/wp-json\/wp\/v2\/media?parent=20725"}],"wp:term":[{"taxonomy":"product_brand","embeddable":true,"href":"https:\/\/www.gourmandisedeluxe.com\/en\/wp-json\/wp\/v2\/product_brand?post=20725"},{"taxonomy":"product_cat","embeddable":true,"href":"https:\/\/www.gourmandisedeluxe.com\/en\/wp-json\/wp\/v2\/product_cat?post=20725"},{"taxonomy":"product_tag","embeddable":true,"href":"https:\/\/www.gourmandisedeluxe.com\/en\/wp-json\/wp\/v2\/product_tag?post=20725"}],"curies":[{"name":"wp","href":"https:\/\/api.w.org\/{rel}","templated":true}]}}