{"id":20636,"date":"2024-10-31T11:14:24","date_gmt":"2024-10-31T10:14:24","guid":{"rendered":"https:\/\/www.gourmandisedeluxe.com\/?post_type=product&#038;p=20636"},"modified":"2026-04-22T14:46:03","modified_gmt":"2026-04-22T12:46:03","slug":"maison-de-la-truffe-x-opinel-boxed-set","status":"publish","type":"product","link":"https:\/\/www.gourmandisedeluxe.com\/en\/coffret-maison-de-la-truffe-x-opinel\/","title":{"rendered":"Maison de la Truffe x Opinel boxed set"},"content":{"rendered":"<p>La Maison de la Truffe et <strong>Opinel<\/strong> \u2014 l&#8217;un des couteliers les plus ic\u00f4niques de France depuis 1890 \u2014 s&#8217;associent pour offrir un coffret d&#8217;exception qui r\u00e9unit deux savoir-faire artisanaux fran\u00e7ais dans un seul objet. Le <strong>Maison de la Truffe x Opinel boxed set<\/strong> est une \u00e9dition limit\u00e9e qui associe un couteau Opinel soigneusement choisi \u00e0 une s\u00e9lection de produits truff\u00e9s de la Maison.<\/p>\n<p>Le couteau Opinel \u2014 intemporel, \u00e9l\u00e9gant, pr\u00e9cis \u2014 est l&#8217;outil id\u00e9al pour trancher la truffe, \u00e9mincer finement une lamelle sur un plat, ou simplement profiter d&#8217;un pique-nique gastronomique avec style. Les produits de la Maison qui l&#8217;accompagnent ont \u00e9t\u00e9 s\u00e9lectionn\u00e9s pour leur compl\u00e9mentarit\u00e9 avec le couteau et leur capacit\u00e9 \u00e0 composer un moment gourmand complet. Propos\u00e9 \u00e0 <strong>55\u20ac<\/strong>.<\/p>\n<p>Un cadeau f\u00e9d\u00e9rateur qui s&#8217;adresse aussi bien aux passionn\u00e9s de truffe qu&#8217;aux amoureux du bel objet fran\u00e7ais. Id\u00e9al pour un anniversaire, une f\u00eate des p\u00e8res ou des m\u00e8res, un cadeau d&#8217;entreprise artisan ou une inauguration de belle cuisine. Une collaboration qui incarne parfaitement les valeurs partag\u00e9es des deux maisons : excellence, tradition et amour du terroir fran\u00e7ais.<\/p>","protected":false},"excerpt":{"rendered":"<p>La Maison de la Truffe and Opinel have created a festive gift set that brings together their respective worlds, combining a limited edition Opinel knife with a generous chocolate truffle to share. Inside an elegant box, you will find an Opinel No. 06, a beautiful object to treasure, along with a stunning 250g chocolate truffle to enjoy with gusto.<\/p>\n<p>Additional information for chocolate lovers and Opinel specialists:<\/p>\n<p>A generous 150g trompe l'oeil chocolate truffle, made with a grand cru Mexican chocolate coating and a filling of gianduja and praline with caramelised pistachio pieces. Created by our chocolatier, Pascal Brunstein, one of France's Meilleurs Ouvriers de France Chocolatier. A truly indulgent treat!<\/p>\n<p>A No. 06 knife, with its safety ring, black-stained hornbeam handle with the gold La Maison de la Truffe logo and handy leather cord. This is a No. 06 adventurer's knife for specialists. The knife comes in an elegant black suede case with the Opinel logo. Simply unique! Perfect for sharing our generous chocolate truffle and to be treasured for a thousand and one other uses.<\/p>\n<p>A gift set that honours two beautiful, historic French family businesses steeped in tradition, both of which share a commitment to perpetuating renowned French expertise.<\/p>\n<p><em>Truffles should be stored between 15 and 18\u00b0C.<\/em><\/p>\n<p><em>Use-by date: 3 months<br \/>\n<\/em><em>Allergens: Milk, Nuts, Soya<\/em><\/p>","protected":false},"featured_media":20650,"comment_status":"open","ping_status":"closed","template":"","meta":[],"product_brand":[],"product_cat":[153],"product_tag":[],"class_list":{"0":"post-20636","1":"product","2":"type-product","3":"status-publish","4":"has-post-thumbnail","6":"product_cat-coffrets-cadeaux-mdt","8":"first","9":"instock","10":"taxable","11":"shipping-taxable","12":"purchasable","13":"product-type-simple"},"_links":{"self":[{"href":"https:\/\/www.gourmandisedeluxe.com\/en\/wp-json\/wp\/v2\/product\/20636","targetHints":{"allow":["GET"]}}],"collection":[{"href":"https:\/\/www.gourmandisedeluxe.com\/en\/wp-json\/wp\/v2\/product"}],"about":[{"href":"https:\/\/www.gourmandisedeluxe.com\/en\/wp-json\/wp\/v2\/types\/product"}],"replies":[{"embeddable":true,"href":"https:\/\/www.gourmandisedeluxe.com\/en\/wp-json\/wp\/v2\/comments?post=20636"}],"version-history":[{"count":0,"href":"https:\/\/www.gourmandisedeluxe.com\/en\/wp-json\/wp\/v2\/product\/20636\/revisions"}],"wp:featuredmedia":[{"embeddable":true,"href":"https:\/\/www.gourmandisedeluxe.com\/en\/wp-json\/wp\/v2\/media\/20650"}],"wp:attachment":[{"href":"https:\/\/www.gourmandisedeluxe.com\/en\/wp-json\/wp\/v2\/media?parent=20636"}],"wp:term":[{"taxonomy":"product_brand","embeddable":true,"href":"https:\/\/www.gourmandisedeluxe.com\/en\/wp-json\/wp\/v2\/product_brand?post=20636"},{"taxonomy":"product_cat","embeddable":true,"href":"https:\/\/www.gourmandisedeluxe.com\/en\/wp-json\/wp\/v2\/product_cat?post=20636"},{"taxonomy":"product_tag","embeddable":true,"href":"https:\/\/www.gourmandisedeluxe.com\/en\/wp-json\/wp\/v2\/product_tag?post=20636"}],"curies":[{"name":"wp","href":"https:\/\/api.w.org\/{rel}","templated":true}]}}