{"id":20398,"date":"2024-10-14T17:42:47","date_gmt":"2024-10-14T15:42:47","guid":{"rendered":"https:\/\/www.gourmandisedeluxe.com\/?post_type=product&#038;p=20398"},"modified":"2026-04-22T15:15:59","modified_gmt":"2026-04-22T13:15:59","slug":"melgaard-zip-hoodie-pink","status":"publish","type":"product","link":"https:\/\/www.gourmandisedeluxe.com\/en\/melgaard-zip-hoodie-pink\/","title":{"rendered":"Melgaard Zip Hoodie Pink"},"content":{"rendered":"<p><strong>Bjarne Melgaard<\/strong> est un artiste contemporain norv\u00e9gien install\u00e9 \u00e0 New York, c\u00e9l\u00e8bre pour ses oeuvres provocatrices et sa collaboration avec les plus grandes marques de mode et de luxe. La collaboration Melgaard x Kaspia donne naissance \u00e0 une ligne de v\u00eatements et accessoires o\u00f9 l&#8217;iconographie de l&#8217;artiste dialogue avec les codes visuels de la Maison.<\/p>\n<p>Le <strong>Melgaard Zip Hoodie Pink<\/strong> est la version rose de la pi\u00e8ce phare \u2014 m\u00eame construction premium, m\u00eame imprim\u00e9 Melgaard x Kaspia, dans un rose affirm\u00e9 qui en fait la pi\u00e8ce la plus color\u00e9e et la plus audacieuse de la collection. Port\u00e9 ferm\u00e9, il est une d\u00e9claration. Port\u00e9 ouvert, il glisse sur n&#8217;importe quel fond de garde-robe avec une d\u00e9sinvolture compl\u00e8te. Propos\u00e9 \u00e0 <strong>350\u20ac<\/strong>.<\/p>\n<p>\u00c9dition limit\u00e9e. Pour les courageux du style qui portent la couleur sans h\u00e9sitation. Lavage \u00e0 30\u00b0 sur l&#8217;envers.<\/p>","protected":false},"excerpt":{"rendered":"<p>Casual cut<br \/>\nHood<br \/>\nFront zip fastening<br \/>\nEmbroidery<br \/>\nSloping shoulders<br \/>\nKangaroo pouch<\/p>\n<p>This unique piece is part of a capsule collection we created in collaboration with Norwegian artist Bjarne Melgaard and Holzweiler. The\u00a0<strong>Melgaard Zip Hoodie<\/strong>\u00a0features the character \u201cMr Caviar\u201d, a motif from the collection. It is designed for a relaxed fit, with dropped shoulders and a kangaroo pocket.<\/p>","protected":false},"featured_media":24552,"comment_status":"open","ping_status":"closed","template":"","meta":[],"product_brand":[],"product_cat":[182,185],"product_tag":[],"class_list":{"0":"post-20398","1":"product","2":"type-product","3":"status-publish","4":"has-post-thumbnail","6":"product_cat-collections","7":"product_cat-noel-2025","9":"first","10":"outofstock","11":"taxable","12":"shipping-taxable","13":"purchasable","14":"product-type-variable","15":"has-default-attributes"},"_links":{"self":[{"href":"https:\/\/www.gourmandisedeluxe.com\/en\/wp-json\/wp\/v2\/product\/20398","targetHints":{"allow":["GET"]}}],"collection":[{"href":"https:\/\/www.gourmandisedeluxe.com\/en\/wp-json\/wp\/v2\/product"}],"about":[{"href":"https:\/\/www.gourmandisedeluxe.com\/en\/wp-json\/wp\/v2\/types\/product"}],"replies":[{"embeddable":true,"href":"https:\/\/www.gourmandisedeluxe.com\/en\/wp-json\/wp\/v2\/comments?post=20398"}],"version-history":[{"count":0,"href":"https:\/\/www.gourmandisedeluxe.com\/en\/wp-json\/wp\/v2\/product\/20398\/revisions"}],"wp:featuredmedia":[{"embeddable":true,"href":"https:\/\/www.gourmandisedeluxe.com\/en\/wp-json\/wp\/v2\/media\/24552"}],"wp:attachment":[{"href":"https:\/\/www.gourmandisedeluxe.com\/en\/wp-json\/wp\/v2\/media?parent=20398"}],"wp:term":[{"taxonomy":"product_brand","embeddable":true,"href":"https:\/\/www.gourmandisedeluxe.com\/en\/wp-json\/wp\/v2\/product_brand?post=20398"},{"taxonomy":"product_cat","embeddable":true,"href":"https:\/\/www.gourmandisedeluxe.com\/en\/wp-json\/wp\/v2\/product_cat?post=20398"},{"taxonomy":"product_tag","embeddable":true,"href":"https:\/\/www.gourmandisedeluxe.com\/en\/wp-json\/wp\/v2\/product_tag?post=20398"}],"curies":[{"name":"wp","href":"https:\/\/api.w.org\/{rel}","templated":true}]}}