{"id":20393,"date":"2024-10-14T17:40:00","date_gmt":"2024-10-14T15:40:00","guid":{"rendered":"https:\/\/www.gourmandisedeluxe.com\/?post_type=product&#038;p=20393"},"modified":"2026-04-22T15:15:59","modified_gmt":"2026-04-22T13:15:59","slug":"melgaard-zip-hoodie-grey-mix","status":"publish","type":"product","link":"https:\/\/www.gourmandisedeluxe.com\/en\/melgaard-zip-hoodie-grey-mix\/","title":{"rendered":"Melgaard Zip Hoodie Grey Mix"},"content":{"rendered":"<p><strong>Bjarne Melgaard<\/strong> est un artiste contemporain norv\u00e9gien install\u00e9 \u00e0 New York, c\u00e9l\u00e8bre pour ses oeuvres provocatrices et sa collaboration avec les plus grandes marques de mode et de luxe. La collaboration Melgaard x Kaspia donne naissance \u00e0 une ligne de v\u00eatements et accessoires o\u00f9 l&#8217;iconographie de l&#8217;artiste dialogue avec les codes visuels de la Maison.<\/p>\n<p>Le <strong>Melgaard Zip Hoodie Grey Mix<\/strong> est la version sweatshirt \u00e0 capuche zippe\u0301e de la collection \u2014 une pi\u00e8ce polyvalente en coton lourd premium dans un m\u00e9lange de gris dont les tons se marient naturellement avec l&#8217;imprim\u00e9 Melgaard x Kaspia appliqu\u00e9 sur le dos et la poitrine. La fermeture \u00e9clair permet une modularit\u00e9 suppl\u00e9mentaire : ouvert sur une chemise, ferm\u00e9 seul, ou attach\u00e9 autour des hanches. Propos\u00e9 \u00e0 <strong>350\u20ac<\/strong>.<\/p>\n<p>\u00c9dition limit\u00e9e. Pour les amateurs de streetwear artistique et premium. Lavage \u00e0 30\u00b0.<\/p>","protected":false},"excerpt":{"rendered":"<p>Casual cut<br \/>\nHood<br \/>\nFront zip fastening<br \/>\nEmbroidery<br \/>\nSloping shoulders<br \/>\nKangaroo pouch<\/p>\n<p>This unique piece is part of a capsule collection we created in collaboration with Norwegian artist Bjarne Melgaard, which was unveiled at Caviar Kaspia in Paris. The\u00a0<strong>Melgaard Zip Hoodie<\/strong>\u00a0features the character \u201cMr Caviar\u201d, a motif from the collection. It is designed with a relaxed fit, dropped shoulders and a kangaroo pocket.<\/p>","protected":false},"featured_media":24573,"comment_status":"open","ping_status":"closed","template":"","meta":[],"product_brand":[],"product_cat":[182],"product_tag":[],"class_list":{"0":"post-20393","1":"product","2":"type-product","3":"status-publish","4":"has-post-thumbnail","6":"product_cat-collections","8":"first","9":"outofstock","10":"taxable","11":"shipping-taxable","12":"purchasable","13":"product-type-variable"},"_links":{"self":[{"href":"https:\/\/www.gourmandisedeluxe.com\/en\/wp-json\/wp\/v2\/product\/20393","targetHints":{"allow":["GET"]}}],"collection":[{"href":"https:\/\/www.gourmandisedeluxe.com\/en\/wp-json\/wp\/v2\/product"}],"about":[{"href":"https:\/\/www.gourmandisedeluxe.com\/en\/wp-json\/wp\/v2\/types\/product"}],"replies":[{"embeddable":true,"href":"https:\/\/www.gourmandisedeluxe.com\/en\/wp-json\/wp\/v2\/comments?post=20393"}],"version-history":[{"count":0,"href":"https:\/\/www.gourmandisedeluxe.com\/en\/wp-json\/wp\/v2\/product\/20393\/revisions"}],"wp:featuredmedia":[{"embeddable":true,"href":"https:\/\/www.gourmandisedeluxe.com\/en\/wp-json\/wp\/v2\/media\/24573"}],"wp:attachment":[{"href":"https:\/\/www.gourmandisedeluxe.com\/en\/wp-json\/wp\/v2\/media?parent=20393"}],"wp:term":[{"taxonomy":"product_brand","embeddable":true,"href":"https:\/\/www.gourmandisedeluxe.com\/en\/wp-json\/wp\/v2\/product_brand?post=20393"},{"taxonomy":"product_cat","embeddable":true,"href":"https:\/\/www.gourmandisedeluxe.com\/en\/wp-json\/wp\/v2\/product_cat?post=20393"},{"taxonomy":"product_tag","embeddable":true,"href":"https:\/\/www.gourmandisedeluxe.com\/en\/wp-json\/wp\/v2\/product_tag?post=20393"}],"curies":[{"name":"wp","href":"https:\/\/api.w.org\/{rel}","templated":true}]}}