{"id":20386,"date":"2024-10-14T17:35:17","date_gmt":"2024-10-14T15:35:17","guid":{"rendered":"https:\/\/www.gourmandisedeluxe.com\/?post_type=product&#038;p=20386"},"modified":"2026-04-22T15:15:59","modified_gmt":"2026-04-22T13:15:59","slug":"melgaard-fine-scarf-xl-off-white","status":"publish","type":"product","link":"https:\/\/www.gourmandisedeluxe.com\/en\/melgaard-fine-scarf-xl-off-white\/","title":{"rendered":"Melgaard Fine Scarf XL Off White"},"content":{"rendered":"<p><strong>Bjarne Melgaard<\/strong> est un artiste contemporain norv\u00e9gien install\u00e9 \u00e0 New York, c\u00e9l\u00e8bre pour ses oeuvres provocatrices et sa collaboration avec les plus grandes marques de mode et de luxe. La collaboration Melgaard x Kaspia donne naissance \u00e0 une ligne de v\u00eatements et accessoires o\u00f9 l&#8217;iconographie de l&#8217;artiste dialogue avec les codes visuels de la Maison.<\/p>\n<p>L&#8217;<strong>\u00c9charpe XL Melgaard Off White<\/strong> est la grande version blanc cass\u00e9 de la collection \u2014 les m\u00eames dimensions g\u00e9n\u00e9reuses pour un drapage ample, le m\u00eame imprim\u00e9 Melgaard x Kaspia dont les motifs graphiques se d\u00e9ploient avec encore plus d&#8217;espace et d&#8217;impact dans ce grand format. Propos\u00e9e \u00e0 <strong>290\u20ac<\/strong>.<\/p>\n<p>\u00c9dition limit\u00e9e. Un accessoire \u00e0 la fois artistique et fonctionnel, pour les garde-robes exigeantes.<\/p>","protected":false},"excerpt":{"rendered":"<p>Size: 140\u00c3\u0192\u00e2\u20ac\u201d140 cm<br \/>\nFringed edges<br \/>\nDigital printing<\/p>\n<p>This unique piece is part of a capsule collection we created in collaboration with Norwegian artist Bjarne Melgaard and Holzweiler. The\u00a0<strong>Melgaard Fine Scarf XL<\/strong>\u00a0is made of silk with fringed edges and is digitally printed with artwork created by Melgaard for this collaboration.<\/p>","protected":false},"featured_media":24626,"comment_status":"open","ping_status":"closed","template":"","meta":[],"product_brand":[],"product_cat":[182,185],"product_tag":[],"class_list":{"0":"post-20386","1":"product","2":"type-product","3":"status-publish","4":"has-post-thumbnail","6":"product_cat-collections","7":"product_cat-noel-2025","9":"first","10":"instock","11":"taxable","12":"shipping-taxable","13":"purchasable","14":"product-type-simple"},"_links":{"self":[{"href":"https:\/\/www.gourmandisedeluxe.com\/en\/wp-json\/wp\/v2\/product\/20386","targetHints":{"allow":["GET"]}}],"collection":[{"href":"https:\/\/www.gourmandisedeluxe.com\/en\/wp-json\/wp\/v2\/product"}],"about":[{"href":"https:\/\/www.gourmandisedeluxe.com\/en\/wp-json\/wp\/v2\/types\/product"}],"replies":[{"embeddable":true,"href":"https:\/\/www.gourmandisedeluxe.com\/en\/wp-json\/wp\/v2\/comments?post=20386"}],"version-history":[{"count":0,"href":"https:\/\/www.gourmandisedeluxe.com\/en\/wp-json\/wp\/v2\/product\/20386\/revisions"}],"wp:featuredmedia":[{"embeddable":true,"href":"https:\/\/www.gourmandisedeluxe.com\/en\/wp-json\/wp\/v2\/media\/24626"}],"wp:attachment":[{"href":"https:\/\/www.gourmandisedeluxe.com\/en\/wp-json\/wp\/v2\/media?parent=20386"}],"wp:term":[{"taxonomy":"product_brand","embeddable":true,"href":"https:\/\/www.gourmandisedeluxe.com\/en\/wp-json\/wp\/v2\/product_brand?post=20386"},{"taxonomy":"product_cat","embeddable":true,"href":"https:\/\/www.gourmandisedeluxe.com\/en\/wp-json\/wp\/v2\/product_cat?post=20386"},{"taxonomy":"product_tag","embeddable":true,"href":"https:\/\/www.gourmandisedeluxe.com\/en\/wp-json\/wp\/v2\/product_tag?post=20386"}],"curies":[{"name":"wp","href":"https:\/\/api.w.org\/{rel}","templated":true}]}}