{"id":20377,"date":"2024-10-14T17:31:09","date_gmt":"2024-10-14T15:31:09","guid":{"rendered":"https:\/\/www.gourmandisedeluxe.com\/?post_type=product&#038;p=20377"},"modified":"2026-04-22T15:15:59","modified_gmt":"2026-04-22T13:15:59","slug":"melgaard-fine-scarf-off-white","status":"publish","type":"product","link":"https:\/\/www.gourmandisedeluxe.com\/en\/melgaard-fine-scarf-off-white\/","title":{"rendered":"Melgaard Fine Scarf Off White"},"content":{"rendered":"<p><strong>Bjarne Melgaard<\/strong> est un artiste contemporain norv\u00e9gien install\u00e9 \u00e0 New York, c\u00e9l\u00e8bre pour ses oeuvres provocatrices et sa collaboration avec les plus grandes marques de mode et de luxe. La collaboration Melgaard x Kaspia donne naissance \u00e0 une ligne de v\u00eatements et accessoires o\u00f9 l&#8217;iconographie de l&#8217;artiste dialogue avec les codes visuels de la Maison.<\/p>\n<p>L&#8217;<strong>\u00c9charpe Fine Melgaard Off White<\/strong> est la version la plus \u00e9pur\u00e9e de la collection d&#8217;\u00e9charpes : le blanc cass\u00e9 du fond fait ressortir les motifs Melgaard avec une sophistication particuli\u00e8re, cr\u00e9ant un accessoire \u00e0 la fois graphique et intemporel. M\u00eame qualit\u00e9 de mati\u00e8re fine et l\u00e9g\u00e8re, m\u00eame polyvalence d&#8217;usage. Propos\u00e9e \u00e0 <strong>250\u20ac<\/strong>.<\/p>\n<p>\u00c9dition limit\u00e9e. Un accessoire d&#8217;artiste pour les garde-robes qui privil\u00e9gient les pi\u00e8ces sign\u00e9es et racont\u00e9es.<\/p>","protected":false},"excerpt":{"rendered":"<p>Size: 80\u00c3\u0192\u00e2\u20ac\u201d80 cm<br \/>\nFringed edges<br \/>\nDigital printing<\/p>\n<p>This unique piece is part of a capsule collection we created in collaboration with Norwegian artist Bjarne Melgaard and Holzweiler. The\u00a0<strong>Melgaard Fine Scarf<\/strong>\u00a0is made of silk with fringed edges and is digitally printed with artwork created by Melgaard for this collaboration.<\/p>","protected":false},"featured_media":24621,"comment_status":"open","ping_status":"closed","template":"","meta":[],"product_brand":[],"product_cat":[182,185],"product_tag":[],"class_list":{"0":"post-20377","1":"product","2":"type-product","3":"status-publish","4":"has-post-thumbnail","6":"product_cat-collections","7":"product_cat-noel-2025","9":"first","10":"instock","11":"taxable","12":"shipping-taxable","13":"purchasable","14":"product-type-simple"},"_links":{"self":[{"href":"https:\/\/www.gourmandisedeluxe.com\/en\/wp-json\/wp\/v2\/product\/20377","targetHints":{"allow":["GET"]}}],"collection":[{"href":"https:\/\/www.gourmandisedeluxe.com\/en\/wp-json\/wp\/v2\/product"}],"about":[{"href":"https:\/\/www.gourmandisedeluxe.com\/en\/wp-json\/wp\/v2\/types\/product"}],"replies":[{"embeddable":true,"href":"https:\/\/www.gourmandisedeluxe.com\/en\/wp-json\/wp\/v2\/comments?post=20377"}],"version-history":[{"count":0,"href":"https:\/\/www.gourmandisedeluxe.com\/en\/wp-json\/wp\/v2\/product\/20377\/revisions"}],"wp:featuredmedia":[{"embeddable":true,"href":"https:\/\/www.gourmandisedeluxe.com\/en\/wp-json\/wp\/v2\/media\/24621"}],"wp:attachment":[{"href":"https:\/\/www.gourmandisedeluxe.com\/en\/wp-json\/wp\/v2\/media?parent=20377"}],"wp:term":[{"taxonomy":"product_brand","embeddable":true,"href":"https:\/\/www.gourmandisedeluxe.com\/en\/wp-json\/wp\/v2\/product_brand?post=20377"},{"taxonomy":"product_cat","embeddable":true,"href":"https:\/\/www.gourmandisedeluxe.com\/en\/wp-json\/wp\/v2\/product_cat?post=20377"},{"taxonomy":"product_tag","embeddable":true,"href":"https:\/\/www.gourmandisedeluxe.com\/en\/wp-json\/wp\/v2\/product_tag?post=20377"}],"curies":[{"name":"wp","href":"https:\/\/api.w.org\/{rel}","templated":true}]}}