{"id":20374,"date":"2024-10-14T17:29:07","date_gmt":"2024-10-14T15:29:07","guid":{"rendered":"https:\/\/www.gourmandisedeluxe.com\/?post_type=product&#038;p=20374"},"modified":"2026-04-22T15:15:59","modified_gmt":"2026-04-22T13:15:59","slug":"melgaard-fine-scarf-lt-pink","status":"publish","type":"product","link":"https:\/\/www.gourmandisedeluxe.com\/en\/melgaard-fine-scarf-lt-pink\/","title":{"rendered":"Melgaard Fine Scarf Lt. Pink"},"content":{"rendered":"<p><strong>Bjarne Melgaard<\/strong> est un artiste contemporain norv\u00e9gien install\u00e9 \u00e0 New York, c\u00e9l\u00e8bre pour ses oeuvres provocatrices et sa collaboration avec les plus grandes marques de mode et de luxe. La collaboration Melgaard x Kaspia donne naissance \u00e0 une ligne de v\u00eatements et accessoires o\u00f9 l&#8217;iconographie de l&#8217;artiste dialogue avec les codes visuels de la Maison.<\/p>\n<p>L&#8217;<strong>\u00c9charpe Fine Melgaard Lt. Pink<\/strong> est la pi\u00e8ce accessoire la plus \u00e9l\u00e9gante de la collaboration : en mati\u00e8re fine \u2014 soie, modal ou m\u00e9lange l\u00e9ger selon la saison \u2014 elle est imprim\u00e9e du motif Melgaard x Kaspia dans une teinte rose clair lumineuse. Sa l\u00e9g\u00e8ret\u00e9 la rend utilisable autant en \u00e9charpe que comme foulard de t\u00eate, lien de sac ou accessoire de poignet. Propos\u00e9e \u00e0 <strong>250\u20ac<\/strong>.<\/p>\n<p>\u00c9dition limit\u00e9e, id\u00e9ale en cadeau pour une amatrice de mode et d&#8217;art contemporain.<\/p>","protected":false},"excerpt":{"rendered":"<p>Size: 80\u00c3\u0192\u00e2\u20ac\u201d80 cm<br \/>\nFringed edges<br \/>\nDigital printing<\/p>\n<p>This unique piece is part of a capsule collection we created in collaboration with Norwegian artist Bjarne Melgaard and Holzweiler. The\u00a0<strong>Melgaard Fine Scarf<\/strong>\u00a0is made of silk with fringed edges and is digitally printed with artwork created by Melgaard for this collaboration.<\/p>","protected":false},"featured_media":24633,"comment_status":"open","ping_status":"closed","template":"","meta":[],"product_brand":[],"product_cat":[182,185],"product_tag":[],"class_list":{"0":"post-20374","1":"product","2":"type-product","3":"status-publish","4":"has-post-thumbnail","6":"product_cat-collections","7":"product_cat-noel-2025","9":"first","10":"instock","11":"taxable","12":"shipping-taxable","13":"purchasable","14":"product-type-simple"},"_links":{"self":[{"href":"https:\/\/www.gourmandisedeluxe.com\/en\/wp-json\/wp\/v2\/product\/20374","targetHints":{"allow":["GET"]}}],"collection":[{"href":"https:\/\/www.gourmandisedeluxe.com\/en\/wp-json\/wp\/v2\/product"}],"about":[{"href":"https:\/\/www.gourmandisedeluxe.com\/en\/wp-json\/wp\/v2\/types\/product"}],"replies":[{"embeddable":true,"href":"https:\/\/www.gourmandisedeluxe.com\/en\/wp-json\/wp\/v2\/comments?post=20374"}],"version-history":[{"count":0,"href":"https:\/\/www.gourmandisedeluxe.com\/en\/wp-json\/wp\/v2\/product\/20374\/revisions"}],"wp:featuredmedia":[{"embeddable":true,"href":"https:\/\/www.gourmandisedeluxe.com\/en\/wp-json\/wp\/v2\/media\/24633"}],"wp:attachment":[{"href":"https:\/\/www.gourmandisedeluxe.com\/en\/wp-json\/wp\/v2\/media?parent=20374"}],"wp:term":[{"taxonomy":"product_brand","embeddable":true,"href":"https:\/\/www.gourmandisedeluxe.com\/en\/wp-json\/wp\/v2\/product_brand?post=20374"},{"taxonomy":"product_cat","embeddable":true,"href":"https:\/\/www.gourmandisedeluxe.com\/en\/wp-json\/wp\/v2\/product_cat?post=20374"},{"taxonomy":"product_tag","embeddable":true,"href":"https:\/\/www.gourmandisedeluxe.com\/en\/wp-json\/wp\/v2\/product_tag?post=20374"}],"curies":[{"name":"wp","href":"https:\/\/api.w.org\/{rel}","templated":true}]}}