{"id":20320,"date":"2024-10-01T19:54:43","date_gmt":"2024-10-01T17:54:43","guid":{"rendered":"https:\/\/www.gourmandisedeluxe.com\/?post_type=product&#038;p=20320"},"modified":"2026-04-22T15:21:53","modified_gmt":"2026-04-22T13:21:53","slug":"2-free-sweets","status":"publish","type":"product","link":"https:\/\/www.gourmandisedeluxe.com\/en\/2-bonbons-offerts\/","title":{"rendered":"2 free sweets"},"content":{"rendered":"<p>The <strong>2 Bonbons Offerts<\/strong> sont le petit geste de bienvenue de la Maison de la Truffe \u2014 deux bonbons de chocolat \u00e0 la truffe offerts avec votre commande, symboles de la g\u00e9n\u00e9rosit\u00e9 et de l&#8217;attention que la Maison porte \u00e0 chacun de ses clients. Un d\u00e9tail gourmand qui dit beaucoup de l&#8217;esprit de la Maison : chez MDT, m\u00eame les \u00e0-c\u00f4t\u00e9s sont truff\u00e9s.<\/p>\n<p>Ces bonbons sont s\u00e9lectionn\u00e9s parmi les productions de la gamme douceurs sucr\u00e9es de la Maison et varient selon les saisons et les approvisionnements. Un remerciement en chocolat, le plus d\u00e9licieux qui soit.<\/p>","protected":false},"excerpt":{"rendered":"<p>Les 2 Bonbons Offerts sont le petit geste de bienvenue de la Maison de la Truffe \u2014 deux bonbons de<\/p>","protected":false},"featured_media":0,"comment_status":"open","ping_status":"closed","template":"","meta":[],"product_brand":[],"product_cat":[15],"product_tag":[],"class_list":{"0":"post-20320","1":"product","2":"type-product","3":"status-publish","5":"product_cat-emballage-cadeaux","7":"first","8":"instock","9":"purchasable","10":"product-type-simple"},"_links":{"self":[{"href":"https:\/\/www.gourmandisedeluxe.com\/en\/wp-json\/wp\/v2\/product\/20320","targetHints":{"allow":["GET"]}}],"collection":[{"href":"https:\/\/www.gourmandisedeluxe.com\/en\/wp-json\/wp\/v2\/product"}],"about":[{"href":"https:\/\/www.gourmandisedeluxe.com\/en\/wp-json\/wp\/v2\/types\/product"}],"replies":[{"embeddable":true,"href":"https:\/\/www.gourmandisedeluxe.com\/en\/wp-json\/wp\/v2\/comments?post=20320"}],"version-history":[{"count":0,"href":"https:\/\/www.gourmandisedeluxe.com\/en\/wp-json\/wp\/v2\/product\/20320\/revisions"}],"wp:attachment":[{"href":"https:\/\/www.gourmandisedeluxe.com\/en\/wp-json\/wp\/v2\/media?parent=20320"}],"wp:term":[{"taxonomy":"product_brand","embeddable":true,"href":"https:\/\/www.gourmandisedeluxe.com\/en\/wp-json\/wp\/v2\/product_brand?post=20320"},{"taxonomy":"product_cat","embeddable":true,"href":"https:\/\/www.gourmandisedeluxe.com\/en\/wp-json\/wp\/v2\/product_cat?post=20320"},{"taxonomy":"product_tag","embeddable":true,"href":"https:\/\/www.gourmandisedeluxe.com\/en\/wp-json\/wp\/v2\/product_tag?post=20320"}],"curies":[{"name":"wp","href":"https:\/\/api.w.org\/{rel}","templated":true}]}}