{"id":20314,"date":"2024-09-30T18:25:14","date_gmt":"2024-09-30T16:25:14","guid":{"rendered":"https:\/\/www.gourmandisedeluxe.com\/?post_type=product&#038;p=20314"},"modified":"2026-04-22T13:37:29","modified_gmt":"2026-04-22T11:37:29","slug":"champagne-brut-prestige-maison-de-la-truffe","status":"publish","type":"product","link":"https:\/\/www.gourmandisedeluxe.com\/en\/champagne-brut-prestige-maison-de-la-truffe\/","title":{"rendered":"Champagne Brut Prestige Maison de la Truffe"},"content":{"rendered":"<p>Le Champagne Brut Prestige Maison de la Truffe est un assemblage \u00e9labor\u00e9 sp\u00e9cialement pour accompagner les d\u00e9gustations gastronomiques de la maison \u2014 qu&#8217;il s&#8217;agisse des caviars Kaspia, des truffes fra\u00eeches ou de l&#8217;ensemble de l&#8217;offre \u00e9picerie fine. C&#8217;est un champagne con\u00e7u pour la table, pour les grands moments et pour les palais exigeants.<\/p>\n<p>Particulirement velout\u00e9e en bouche, sa mousse est fine et persistante, parfaitement int\u00e9gr\u00e9e. Son profil aromatique d\u00e9ploie des notes fruit\u00e9es \u2014 pomme golden, poire, p\u00eache blanche \u2014 relev\u00e9es de belles notes de souche, de brioche ti\u00e8de et de miel d&#8217;acacia. La structure est vive mais \u00e9quilibre, la longueur en bouche remarquable pour un brut non mill\u00e9sim\u00e9. C&#8217;est un champagne qui se comporte avec la d\u00e9sinvolture \u00e9l\u00e9gante des grandes maisons de Reims.<\/p>\n<p>En ap\u00e9ritif, il est id\u00e9al accompagn\u00e9 de blinis au caviar, de tarama \u00e0 la truffe ou de chips \u00e0 la truffe d&#8217;\u00e9t\u00e9. \u00c0 table, il s&#8217;accommode merveille des fruits de mer, du saumon grav lax, de la langouste r\u00f4tie au beurre ou d&#8217;un souffl\u00e9 au fromage. Servi bien frais, entre 7\u00b0C et 9\u00b0C, dans des flutes \u00e9tir\u00e9es pour pr\u00e9server l&#8217;effervescence et concentrer les ar\u00f4mes.<\/p>\n<p>Format : 75cl. \u00c0 conserver \u00e0 l&#8217;horizontale, entre +10\u00b0C et +12\u00b0C, \u00e0 l&#8217;abri de la lumi\u00e8re.<\/p>","protected":false},"excerpt":{"rendered":"<p>Delicious as an aperitif, Maison de la Truffe champagne is also the perfect accompaniment to your dessert tastings.<\/p>\n<p>The palate is particularly velvety, with perfectly integrated bubbles and a fruity, very persistent finish. The wine offers structure, combining liveliness and aromatic complexity with fruity flavours and beautiful, highly distinctive notes of undergrowth.<\/p>\n<p>Blend: 55% Pinot Meunier, 35% Chardonnay, 10% Pinot Noir<\/p>\n<p>Quantity: 75cl<\/p>\n<p>Alcohol abuse is dangerous for your health. Please drink responsibly.<\/p>","protected":false},"featured_media":20685,"comment_status":"open","ping_status":"closed","template":"","meta":[],"product_brand":[],"product_cat":[69,110],"product_tag":[],"class_list":{"0":"post-20314","1":"product","2":"type-product","3":"status-publish","4":"has-post-thumbnail","6":"product_cat-a-lapero","7":"product_cat-nos-idees-cadeaux","9":"first","10":"instock","11":"featured","12":"taxable","13":"shipping-taxable","14":"purchasable","15":"product-type-simple"},"_links":{"self":[{"href":"https:\/\/www.gourmandisedeluxe.com\/en\/wp-json\/wp\/v2\/product\/20314","targetHints":{"allow":["GET"]}}],"collection":[{"href":"https:\/\/www.gourmandisedeluxe.com\/en\/wp-json\/wp\/v2\/product"}],"about":[{"href":"https:\/\/www.gourmandisedeluxe.com\/en\/wp-json\/wp\/v2\/types\/product"}],"replies":[{"embeddable":true,"href":"https:\/\/www.gourmandisedeluxe.com\/en\/wp-json\/wp\/v2\/comments?post=20314"}],"version-history":[{"count":0,"href":"https:\/\/www.gourmandisedeluxe.com\/en\/wp-json\/wp\/v2\/product\/20314\/revisions"}],"wp:featuredmedia":[{"embeddable":true,"href":"https:\/\/www.gourmandisedeluxe.com\/en\/wp-json\/wp\/v2\/media\/20685"}],"wp:attachment":[{"href":"https:\/\/www.gourmandisedeluxe.com\/en\/wp-json\/wp\/v2\/media?parent=20314"}],"wp:term":[{"taxonomy":"product_brand","embeddable":true,"href":"https:\/\/www.gourmandisedeluxe.com\/en\/wp-json\/wp\/v2\/product_brand?post=20314"},{"taxonomy":"product_cat","embeddable":true,"href":"https:\/\/www.gourmandisedeluxe.com\/en\/wp-json\/wp\/v2\/product_cat?post=20314"},{"taxonomy":"product_tag","embeddable":true,"href":"https:\/\/www.gourmandisedeluxe.com\/en\/wp-json\/wp\/v2\/product_tag?post=20314"}],"curies":[{"name":"wp","href":"https:\/\/api.w.org\/{rel}","templated":true}]}}