{"id":20267,"date":"2024-09-16T15:28:13","date_gmt":"2024-09-16T13:28:13","guid":{"rendered":"https:\/\/www.gourmandisedeluxe.com\/?post_type=product&#038;p=20267"},"modified":"2026-04-22T15:12:13","modified_gmt":"2026-04-22T13:12:13","slug":"begum-x-kaspia-vodka-stopper","status":"publish","type":"product","link":"https:\/\/www.gourmandisedeluxe.com\/en\/bouchon-a-vodka-begum-x-kaspia\/","title":{"rendered":"Beg\u00fcm x Kaspia vodka stopper"},"content":{"rendered":"<p>La collaboration entre <strong>Caviar Kaspia<\/strong> and <strong>B\u00e9g\u00fcm Khan<\/strong> \u2014 cr\u00e9atrice de bijoux parisienne c\u00e9l\u00e8bre pour ses pi\u00e8ces maximalstes fa\u00e7onn\u00e9es \u00e0 la main en argent dor\u00e9 et pierres semi-pr\u00e9cieuses \u2014 est une rencontre entre deux esthh\u00e9tiques qui se reconnaissent : le luxe affirm\u00e9, l&#8217;exuburance color\u00e9e, l&#8217;artisanat comme valeur fondamentale. La collection qui en r\u00e9sulte est une s\u00e9rie de bijoux exclusifs inpisr\u00e9s de l&#8217;univers iconique de Kaspia.<\/p>\n<p>Le <strong>Bouchon \u00e0 Vodka B\u00e9g\u00fcm x Kaspia<\/strong> est la pi\u00e8ce la plus inattendue \u2014 et peut-\u00eatre la plus g\u00e9niale \u2014 de la collection : un bouchon de bouteille de vodka \u00e9labor\u00e9 comme une pi\u00e8ce de joaillerie \u00e0 part enti\u00e8re. Fa\u00e7onn\u00e9 \u00e0 la main par B\u00e9g\u00fcm Khan selon les m\u00eames techniques et le m\u00eame niveau d&#8217;exigence que ses bijoux, il transforme la bouteille de vodka en objet d&#8217;art et de table tout en restant parfaitement fonctionnel. Propos\u00e9 \u00e0 <strong>1 060\u20ac<\/strong>.<\/p>\n<p>Un objet collector \u00e0 la fronti\u00e8re du bijou et de l&#8217;art de la table, id\u00e9al pour les amateurs de pi\u00e8ces uniques qui ne ressemblent \u00e0 rien d&#8217;autre. \u00c9dition limit\u00e9e, livr\u00e9 dans son \u00e9crin de la Maison.<\/p>","protected":false},"excerpt":{"rendered":"<p><span class=\"Y2IQFc\" lang=\"fr\">Handcrafted in Istanbul by local artisans with love, imagination, and boundless dreams. <\/span><\/p>\n<p><span class=\"Y2IQFc\" lang=\"fr\">Jewellery tarnishes when exposed to direct sunlight, humidity and extreme temperatures. <\/span><\/p>\n<p><span class=\"Y2IQFc\" lang=\"fr\">We recommend that you keep your jewellery away from direct contact with water, soap, perfume or cosmetics. <\/span><\/p>\n<p><span class=\"Y2IQFc\" lang=\"fr\">If your jewellery comes into contact with water or chemicals, use a soft, dry cloth or towel to gently dry it. <\/span><\/p>\n<p><span class=\"Y2IQFc\" lang=\"fr\">Remove all jewellery before and after applying make-up, beauty products and perfume. <\/span><\/p>\n<p><span class=\"Y2IQFc\" lang=\"fr\">Always put on your jewellery last when getting dressed so that your clothes do not snag on it.<\/span><\/p>","protected":false},"featured_media":24647,"comment_status":"open","ping_status":"closed","template":"","meta":[],"product_brand":[],"product_cat":[182],"product_tag":[],"class_list":{"0":"post-20267","1":"product","2":"type-product","3":"status-publish","4":"has-post-thumbnail","6":"product_cat-collections","8":"first","9":"instock","10":"taxable","11":"shipping-taxable","12":"purchasable","13":"product-type-simple"},"_links":{"self":[{"href":"https:\/\/www.gourmandisedeluxe.com\/en\/wp-json\/wp\/v2\/product\/20267","targetHints":{"allow":["GET"]}}],"collection":[{"href":"https:\/\/www.gourmandisedeluxe.com\/en\/wp-json\/wp\/v2\/product"}],"about":[{"href":"https:\/\/www.gourmandisedeluxe.com\/en\/wp-json\/wp\/v2\/types\/product"}],"replies":[{"embeddable":true,"href":"https:\/\/www.gourmandisedeluxe.com\/en\/wp-json\/wp\/v2\/comments?post=20267"}],"version-history":[{"count":0,"href":"https:\/\/www.gourmandisedeluxe.com\/en\/wp-json\/wp\/v2\/product\/20267\/revisions"}],"wp:featuredmedia":[{"embeddable":true,"href":"https:\/\/www.gourmandisedeluxe.com\/en\/wp-json\/wp\/v2\/media\/24647"}],"wp:attachment":[{"href":"https:\/\/www.gourmandisedeluxe.com\/en\/wp-json\/wp\/v2\/media?parent=20267"}],"wp:term":[{"taxonomy":"product_brand","embeddable":true,"href":"https:\/\/www.gourmandisedeluxe.com\/en\/wp-json\/wp\/v2\/product_brand?post=20267"},{"taxonomy":"product_cat","embeddable":true,"href":"https:\/\/www.gourmandisedeluxe.com\/en\/wp-json\/wp\/v2\/product_cat?post=20267"},{"taxonomy":"product_tag","embeddable":true,"href":"https:\/\/www.gourmandisedeluxe.com\/en\/wp-json\/wp\/v2\/product_tag?post=20267"}],"curies":[{"name":"wp","href":"https:\/\/api.w.org\/{rel}","templated":true}]}}