{"id":20258,"date":"2024-09-16T15:21:20","date_gmt":"2024-09-16T13:21:20","guid":{"rendered":"https:\/\/www.gourmandisedeluxe.com\/?post_type=product&#038;p=20258"},"modified":"2026-04-22T15:12:13","modified_gmt":"2026-04-22T13:12:13","slug":"begum-x-kaspia-necklace","status":"publish","type":"product","link":"https:\/\/www.gourmandisedeluxe.com\/en\/collier-begum-x-kaspia\/","title":{"rendered":"Beg\u00fcm x Kaspia necklace"},"content":{"rendered":"<p>La collaboration entre <strong>Caviar Kaspia<\/strong> and <strong>B\u00e9g\u00fcm Khan<\/strong> \u2014 cr\u00e9atrice de bijoux parisienne c\u00e9l\u00e8bre pour ses pi\u00e8ces maximalstes fa\u00e7onn\u00e9es \u00e0 la main en argent dor\u00e9 et pierres semi-pr\u00e9cieuses \u2014 est une rencontre entre deux esthh\u00e9tiques qui se reconnaissent : le luxe affirm\u00e9, l&#8217;exuburance color\u00e9e, l&#8217;artisanat comme valeur fondamentale. La collection qui en r\u00e9sulte est une s\u00e9rie de bijoux exclusifs inpisr\u00e9s de l&#8217;univers iconique de Kaspia.<\/p>\n<p>Le <strong>Collier B\u00e9g\u00fcm x Kaspia<\/strong> est la pi\u00e8ce de cou signature de la collection \u2014 une cr\u00e9ation volumineuse et sculpt\u00e9e qui occupe l&#8217;espace autour du d\u00e9collet\u00e9 avec une pr\u00e9sence imm\u00e9diate et affirm\u00e9e. Ses motifs, inpir\u00e9s de l&#8217;iconographie Kaspia et des codes esth\u00e9tiques de B\u00e9g\u00fcm Khan, sont ex\u00e9cut\u00e9s en argent dor\u00e9 avec des incrustations de pierres aux tons marines et turquoise. Propos\u00e9 \u00e0 <strong>965\u20ac<\/strong>.<\/p>\n<p>La pi\u00e8ce qui transforme une tenue simple en d\u00e9claration de style. Pour les femmes qui portent leurs bijoux comme des oeuvres. \u00c9dition limit\u00e9e, livr\u00e9 dans son \u00e9crin Kaspia x B\u00e9g\u00fcm.<\/p>","protected":false},"excerpt":{"rendered":"<p><span class=\"Y2IQFc\" lang=\"fr\">Handcrafted in Istanbul by local artisans with love, imagination, and boundless dreams.<\/span><\/p>\n<p><span class=\"Y2IQFc\" lang=\"fr\">Jewellery tarnishes when exposed to direct sunlight, humidity and extreme temperatures. <\/span><\/p>\n<p><span class=\"Y2IQFc\" lang=\"fr\">We recommend that you keep your jewellery away from direct contact with water, soap, perfume or cosmetics. <\/span><\/p>\n<p><span class=\"Y2IQFc\" lang=\"fr\">If your jewellery comes into contact with water or chemicals, use a soft, dry cloth or towel to gently dry it. <\/span><\/p>\n<p><span class=\"Y2IQFc\" lang=\"fr\">Remove all jewellery before and after applying make-up, beauty products and perfume. <\/span><\/p>\n<p><span class=\"Y2IQFc\" lang=\"fr\">Always put on your jewellery last when getting dressed so that your clothes do not snag on it.<\/span><\/p>","protected":false},"featured_media":24653,"comment_status":"open","ping_status":"closed","template":"","meta":[],"product_brand":[],"product_cat":[182,185],"product_tag":[],"class_list":{"0":"post-20258","1":"product","2":"type-product","3":"status-publish","4":"has-post-thumbnail","6":"product_cat-collections","7":"product_cat-noel-2025","9":"first","10":"instock","11":"taxable","12":"shipping-taxable","13":"purchasable","14":"product-type-simple"},"_links":{"self":[{"href":"https:\/\/www.gourmandisedeluxe.com\/en\/wp-json\/wp\/v2\/product\/20258","targetHints":{"allow":["GET"]}}],"collection":[{"href":"https:\/\/www.gourmandisedeluxe.com\/en\/wp-json\/wp\/v2\/product"}],"about":[{"href":"https:\/\/www.gourmandisedeluxe.com\/en\/wp-json\/wp\/v2\/types\/product"}],"replies":[{"embeddable":true,"href":"https:\/\/www.gourmandisedeluxe.com\/en\/wp-json\/wp\/v2\/comments?post=20258"}],"version-history":[{"count":0,"href":"https:\/\/www.gourmandisedeluxe.com\/en\/wp-json\/wp\/v2\/product\/20258\/revisions"}],"wp:featuredmedia":[{"embeddable":true,"href":"https:\/\/www.gourmandisedeluxe.com\/en\/wp-json\/wp\/v2\/media\/24653"}],"wp:attachment":[{"href":"https:\/\/www.gourmandisedeluxe.com\/en\/wp-json\/wp\/v2\/media?parent=20258"}],"wp:term":[{"taxonomy":"product_brand","embeddable":true,"href":"https:\/\/www.gourmandisedeluxe.com\/en\/wp-json\/wp\/v2\/product_brand?post=20258"},{"taxonomy":"product_cat","embeddable":true,"href":"https:\/\/www.gourmandisedeluxe.com\/en\/wp-json\/wp\/v2\/product_cat?post=20258"},{"taxonomy":"product_tag","embeddable":true,"href":"https:\/\/www.gourmandisedeluxe.com\/en\/wp-json\/wp\/v2\/product_tag?post=20258"}],"curies":[{"name":"wp","href":"https:\/\/api.w.org\/{rel}","templated":true}]}}