{"id":20245,"date":"2024-09-16T15:12:09","date_gmt":"2024-09-16T13:12:09","guid":{"rendered":"https:\/\/www.gourmandisedeluxe.com\/?post_type=product&#038;p=20245"},"modified":"2026-04-22T15:12:13","modified_gmt":"2026-04-22T13:12:13","slug":"begum-x-kaspia-2-straight-earring","status":"publish","type":"product","link":"https:\/\/www.gourmandisedeluxe.com\/en\/boucle-doreille-droite-begum-x-kaspia-2\/","title":{"rendered":"Beg\u00fcm x Kaspia right earring"},"content":{"rendered":"<p>La collaboration entre <strong>Caviar Kaspia<\/strong> and <strong>B\u00e9g\u00fcm Khan<\/strong> \u2014 cr\u00e9atrice de bijoux parisienne c\u00e9l\u00e8bre pour ses pi\u00e8ces maximalstes fa\u00e7onn\u00e9es \u00e0 la main en argent dor\u00e9 et pierres semi-pr\u00e9cieuses \u2014 est une rencontre entre deux esthh\u00e9tiques qui se reconnaissent : le luxe affirm\u00e9, l&#8217;exuburance color\u00e9e, l&#8217;artisanat comme valeur fondamentale. La collection qui en r\u00e9sulte est une s\u00e9rie de bijoux exclusifs inpisr\u00e9s de l&#8217;univers iconique de Kaspia.<\/p>\n<p>La <strong>Bague d&#8217;Oreille Droite B\u00e9g\u00fcm x Kaspia<\/strong> est con\u00e7ue pour \u00eatre port\u00e9e seule, \u00e0 l&#8217;oreille droite, en association avec une boucle classique \u00e0 gauche ou avec la bague d&#8217;oreille gauche de la collection pour un effet asym\u00e9trique d&#8217;avant-garde. Fa\u00e7onn\u00e9e \u00e0 la main, ses d\u00e9tails sont ex\u00e9cut\u00e9s avec la pr\u00e9cision et le soin qui caract\u00e9risent chaque pi\u00e8ce B\u00e9g\u00fcm Khan. Propos\u00e9e \u00e0 <strong>780\u20ac<\/strong>.<\/p>\n<p>\u00c9dition limit\u00e9e, pi\u00e8ce unique de la collection Kaspia, livr\u00e9e dans son \u00e9crin double signature. Pour les amatrices de bijoux d&#8217;auteur qui aiment composer leurs propres r\u00e8gles stylistiques.<\/p>","protected":false},"excerpt":{"rendered":"<p><span class=\"Y2IQFc\" lang=\"fr\">Handcrafted in Istanbul by local artisans with love, imagination, and boundless dreams.<\/span><\/p>\n<p><span class=\"Y2IQFc\" lang=\"fr\">Jewellery tarnishes when exposed to direct sunlight, humidity and extreme temperatures. <\/span><\/p>\n<p><span class=\"Y2IQFc\" lang=\"fr\">We recommend that you keep your jewellery away from direct contact with water, soap, perfume or cosmetics. <\/span><\/p>\n<p><span class=\"Y2IQFc\" lang=\"fr\">If your jewellery comes into contact with water or chemicals, use a soft, dry cloth or towel to gently dry it. <\/span><\/p>\n<p><span class=\"Y2IQFc\" lang=\"fr\">Remove all jewellery before and after applying make-up, beauty products and perfume. <\/span><\/p>\n<p><span class=\"Y2IQFc\" lang=\"fr\">Always put on your jewellery last when getting dressed so that your clothes do not snag on it.<\/span><\/p>","protected":false},"featured_media":20407,"comment_status":"open","ping_status":"closed","template":"","meta":[],"product_brand":[],"product_cat":[182],"product_tag":[],"class_list":{"0":"post-20245","1":"product","2":"type-product","3":"status-publish","4":"has-post-thumbnail","6":"product_cat-collections","8":"first","9":"instock","10":"taxable","11":"shipping-taxable","12":"purchasable","13":"product-type-simple"},"_links":{"self":[{"href":"https:\/\/www.gourmandisedeluxe.com\/en\/wp-json\/wp\/v2\/product\/20245","targetHints":{"allow":["GET"]}}],"collection":[{"href":"https:\/\/www.gourmandisedeluxe.com\/en\/wp-json\/wp\/v2\/product"}],"about":[{"href":"https:\/\/www.gourmandisedeluxe.com\/en\/wp-json\/wp\/v2\/types\/product"}],"replies":[{"embeddable":true,"href":"https:\/\/www.gourmandisedeluxe.com\/en\/wp-json\/wp\/v2\/comments?post=20245"}],"version-history":[{"count":0,"href":"https:\/\/www.gourmandisedeluxe.com\/en\/wp-json\/wp\/v2\/product\/20245\/revisions"}],"wp:featuredmedia":[{"embeddable":true,"href":"https:\/\/www.gourmandisedeluxe.com\/en\/wp-json\/wp\/v2\/media\/20407"}],"wp:attachment":[{"href":"https:\/\/www.gourmandisedeluxe.com\/en\/wp-json\/wp\/v2\/media?parent=20245"}],"wp:term":[{"taxonomy":"product_brand","embeddable":true,"href":"https:\/\/www.gourmandisedeluxe.com\/en\/wp-json\/wp\/v2\/product_brand?post=20245"},{"taxonomy":"product_cat","embeddable":true,"href":"https:\/\/www.gourmandisedeluxe.com\/en\/wp-json\/wp\/v2\/product_cat?post=20245"},{"taxonomy":"product_tag","embeddable":true,"href":"https:\/\/www.gourmandisedeluxe.com\/en\/wp-json\/wp\/v2\/product_tag?post=20245"}],"curies":[{"name":"wp","href":"https:\/\/api.w.org\/{rel}","templated":true}]}}