{"id":20240,"date":"2024-09-16T15:09:10","date_gmt":"2024-09-16T13:09:10","guid":{"rendered":"https:\/\/www.gourmandisedeluxe.com\/?post_type=product&#038;p=20240"},"modified":"2026-04-22T15:12:13","modified_gmt":"2026-04-22T13:12:13","slug":"begum-x-kaspia-straight-earring","status":"publish","type":"product","link":"https:\/\/www.gourmandisedeluxe.com\/en\/boucle-doreille-droite-begum-x-kaspia\/","title":{"rendered":"Beg\u00fcm x Kaspia left earring"},"content":{"rendered":"<p>La collaboration entre <strong>Caviar Kaspia<\/strong> and <strong>B\u00e9g\u00fcm Khan<\/strong> \u2014 cr\u00e9atrice de bijoux parisienne c\u00e9l\u00e8bre pour ses pi\u00e8ces maximalstes fa\u00e7onn\u00e9es \u00e0 la main en argent dor\u00e9 et pierres semi-pr\u00e9cieuses \u2014 est une rencontre entre deux esthh\u00e9tiques qui se reconnaissent : le luxe affirm\u00e9, l&#8217;exuburance color\u00e9e, l&#8217;artisanat comme valeur fondamentale. La collection qui en r\u00e9sulte est une s\u00e9rie de bijoux exclusifs inpisr\u00e9s de l&#8217;univers iconique de Kaspia.<\/p>\n<p>La <strong>Bague d&#8217;Oreille Gauche B\u00e9g\u00fcm x Kaspia<\/strong> est la pendant de la pi\u00e8ce droite \u2014 dessin\u00e9e pour s&#8217;en distinguer subtilement tout en lui r\u00e9pondant harmonieusement. Port\u00e9es ensemble, les deux bagues d&#8217;oreille forment un diptyque asym\u00e9trique d&#8217;une grande sophistication. Port\u00e9e seule, elle est une pi\u00e8ce autonome d&#8217;un caract\u00e8re \u00e9vident. Fa\u00e7onn\u00e9e \u00e0 la main, inpir\u00e9e des codes graphiques Kaspia. Propos\u00e9e \u00e0 <strong>780\u20ac<\/strong>.<\/p>\n<p>\u00c9dition limit\u00e9e, livr\u00e9e dans son \u00e9crin double signature. Un bijou d&#8217;auteur rare, \u00e0 collectionner ou \u00e0 offrir.<\/p>","protected":false},"excerpt":{"rendered":"<p><span class=\"Y2IQFc\" lang=\"fr\">Handcrafted in Istanbul by local artisans with love, imagination, and boundless dreams.<\/span><\/p>\n<p><span class=\"Y2IQFc\" lang=\"fr\">Jewellery tarnishes when exposed to direct sunlight, humidity and extreme temperatures. <\/span><\/p>\n<p><span class=\"Y2IQFc\" lang=\"fr\">We recommend that you keep your jewellery away from direct contact with water, soap, perfume or cosmetics. <\/span><\/p>\n<p><span class=\"Y2IQFc\" lang=\"fr\">If your jewellery comes into contact with water or chemicals, use a soft, dry cloth or towel to gently dry it. <\/span><\/p>\n<p><span class=\"Y2IQFc\" lang=\"fr\">Remove all jewellery before and after applying make-up, beauty products and perfume. <\/span><\/p>\n<p><span class=\"Y2IQFc\" lang=\"fr\">Always put on your jewellery last when getting dressed so that your clothes do not snag on it.<\/span><\/p>","protected":false},"featured_media":20410,"comment_status":"open","ping_status":"closed","template":"","meta":[],"product_brand":[],"product_cat":[182],"product_tag":[],"class_list":{"0":"post-20240","1":"product","2":"type-product","3":"status-publish","4":"has-post-thumbnail","6":"product_cat-collections","8":"first","9":"instock","10":"taxable","11":"shipping-taxable","12":"purchasable","13":"product-type-simple"},"_links":{"self":[{"href":"https:\/\/www.gourmandisedeluxe.com\/en\/wp-json\/wp\/v2\/product\/20240","targetHints":{"allow":["GET"]}}],"collection":[{"href":"https:\/\/www.gourmandisedeluxe.com\/en\/wp-json\/wp\/v2\/product"}],"about":[{"href":"https:\/\/www.gourmandisedeluxe.com\/en\/wp-json\/wp\/v2\/types\/product"}],"replies":[{"embeddable":true,"href":"https:\/\/www.gourmandisedeluxe.com\/en\/wp-json\/wp\/v2\/comments?post=20240"}],"version-history":[{"count":0,"href":"https:\/\/www.gourmandisedeluxe.com\/en\/wp-json\/wp\/v2\/product\/20240\/revisions"}],"wp:featuredmedia":[{"embeddable":true,"href":"https:\/\/www.gourmandisedeluxe.com\/en\/wp-json\/wp\/v2\/media\/20410"}],"wp:attachment":[{"href":"https:\/\/www.gourmandisedeluxe.com\/en\/wp-json\/wp\/v2\/media?parent=20240"}],"wp:term":[{"taxonomy":"product_brand","embeddable":true,"href":"https:\/\/www.gourmandisedeluxe.com\/en\/wp-json\/wp\/v2\/product_brand?post=20240"},{"taxonomy":"product_cat","embeddable":true,"href":"https:\/\/www.gourmandisedeluxe.com\/en\/wp-json\/wp\/v2\/product_cat?post=20240"},{"taxonomy":"product_tag","embeddable":true,"href":"https:\/\/www.gourmandisedeluxe.com\/en\/wp-json\/wp\/v2\/product_tag?post=20240"}],"curies":[{"name":"wp","href":"https:\/\/api.w.org\/{rel}","templated":true}]}}