{"id":19707,"date":"2024-03-25T09:39:13","date_gmt":"2024-03-25T08:39:13","guid":{"rendered":"https:\/\/www.gourmandisedeluxe.com\/?post_type=product&#038;p=19707"},"modified":"2026-04-22T14:30:51","modified_gmt":"2026-04-22T12:30:51","slug":"chocolate-truffle","status":"publish","type":"product","link":"https:\/\/www.gourmandisedeluxe.com\/en\/truffe-en-chocolat\/","title":{"rendered":"Dark chocolate Trompe l\u2019\u0152il truffle"},"content":{"rendered":"<p>La <strong>Truffe Trompe-l&#8217;Oeil en Chocolat Noir<\/strong> est une oeuvre de confiserie autant qu&#8217;un hommage au champignon le plus pr\u00e9cieux du monde. Fa\u00e7onn\u00e9e pour reproduire avec une fid\u00e9lit\u00e9 saisissante la forme et la surface rugueuse d&#8217;une vraie truffe fraiche, cette cr\u00e9ation chocolat\u00e9e trouble l&#8217;oeil avant m\u00eame de s&#8217;en approcher.<\/p>\n<p>Elabor\u00e9e \u00e0 partir d&#8217;un chocolat noir de haute qualit\u00e9, intense et l\u00e9g\u00e8rement amer, elle renferme en son coeur une ganache fondante aux notes de truffe noire qui r\u00e9v\u00e8le toute sa profondeur aromatique d\u00e8s la premi\u00e8re morsure. Le contraste entre la coque craquante et la ganache soyeuse est aussi plaisant tactilment qu&#8217;en bouche. Chaque pi\u00e8ce p\u00e8se <strong>200 grammes<\/strong> : un b\u00e9mol g\u00e9n\u00e9reux, parfait pour deux \u00e0 partager ou pour s&#8217;octroyer un moment de d\u00e9cadence solitaire revendiqu\u00e9e.<\/p>\n<p>Un cadeau gastronomique id\u00e9al pour \u00e9tonner un amateur de chocolat, un passionn\u00e9 de truffe, ou quiconque appr\u00e9cie l&#8217;humour et le luxe r\u00e9unis dans un seul objet. Se d\u00e9guste \u00e0 temp\u00e9rature ambiante (15-18\u00b0C), accompagn\u00e9 d&#8217;un caf\u00e9 expresso ou d&#8217;un verre de whisky tourbill\u00e9 pour un accord d&#8217;une audace remarquable.<\/p>","protected":false},"excerpt":{"rendered":"<p>The magnificent chocolate trompe-l'oeil truffle, to share<\/p>\n<p style=\"font-weight: 400\"><strong>Pascal Brunstein<\/strong>, one of France's best craftsmen (MOF) in chocolate making, has created for the\u00a0<strong>House of<\/strong>\u00a0<strong>Truffle\u00a0<\/strong>a marvellous dark chocolate truffle that's truer than life.<\/p>\n<p style=\"font-weight: 400\">Beneath a shell of dark chocolate made from a grand cru from Mexico and coated in cocoa powder lies a mixture of indulgent praline and smooth gianduja with crunchy pieces of caramelised Iranian pistachios.<\/p>\n<p style=\"font-weight: 400\"><em>Store between 15 and 18\u00b0C.<\/em><\/p>\n<p style=\"font-weight: 400\"><em>Use-by date: 3 months<br \/>\n<\/em><em>Allergens: Milk, Nuts, Soya<br \/>\n<\/em><em>150g piece<\/em><\/p>","protected":false},"featured_media":22775,"comment_status":"open","ping_status":"closed","template":"","meta":[],"product_brand":[],"product_cat":[76],"product_tag":[],"class_list":{"0":"post-19707","1":"product","2":"type-product","3":"status-publish","4":"has-post-thumbnail","6":"product_cat-douceurs-sucrees","8":"first","9":"instock","10":"taxable","11":"shipping-taxable","12":"purchasable","13":"product-type-simple"},"_links":{"self":[{"href":"https:\/\/www.gourmandisedeluxe.com\/en\/wp-json\/wp\/v2\/product\/19707","targetHints":{"allow":["GET"]}}],"collection":[{"href":"https:\/\/www.gourmandisedeluxe.com\/en\/wp-json\/wp\/v2\/product"}],"about":[{"href":"https:\/\/www.gourmandisedeluxe.com\/en\/wp-json\/wp\/v2\/types\/product"}],"replies":[{"embeddable":true,"href":"https:\/\/www.gourmandisedeluxe.com\/en\/wp-json\/wp\/v2\/comments?post=19707"}],"version-history":[{"count":0,"href":"https:\/\/www.gourmandisedeluxe.com\/en\/wp-json\/wp\/v2\/product\/19707\/revisions"}],"wp:featuredmedia":[{"embeddable":true,"href":"https:\/\/www.gourmandisedeluxe.com\/en\/wp-json\/wp\/v2\/media\/22775"}],"wp:attachment":[{"href":"https:\/\/www.gourmandisedeluxe.com\/en\/wp-json\/wp\/v2\/media?parent=19707"}],"wp:term":[{"taxonomy":"product_brand","embeddable":true,"href":"https:\/\/www.gourmandisedeluxe.com\/en\/wp-json\/wp\/v2\/product_brand?post=19707"},{"taxonomy":"product_cat","embeddable":true,"href":"https:\/\/www.gourmandisedeluxe.com\/en\/wp-json\/wp\/v2\/product_cat?post=19707"},{"taxonomy":"product_tag","embeddable":true,"href":"https:\/\/www.gourmandisedeluxe.com\/en\/wp-json\/wp\/v2\/product_tag?post=19707"}],"curies":[{"name":"wp","href":"https:\/\/api.w.org\/{rel}","templated":true}]}}