{"id":18959,"date":"2023-12-14T21:29:12","date_gmt":"2023-12-14T20:29:12","guid":{"rendered":"https:\/\/www.gourmandisedeluxe.com\/?post_type=product&#038;p=18959"},"modified":"2026-04-22T15:14:28","modified_gmt":"2026-04-22T13:14:28","slug":"iconic-hoodie","status":"publish","type":"product","link":"https:\/\/www.gourmandisedeluxe.com\/en\/iconique-sweatshirt-a-capuche\/","title":{"rendered":"ICONIC | Hooded sweatshirt"},"content":{"rendered":"<p>Le <strong>Sweatshirt \u00e0 Capuche ICONIQUE Kaspia<\/strong> est l&#8217;interpr\u00e9tation hoodie de la gamme lifestyle de la Maison \u2014 un sweatshirt premium en coton lourd ou en molleton de qualit\u00e9 sup\u00e9rieure, avec le logo Kaspia en broderie ou en imprim\u00e9 sur la poitrine, et une capuche ample et confortable. La coupe est\u0301 oversized et contemporaine, en phase avec les codes actuels du streetwear de luxe.<\/p>\n<p>Sa mati\u00e8re dense est chaleureuse en hiver et suffisamment l\u00e9g\u00e8re pour les demi-saisons \u2014 un v\u00eatement de confort qui ne sacrifie pas le style. Il s&#8217;associe avec les casquettes et les plaids de la gamme ICONIQUE pour un look maison compl\u00e8tement sign\u00e9 Kaspia. Propos\u00e9 \u00e0 <strong>490\u20ac<\/strong>.<\/p>\n<p>Un cadeau lifestyle premium pour les amateurs de streetwear haut de gamme et les fid\u00e8les de la Maison Kaspia. Lavage \u00e0 30\u00b0 sur l&#8217;envers, s\u00e9chage naturel.<\/p>","protected":false},"excerpt":{"rendered":"<p>The instantly recognisable motif adorns this Caviar Kaspia knit hoodie. Crafted from 100% cashmere, this piece features a classic silhouette with its drawstring hood and front kangaroo pocket, and is enhanced by its intarsia skull on the chest. Made in Italy.<\/p>\n<ul>\n<li>Marine<\/li>\n<li>cashmere<\/li>\n<li>drawstring hood<\/li>\n<li>long sleeves<\/li>\n<li>ribbed cuffs<\/li>\n<li>ribbed hem<\/li>\n<li>knitted construction<\/li>\n<li>intarsia mesh logo<\/li>\n<li>front pocket<\/li>\n<li>Composition<\/li>\n<li>Cashmere 100%<\/li>\n<\/ul>\n<p>Washing instructions:<br \/>\nDry cleaning only<\/p>","protected":false},"featured_media":24567,"comment_status":"open","ping_status":"closed","template":"","meta":[],"product_brand":[],"product_cat":[182],"product_tag":[],"class_list":{"0":"post-18959","1":"product","2":"type-product","3":"status-publish","4":"has-post-thumbnail","6":"product_cat-collections","8":"first","9":"outofstock","10":"taxable","11":"shipping-taxable","12":"purchasable","13":"product-type-variable"},"_links":{"self":[{"href":"https:\/\/www.gourmandisedeluxe.com\/en\/wp-json\/wp\/v2\/product\/18959","targetHints":{"allow":["GET"]}}],"collection":[{"href":"https:\/\/www.gourmandisedeluxe.com\/en\/wp-json\/wp\/v2\/product"}],"about":[{"href":"https:\/\/www.gourmandisedeluxe.com\/en\/wp-json\/wp\/v2\/types\/product"}],"replies":[{"embeddable":true,"href":"https:\/\/www.gourmandisedeluxe.com\/en\/wp-json\/wp\/v2\/comments?post=18959"}],"version-history":[{"count":0,"href":"https:\/\/www.gourmandisedeluxe.com\/en\/wp-json\/wp\/v2\/product\/18959\/revisions"}],"wp:featuredmedia":[{"embeddable":true,"href":"https:\/\/www.gourmandisedeluxe.com\/en\/wp-json\/wp\/v2\/media\/24567"}],"wp:attachment":[{"href":"https:\/\/www.gourmandisedeluxe.com\/en\/wp-json\/wp\/v2\/media?parent=18959"}],"wp:term":[{"taxonomy":"product_brand","embeddable":true,"href":"https:\/\/www.gourmandisedeluxe.com\/en\/wp-json\/wp\/v2\/product_brand?post=18959"},{"taxonomy":"product_cat","embeddable":true,"href":"https:\/\/www.gourmandisedeluxe.com\/en\/wp-json\/wp\/v2\/product_cat?post=18959"},{"taxonomy":"product_tag","embeddable":true,"href":"https:\/\/www.gourmandisedeluxe.com\/en\/wp-json\/wp\/v2\/product_tag?post=18959"}],"curies":[{"name":"wp","href":"https:\/\/api.w.org\/{rel}","templated":true}]}}