{"id":14339,"date":"2021-12-20T22:10:00","date_gmt":"2021-12-20T21:10:00","guid":{"rendered":"https:\/\/www.gourmandisedeluxe.com\/?post_type=product&#038;p=14339"},"modified":"2026-04-22T15:21:53","modified_gmt":"2026-04-22T13:21:53","slug":"coffret-maison-de-la-truffe","status":"publish","type":"product","link":"https:\/\/www.gourmandisedeluxe.com\/en\/coffret-maison-de-la-truffe\/","title":{"rendered":"Truffle House"},"content":{"rendered":"<p>Le coffret <strong>Truffle House<\/strong> est la s\u00e9lection prestige de la Maison \u2014 une composition g\u00e9n\u00e9reuse et soigneusement \u00e9quilibr\u00e9e qui r\u00e9unit les produits les plus repr\u00e9sentatifs de la gamme truff\u00e9e MDT en un seul \u00e9crin d&#8217;exception. Des huiles de finition aux conserves d&#8217;excellence, en passant par les condiments et les sauces signature, chaque produit a \u00e9t\u00e9 s\u00e9lectionn\u00e9 pour sa qualit\u00e9 et pour la coh\u00e9rence de l&#8217;ensemble.<\/p>\n<p>Propos\u00e9 \u00e0 <strong>328\u20ac<\/strong>, ce coffret est le cadeau gastronomique de r\u00e9f\u00e9rence de la Maison de la Truffe : suffisamment g\u00e9n\u00e9reux pour impressionner, suffisamment pr\u00e9cis pour convaincre les connaisseurs. Id\u00e9al pour les grandes occasions, les cadeaux d&#8217;entreprise premium, ou les passionn\u00e9s de truffe qui veulent explorer l&#8217;int\u00e9gralit\u00e9 de la gamme en une seule exp\u00e9rience. Livr\u00e9 dans l&#8217;emballage signature de la Maison.<\/p>","protected":false},"excerpt":{"rendered":"<p>Pr\u00e9paration Culinaire \u00e0 base d\u2019Huile d\u2019Olive Extra Vierge aromatis\u00e9e \u00e0 la Truffe Noire 200ml, Pr\u00e9paration Culinaire \u00e0 base d\u2019Huile d\u2019Olive Extra Vierge aromatis\u00e9e \u00e0 la Truffe Blanche 100ml, R\u00e9duction de Vinaigre Balsamique de Modena aromatis\u00e9 \u00e0 la truffe noire 100 ml, Pr\u00e9paration \u00e0 base de Sel Gris de Gu\u00e9rande \u00e0 la truffe d\u2019Et\u00e9 1% 100g, Taglioni aux \u0153ufs et Truffes d\u2019Et\u00e9 1% 250g, Cr\u00e8me d\u2019Artichauts \u00e0 la Truffe d\u2019Et\u00e9 3% 90g, Sauce Tomate \u00e0 la Truffe d\u2019Et\u00e9 190g, Cr\u00e8me de pecorino \u00e0 la truffe d&#8217;\u00e9t\u00e9 180g, Tartufata \u00e0 la Truffe d\u2019\u00e9t\u00e9 5% 90g, D\u00e9lices d&#8217;Olives \u00e0 la truffe d&#8217;\u00e9t\u00e9 90g, Cr\u00e8me au Fromage Parmigiano Reggiano \u00e0 la Truffe d\u2019Et\u00e9 2% 90g, Pr\u00e9paration piquante et \u00e9pic\u00e9e \u00e0 base de miel aromatis\u00e9e \u00e0 la truffe blanche 40g , Beurre Bio truffe blanche 30g, Brisures de truffe Noire 12,5g, Carpaccio de Truffes d\u2019Et\u00e9 80g, Mandoline \u00e0 truffes en acier inoxydable avec manche en bois fonc\u00e9 (2 cot\u00e9s) &#8211; lame lisse &#8211; pr\u00e9sent\u00e9e dans son sac coton Maison de la Truffe, Brosse \u00e0 truffe en bois de h\u00eatre, BOITE CADEAUX GM 440x320x100<\/p>","protected":false},"featured_media":14344,"comment_status":"open","ping_status":"closed","template":"","meta":[],"product_brand":[],"product_cat":[153],"product_tag":[],"class_list":{"0":"post-14339","1":"product","2":"type-product","3":"status-publish","4":"has-post-thumbnail","6":"product_cat-coffrets-cadeaux-mdt","8":"first","9":"instock","10":"taxable","11":"shipping-taxable","12":"purchasable","13":"product-type-simple"},"_links":{"self":[{"href":"https:\/\/www.gourmandisedeluxe.com\/en\/wp-json\/wp\/v2\/product\/14339","targetHints":{"allow":["GET"]}}],"collection":[{"href":"https:\/\/www.gourmandisedeluxe.com\/en\/wp-json\/wp\/v2\/product"}],"about":[{"href":"https:\/\/www.gourmandisedeluxe.com\/en\/wp-json\/wp\/v2\/types\/product"}],"replies":[{"embeddable":true,"href":"https:\/\/www.gourmandisedeluxe.com\/en\/wp-json\/wp\/v2\/comments?post=14339"}],"version-history":[{"count":0,"href":"https:\/\/www.gourmandisedeluxe.com\/en\/wp-json\/wp\/v2\/product\/14339\/revisions"}],"wp:featuredmedia":[{"embeddable":true,"href":"https:\/\/www.gourmandisedeluxe.com\/en\/wp-json\/wp\/v2\/media\/14344"}],"wp:attachment":[{"href":"https:\/\/www.gourmandisedeluxe.com\/en\/wp-json\/wp\/v2\/media?parent=14339"}],"wp:term":[{"taxonomy":"product_brand","embeddable":true,"href":"https:\/\/www.gourmandisedeluxe.com\/en\/wp-json\/wp\/v2\/product_brand?post=14339"},{"taxonomy":"product_cat","embeddable":true,"href":"https:\/\/www.gourmandisedeluxe.com\/en\/wp-json\/wp\/v2\/product_cat?post=14339"},{"taxonomy":"product_tag","embeddable":true,"href":"https:\/\/www.gourmandisedeluxe.com\/en\/wp-json\/wp\/v2\/product_tag?post=14339"}],"curies":[{"name":"wp","href":"https:\/\/api.w.org\/{rel}","templated":true}]}}