{"id":13110,"date":"2021-05-05T21:05:51","date_gmt":"2021-05-05T19:05:51","guid":{"rendered":"https:\/\/www.gourmandisedeluxe.com\/?post_type=product&#038;p=13110"},"modified":"2026-04-22T15:06:30","modified_gmt":"2026-04-22T13:06:30","slug":"matriochka-olga","status":"publish","type":"product","link":"https:\/\/www.gourmandisedeluxe.com\/en\/matriochka-olga\/","title":{"rendered":"Matryoshka Olga"},"content":{"rendered":"<p>La <strong>Matryoshka Olga<\/strong> est la troisi\u00e8me expression de la collection, d&#8217;une taille et d&#8217;un niveau de d\u00e9tail sup\u00e9rieurs \u00e0 Tatiana. Chaque motif de son costume a \u00e9t\u00e9 pens\u00e9 et ex\u00e9cut\u00e9 par un artisan sp\u00e9cialis\u00e9 dans la laque russe traditionnelle, avec des incrustations d&#8217;or fin sur les broderies repr\u00e9sent\u00e9es. Une pi\u00e8ce qui commence \u00e0 relever du chef-d&#8217;oeuvre artisanal.<\/p>\n<p>Peinte \u00e0 la main selon les traditions artisanales russes, chaque matriochka Kaspia est une pi\u00e8ce unique dont les d\u00e9tails \u2014 visage, costume, motifs floraux, rehauts dor\u00e9s \u2014 sont ex\u00e9cut\u00e9s par un seul artisan du debut \u00e0 la fin. Le proc\u00e9d\u00e9 de laquage, appliqu\u00e9 en plusieurs couches, garantit une protection durable des couleurs et un fini brillant caract\u00e9ristique. Propos\u00e9e \u00e0 <strong>890\u20ac<\/strong>.<\/p>\n<p>Un cadeau d&#8217;exception pour les collectionneurs d&#8217;art populaire russe, les amateurs de Kaspia qui souhaitent poss\u00e9der un objet de la Maison d&#8217;une dimension artistique r\u00e9elle, ou pour tout grand moment de vie qui m\u00e9rite un cadeau hors du commun. Livr\u00e9e dans son \u00e9crin de la Maison, avec certificate d&#8217;authenticit\u00e9 artisanale.<\/p>","protected":false},"excerpt":{"rendered":"<ul>\n<li>Height: 25 cm<\/li>\n<li>Width: 18 cm<\/li>\n<\/ul>\n<p>Limoges Porcelain Matryoshka Dolls, a new range of caviar displays.<\/p>\n<p>The collaboration between Caviar Kaspia and Maison Carpenet has given rise to a range of original, rare and precious caviar displays, which, with originality and refinement, magnify caviar as tradition dictates.<\/p>\n<p>A nod to Kaspia's origins, these Matryoshka dolls invite you on a dreamlike journey to the heart of Russia, between tradition and modernity. Symbols of family and fertility, they now honour the rarity and exceptional quality of Kaspia caviar.<\/p>\n<p>This fine and delicate collection, emblematic of the purest French craftsmanship, was designed by Georges Riu. The result of a combination of numerous skills, these four Russian dolls are true handmade jewels, adorned with black enamel, decorated with fine gold and set with a gold-plated brass clasp.<\/p>\n<p><em>* This product is sold without caviar.<\/em><\/p>","protected":false},"featured_media":24417,"comment_status":"closed","ping_status":"closed","template":"","meta":[],"product_brand":[],"product_cat":[104,199,142,143],"product_tag":[],"class_list":{"0":"post-13110","1":"product","2":"type-product","3":"status-publish","4":"has-post-thumbnail","6":"product_cat-accessoires-kaspia","7":"product_cat-ads_deco","8":"product_cat-arts-de-la-table-kaspia","9":"product_cat-fetes-kaspia","11":"first","12":"instock","13":"taxable","14":"shipping-taxable","15":"purchasable","16":"product-type-simple"},"_links":{"self":[{"href":"https:\/\/www.gourmandisedeluxe.com\/en\/wp-json\/wp\/v2\/product\/13110","targetHints":{"allow":["GET"]}}],"collection":[{"href":"https:\/\/www.gourmandisedeluxe.com\/en\/wp-json\/wp\/v2\/product"}],"about":[{"href":"https:\/\/www.gourmandisedeluxe.com\/en\/wp-json\/wp\/v2\/types\/product"}],"replies":[{"embeddable":true,"href":"https:\/\/www.gourmandisedeluxe.com\/en\/wp-json\/wp\/v2\/comments?post=13110"}],"version-history":[{"count":0,"href":"https:\/\/www.gourmandisedeluxe.com\/en\/wp-json\/wp\/v2\/product\/13110\/revisions"}],"wp:featuredmedia":[{"embeddable":true,"href":"https:\/\/www.gourmandisedeluxe.com\/en\/wp-json\/wp\/v2\/media\/24417"}],"wp:attachment":[{"href":"https:\/\/www.gourmandisedeluxe.com\/en\/wp-json\/wp\/v2\/media?parent=13110"}],"wp:term":[{"taxonomy":"product_brand","embeddable":true,"href":"https:\/\/www.gourmandisedeluxe.com\/en\/wp-json\/wp\/v2\/product_brand?post=13110"},{"taxonomy":"product_cat","embeddable":true,"href":"https:\/\/www.gourmandisedeluxe.com\/en\/wp-json\/wp\/v2\/product_cat?post=13110"},{"taxonomy":"product_tag","embeddable":true,"href":"https:\/\/www.gourmandisedeluxe.com\/en\/wp-json\/wp\/v2\/product_tag?post=13110"}],"curies":[{"name":"wp","href":"https:\/\/api.w.org\/{rel}","templated":true}]}}