{"id":13098,"date":"2021-05-05T20:12:41","date_gmt":"2021-05-05T18:12:41","guid":{"rendered":"https:\/\/www.gourmandisedeluxe.com\/?post_type=product&#038;p=13098"},"modified":"2026-04-22T13:35:20","modified_gmt":"2026-04-22T11:35:20","slug":"ketchup","status":"publish","type":"product","link":"https:\/\/www.gourmandisedeluxe.com\/en\/ketchup\/","title":{"rendered":"Summer truffle ketchup 2%"},"content":{"rendered":"<p>Le Ketchup \u00e0 la Truffe d&#8217;\u00c9t\u00e9 est la r\u00e9invention gastronomique d&#8217;une sauce que l&#8217;on croyait r\u00e9serv\u00e9e aux tables sans chichi. En incorporant 2% de truffe d&#8217;\u00e9t\u00e9 <em>Tuber Aestivum<\/em> dans une pr\u00e9paration \u00e0 base de tomate confite, vinaigre et \u00e9pices, la Maison de la Truffe cr\u00e9e un condiment \u00e0 la fois familier et d\u00e9routant \u2014 un ketchup de haute tenue, \u00e0 la fois sucr\u00e9-acidul\u00e9 et aromatiquement complexe.<\/p>\n<p>La truffe d&#8217;\u00e9t\u00e9 apporte ses notes de noisette, de champignon et d&#8217;herbes \u00e0 la base tomat\u00e9e, cr\u00e9ant une profondeur gustative inattendue pour un ketchup. La texture est lisse et fluide, le rouge intense, l&#8217;odeur \u00e0 la fois famili\u00e8re et raffin\u00e9e. Un condiment qui plaira autant aux amateurs de gastronomie curieuse qu&#8217;aux enfants \u00e9veill\u00e9s au bon go\u00fbt.<\/p>\n<p>Servi en accompagnement de frites maison, de burger gastro, de tempura de l\u00e9gumes ou de croquettes de pomme de terre, il transforme des classiques bistronomiques en exp\u00e9riences m\u00e9morables. Il peut \u00e9galement \u00eatre incorpor\u00e9 dans une sauce cocktail pour accompagner des crevettes grill\u00e9es, dans une vinaigrette acidul\u00e9e ou comme coulis \u00e9pic\u00e9 sur un \u0153uf b\u00e9n\u00e9dicte du dimanche matin.<\/p>\n<p>Contenu : 100g. \u00c0 conserver dans un endroit frais et sec avant ouverture. Apr\u00e8s ouverture, conserver au r\u00e9frig\u00e9rateur et consommer dans les deux semaines.<\/p>","protected":false},"excerpt":{"rendered":"<p>Summer truffle ketchup<\/p>\n<p><em>Quantity: 100g<br \/>\n<\/em><em>Price per kg: \u20ac105<\/em><\/p>","protected":false},"featured_media":17161,"comment_status":"open","ping_status":"closed","template":"","meta":[],"product_brand":[],"product_cat":[62],"product_tag":[],"class_list":{"0":"post-13098","1":"product","2":"type-product","3":"status-publish","4":"has-post-thumbnail","6":"product_cat-epicerie","8":"first","9":"outofstock","10":"taxable","11":"shipping-taxable","12":"purchasable","13":"product-type-simple"},"_links":{"self":[{"href":"https:\/\/www.gourmandisedeluxe.com\/en\/wp-json\/wp\/v2\/product\/13098","targetHints":{"allow":["GET"]}}],"collection":[{"href":"https:\/\/www.gourmandisedeluxe.com\/en\/wp-json\/wp\/v2\/product"}],"about":[{"href":"https:\/\/www.gourmandisedeluxe.com\/en\/wp-json\/wp\/v2\/types\/product"}],"replies":[{"embeddable":true,"href":"https:\/\/www.gourmandisedeluxe.com\/en\/wp-json\/wp\/v2\/comments?post=13098"}],"version-history":[{"count":0,"href":"https:\/\/www.gourmandisedeluxe.com\/en\/wp-json\/wp\/v2\/product\/13098\/revisions"}],"wp:featuredmedia":[{"embeddable":true,"href":"https:\/\/www.gourmandisedeluxe.com\/en\/wp-json\/wp\/v2\/media\/17161"}],"wp:attachment":[{"href":"https:\/\/www.gourmandisedeluxe.com\/en\/wp-json\/wp\/v2\/media?parent=13098"}],"wp:term":[{"taxonomy":"product_brand","embeddable":true,"href":"https:\/\/www.gourmandisedeluxe.com\/en\/wp-json\/wp\/v2\/product_brand?post=13098"},{"taxonomy":"product_cat","embeddable":true,"href":"https:\/\/www.gourmandisedeluxe.com\/en\/wp-json\/wp\/v2\/product_cat?post=13098"},{"taxonomy":"product_tag","embeddable":true,"href":"https:\/\/www.gourmandisedeluxe.com\/en\/wp-json\/wp\/v2\/product_tag?post=13098"}],"curies":[{"name":"wp","href":"https:\/\/api.w.org\/{rel}","templated":true}]}}