{"id":11883,"date":"2020-11-05T19:49:52","date_gmt":"2020-11-05T18:49:52","guid":{"rendered":"https:\/\/www.gourmandisedeluxe.com\/?post_type=product&#038;p=11883"},"modified":"2026-04-22T13:27:27","modified_gmt":"2026-04-22T11:27:27","slug":"caviar-oscietre-gold","status":"publish","type":"product","link":"https:\/\/www.gourmandisedeluxe.com\/en\/caviar-oscietre-gold\/","title":{"rendered":"Caviar Kaspia Gold"},"content":{"rendered":"<p>Il est des caviars qui transcendent leur cat\u00e9gorie. Le Caviar Kaspia Gold en fait partie. Consid\u00e9r\u00e9 comme la cuv\u00e9e supr\u00eame de la gamme Osci\u00e8tre Kaspia, ce caviar d\u2019exception produit en Bulgarie repr\u00e9sente l\u2019\u00e9lite d\u2019une s\u00e9lection d\u00e9j\u00e0 exigeante. Ses grains, d\u2019une taille hors du commun, r\u00e9v\u00e8lent \u00e0 la lumi\u00e8re des nuances allant du miel ambr\u00e9 \u00e0 l\u2019or pur \u2014 une robe spectaculaire qui annonce d\u00e8s le premier regard la qualit\u00e9 de la d\u00e9gustation.<\/p>\n<p>En bouche, les grains, gros, parfaitement ronds et d\u2019une fermet\u00e9 id\u00e9ale, roulent sur le palais avec une \u00e9l\u00e9gance singuli\u00e8re. Extr\u00eamement doux, presque soyeux, le Kaspia Gold d\u00e9voile des ar\u00f4mes complexes \u2014 notes de cr\u00e8me, de noisette grillet\u00e9e, l\u00e9g\u00e8re touche marine \u2014 avec une longueur en bouche remarquable qui satisfera les palais les plus exigeants. C\u2019est un caviar con\u00e7u pour ceux qui ne transigent pas avec l\u2019excellence.<\/p>\n<p>\u00c0 conserver entre \u22122\u00b0C et +2\u00b0C. Disponible de 30\u00a0g \u00e0 1\u00a0kg, le Kaspia Gold s\u2019impose naturellement dans les occasions les plus pr\u00e9cieuses \u2014 r\u00e9veillons, anniversaires marquants, cadeaux d\u2019affaires de prestige. Associez-le \u00e0 un grand Champagne Blanc de Blancs pour une harmonie somptueuse.<\/p>","protected":false},"excerpt":{"rendered":"<p>\u00abThe \u00bbRolls Royce\" of Osci\u00e8tre caviar, this caviar has exceptional characteristics, with eggs ranging in colour from honey to gold. When tasted, its large, round, firm grains roll on the palate and have a beautiful length on the finish. It is very mild and ideal for discerning palates.<\/p>\n<p>Origin : Bulgaria<\/p>\n<p><em>Storage: Between -2\u00b0C and +2\u00b0C. \u00a0 \u00a0<\/em><\/p>\n<p><em>Select your quantity below<\/em><\/p>","protected":false},"featured_media":24383,"comment_status":"closed","ping_status":"closed","template":"","meta":[],"product_brand":[],"product_cat":[194,103],"product_tag":[],"class_list":{"0":"post-11883","1":"product","2":"type-product","3":"status-publish","4":"has-post-thumbnail","6":"product_cat-ads_fruits-de-mer","7":"product_cat-caviars-caviars","9":"first","10":"instock","11":"taxable","12":"shipping-taxable","13":"purchasable","14":"product-type-variable"},"_links":{"self":[{"href":"https:\/\/www.gourmandisedeluxe.com\/en\/wp-json\/wp\/v2\/product\/11883","targetHints":{"allow":["GET"]}}],"collection":[{"href":"https:\/\/www.gourmandisedeluxe.com\/en\/wp-json\/wp\/v2\/product"}],"about":[{"href":"https:\/\/www.gourmandisedeluxe.com\/en\/wp-json\/wp\/v2\/types\/product"}],"replies":[{"embeddable":true,"href":"https:\/\/www.gourmandisedeluxe.com\/en\/wp-json\/wp\/v2\/comments?post=11883"}],"version-history":[{"count":0,"href":"https:\/\/www.gourmandisedeluxe.com\/en\/wp-json\/wp\/v2\/product\/11883\/revisions"}],"wp:featuredmedia":[{"embeddable":true,"href":"https:\/\/www.gourmandisedeluxe.com\/en\/wp-json\/wp\/v2\/media\/24383"}],"wp:attachment":[{"href":"https:\/\/www.gourmandisedeluxe.com\/en\/wp-json\/wp\/v2\/media?parent=11883"}],"wp:term":[{"taxonomy":"product_brand","embeddable":true,"href":"https:\/\/www.gourmandisedeluxe.com\/en\/wp-json\/wp\/v2\/product_brand?post=11883"},{"taxonomy":"product_cat","embeddable":true,"href":"https:\/\/www.gourmandisedeluxe.com\/en\/wp-json\/wp\/v2\/product_cat?post=11883"},{"taxonomy":"product_tag","embeddable":true,"href":"https:\/\/www.gourmandisedeluxe.com\/en\/wp-json\/wp\/v2\/product_tag?post=11883"}],"curies":[{"name":"wp","href":"https:\/\/api.w.org\/{rel}","templated":true}]}}