{"id":11828,"date":"2020-11-18T11:10:38","date_gmt":"2020-11-18T10:10:38","guid":{"rendered":"https:\/\/www.gourmandisedeluxe.com\/?post_type=product&#038;p=11828"},"modified":"2026-04-22T14:42:42","modified_gmt":"2026-04-22T12:42:42","slug":"vodka-and-caviar-set","status":"publish","type":"product","link":"https:\/\/www.gourmandisedeluxe.com\/en\/coffret-vodka-et-caviar\/","title":{"rendered":"Vodka and Caviar set"},"content":{"rendered":"<p>The pairing of caviar and vodka is the greatest classic of the Kaspia table - a duo that has existed since the House's origins in 1927 and remains, a century later, one of the most refined taste experiences available. Visit <strong>Kaspia Vodka and Caviar Set<\/strong> makes it a turnkey gift, just right for special occasions.<\/p>\n<p>The set combines a bottle of Kaspia White Vodka with a selection of Kaspia caviar, the quantity and species of which vary according to the level chosen - from Oscietra Premier Prix to Bel\u00f3uga Grand R\u00e9serve. Several formats are available to suit all tastes, from intimate tastings to sumptuous celebrations. Prices according to composition, from <strong>590\u20ac \u00e0 2 490\u20ac<\/strong>.<\/p>\n<p>Each box is prepared to order and shipped under guaranteed cold conditions for the caviar. It comes with the Maison's tasting recommendations: vodka out of the freezer, caviar out of the fridge 10 minutes beforehand, mother-of-pearl or bone spoon imposed. An unforgettable gift.<\/p>","protected":false},"excerpt":{"rendered":"<p>Whether you're looking for a gift idea or a simple pleasure, you'll discover an elegant box in the brand's colors:<\/p>\n<p>1 bottle of Kaspia Vodka 70 cl - 40%<br \/>\n2 mother-of-pearl spoons 10 cm engraved Kaspia<br \/>\n1 tin of your choice of caviar 200 or 250g (Imperial Baeri or Osci\u00e8tre S\u00e9lection or B\u00e9luga Royal)<\/p>\n<p>Alcohol abuse is dangerous for your health. Drink in moderation.<\/p>","protected":false},"featured_media":24448,"comment_status":"open","ping_status":"closed","template":"","meta":[],"product_brand":[],"product_cat":[143,67,145,185,110],"product_tag":[],"class_list":{"0":"post-11828","1":"product","2":"type-product","3":"status-publish","4":"has-post-thumbnail","6":"product_cat-fetes-kaspia","7":"product_cat-fetes","8":"product_cat-la-cave-kaspia","9":"product_cat-noel-2025","10":"product_cat-nos-idees-cadeaux","12":"first","13":"instock","14":"taxable","15":"shipping-taxable","16":"purchasable","17":"product-type-variable"},"_links":{"self":[{"href":"https:\/\/www.gourmandisedeluxe.com\/en\/wp-json\/wp\/v2\/product\/11828","targetHints":{"allow":["GET"]}}],"collection":[{"href":"https:\/\/www.gourmandisedeluxe.com\/en\/wp-json\/wp\/v2\/product"}],"about":[{"href":"https:\/\/www.gourmandisedeluxe.com\/en\/wp-json\/wp\/v2\/types\/product"}],"replies":[{"embeddable":true,"href":"https:\/\/www.gourmandisedeluxe.com\/en\/wp-json\/wp\/v2\/comments?post=11828"}],"version-history":[{"count":0,"href":"https:\/\/www.gourmandisedeluxe.com\/en\/wp-json\/wp\/v2\/product\/11828\/revisions"}],"wp:featuredmedia":[{"embeddable":true,"href":"https:\/\/www.gourmandisedeluxe.com\/en\/wp-json\/wp\/v2\/media\/24448"}],"wp:attachment":[{"href":"https:\/\/www.gourmandisedeluxe.com\/en\/wp-json\/wp\/v2\/media?parent=11828"}],"wp:term":[{"taxonomy":"product_brand","embeddable":true,"href":"https:\/\/www.gourmandisedeluxe.com\/en\/wp-json\/wp\/v2\/product_brand?post=11828"},{"taxonomy":"product_cat","embeddable":true,"href":"https:\/\/www.gourmandisedeluxe.com\/en\/wp-json\/wp\/v2\/product_cat?post=11828"},{"taxonomy":"product_tag","embeddable":true,"href":"https:\/\/www.gourmandisedeluxe.com\/en\/wp-json\/wp\/v2\/product_tag?post=11828"}],"curies":[{"name":"wp","href":"https:\/\/api.w.org\/{rel}","templated":true}]}}