{"id":11371,"date":"2020-11-14T21:23:09","date_gmt":"2020-11-14T20:23:09","guid":{"rendered":"https:\/\/www.miel-montet.com\/kaspia_new\/?post_type=product&#038;p=11371"},"modified":"2026-04-22T14:05:22","modified_gmt":"2026-04-22T12:05:22","slug":"gouda-with-truffles","status":"publish","type":"product","link":"https:\/\/www.gourmandisedeluxe.com\/en\/gouda-a-la-truffe-dete\/","title":{"rendered":"Gouda with Summer Truffles"},"content":{"rendered":"<p>Le Gouda \u00e0 la Truffe d&#8217;\u00c9t\u00e9 est une interpr\u00e9tation inattendue d&#8217;un classique hollandais, qui d\u00e9montre que la truffe peut s&#8217;int\u00e9grer avec succ\u00e8s dans des fromages \u00e0 p\u00e2te press\u00e9e cuite et non uniquement dans les crm\u00e9eux \u00e0 p\u00e2te molle. Fabriqu\u00e9 au lait de vache thermis\u00e9, il pr\u00e9sente la cro\u00fbte lisse et dure de cire noire caract\u00e9ristique du Gouda, derri\u00e8re laquelle se cache une p\u00e2te jeune, souple, d&#8217;une couleur cr\u00e8me \u00e0 jaune p\u00e2le, pars\u00e9m\u00e9e d&#8217;\u00e9clats de truffe d&#8217;\u00e9t\u00e9 <em>Tuber Aestivum<\/em> visibles \u00e0 la coupe.<\/p>\n<p>La truffe d&#8217;\u00e9t\u00e9, plus douce et plus accessible que la Melanosporum, se marie naturellement avec la douceur laiti\u00e8re du Gouda jeune : ses notes de noisette et de champignon frais s&#8217;inscrivent dans le profil beurr\u00e9 du fromage sans l&#8217;\u00e9craser. C&#8217;est un fromage qui s&#8217;adresse autant aux amateurs confirm\u00e9s de truffe qu&#8217;aux n\u00e9ophytes \u00e0 qui il fait d\u00e9couvrir le sujet en douceur.<\/p>\n<p>Tranch\u00e9 et servi sur un plateau avec des raisins frais, des noix et du pain au levain, il est imm\u00e9diatement s\u00e9duisant. Il fond parfaitement en cuisine : sur une cr\u00eape sal\u00e9e, dans un croque-monsieur gourmet, sur une pizza blanche ou dans une fondue m\u00e9lang\u00e9e pour relever l&#8217;ensemble. Son caract\u00e8re polyvalent en fait un fromage de quotidien \u00e9l\u00e9gant.<\/p>\n<p>Contenu : env. 200g. Conserver au frais. Prix au kg : 49 \u20ac.<\/p>","protected":false},"excerpt":{"rendered":"<p>A Dutch cheese made from thermised cow's milk, it has a smooth, hard black wax rind enclosing a young, supple, pleasantly fragrant cream to yellow-coloured paste. The paste is dotted with numerous truffle shavings. This <strong>Gouda<\/strong> will give you a sweet, subtle flavour that will be hard to get enough of. With its intense summer truffle flavour, it's irresistible as an aperitif or added to cooked dishes. You'll discover some surprising combinations.<\/p>\n<p>CONSERVATION<br \/>\nKeep cool<\/p>\n<p>Quantity: approx. 200g.<\/p>\n<p>Price per kilo: \u00a349<\/p>","protected":false},"featured_media":17253,"comment_status":"open","ping_status":"closed","template":"","meta":[],"product_brand":[],"product_cat":[65],"product_tag":[],"class_list":{"0":"post-11371","1":"product","2":"type-product","3":"status-publish","4":"has-post-thumbnail","6":"product_cat-traiteur","8":"first","9":"instock","10":"taxable","11":"shipping-taxable","12":"purchasable","13":"product-type-simple"},"_links":{"self":[{"href":"https:\/\/www.gourmandisedeluxe.com\/en\/wp-json\/wp\/v2\/product\/11371","targetHints":{"allow":["GET"]}}],"collection":[{"href":"https:\/\/www.gourmandisedeluxe.com\/en\/wp-json\/wp\/v2\/product"}],"about":[{"href":"https:\/\/www.gourmandisedeluxe.com\/en\/wp-json\/wp\/v2\/types\/product"}],"replies":[{"embeddable":true,"href":"https:\/\/www.gourmandisedeluxe.com\/en\/wp-json\/wp\/v2\/comments?post=11371"}],"version-history":[{"count":0,"href":"https:\/\/www.gourmandisedeluxe.com\/en\/wp-json\/wp\/v2\/product\/11371\/revisions"}],"wp:featuredmedia":[{"embeddable":true,"href":"https:\/\/www.gourmandisedeluxe.com\/en\/wp-json\/wp\/v2\/media\/17253"}],"wp:attachment":[{"href":"https:\/\/www.gourmandisedeluxe.com\/en\/wp-json\/wp\/v2\/media?parent=11371"}],"wp:term":[{"taxonomy":"product_brand","embeddable":true,"href":"https:\/\/www.gourmandisedeluxe.com\/en\/wp-json\/wp\/v2\/product_brand?post=11371"},{"taxonomy":"product_cat","embeddable":true,"href":"https:\/\/www.gourmandisedeluxe.com\/en\/wp-json\/wp\/v2\/product_cat?post=11371"},{"taxonomy":"product_tag","embeddable":true,"href":"https:\/\/www.gourmandisedeluxe.com\/en\/wp-json\/wp\/v2\/product_tag?post=11371"}],"curies":[{"name":"wp","href":"https:\/\/api.w.org\/{rel}","templated":true}]}}