{"id":11349,"date":"2020-11-14T21:16:51","date_gmt":"2020-11-14T20:16:51","guid":{"rendered":"https:\/\/www.miel-montet.com\/kaspia_new\/?post_type=product&#038;p=11349"},"modified":"2026-04-22T13:37:29","modified_gmt":"2026-04-22T11:37:29","slug":"truffle-chips","status":"publish","type":"product","link":"https:\/\/www.gourmandisedeluxe.com\/en\/chips-truffe-dete\/","title":{"rendered":"Summer truffle crisps"},"content":{"rendered":"<p>Ces Chips \u00e0 la Truffe d&#8217;\u00c9t\u00e9 ne sont pas les chips que l&#8217;on croise dans le commerce courant. Plus \u00e9paisses, plus croustillantes, \u00e9labor\u00e9es \u00e0 partir de pommes de terre s\u00e9lectionn\u00e9es et assaisonn\u00e9es avec de la truffe italienne lyophilis\u00e9e \u2014 un proc\u00e9d\u00e9 qui pr\u00e9serve les ar\u00f4mes et la saveur de la <em>Tuber Aestivum<\/em> dans toute leur int\u00e9grit\u00e9 \u2014 elles constituent l&#8217;ap\u00e9ritif de f\u00eate par excellence.<\/p>\n<p>La lyophilisation de la truffe, contrairement \u00e0 une simple saveur artificielle, garantit la pr\u00e9sence de la v\u00e9ritable truffe d&#8217;\u00e9t\u00e9 sur chaque chips. Son parfum de noisette, de champignon frais et de sous-bois l\u00e9ger se m\u00eale \u00e0 la richesse grasse et salee de la chips pour cr\u00e9er un snack d&#8217;une d\u00e9pendance imm\u00e9diate. Texte parfaitement \u00e9quilibre, ar\u00f4me distinctif, croquant prononce.<\/p>\n<p>Id\u00e9ales \u00e0 l&#8217;ap\u00e9ritif accompagn\u00e9es d&#8217;un verre de Champagne Brut Maison de la Truffe ou d&#8217;un cr\u00e9mant d&#8217;Alsace, elles peuvent \u00e9galement servir de base croustillante \u00e9miett\u00e9e sur une soupe velout\u00e9e, de garniture pour des tapas, ou de support \u00e0 une cuiller\u00e9e de tarama et une larme de cr\u00e8me fraiche. Leur usage d\u00e9passe largement le simple snacking.<\/p>\n<p>Contenu : 45g. \u00c0 conserver dans un endroit frais et sec, \u00e0 l&#8217;abri de la lumi\u00e8re. Meilleur consomm\u00e9 le jour de l&#8217;ouverture.<\/p>","protected":false},"excerpt":{"rendered":"<p>Our <strong>truffle chips<\/strong> are seasoned with authentic freeze-dried Italian truffles.<\/p>\n<p>Our crisps are thicker than normal crisps and are very crispy.<br \/>\nExcellent as an appetiser, they can also be used as a base for sauces, tapas or in salads.<\/p>\n<p>CONSERVATION<br \/>\nStore in a cool, dry place, away from light.<br \/>\nQuantity: 45g<br \/>\nPrice per kilo: \u00a377.77<\/p>","protected":false},"featured_media":16778,"comment_status":"open","ping_status":"closed","template":"","meta":[],"product_brand":[],"product_cat":[69],"product_tag":[],"class_list":{"0":"post-11349","1":"product","2":"type-product","3":"status-publish","4":"has-post-thumbnail","6":"product_cat-a-lapero","8":"first","9":"instock","10":"taxable","11":"shipping-taxable","12":"purchasable","13":"product-type-simple"},"_links":{"self":[{"href":"https:\/\/www.gourmandisedeluxe.com\/en\/wp-json\/wp\/v2\/product\/11349","targetHints":{"allow":["GET"]}}],"collection":[{"href":"https:\/\/www.gourmandisedeluxe.com\/en\/wp-json\/wp\/v2\/product"}],"about":[{"href":"https:\/\/www.gourmandisedeluxe.com\/en\/wp-json\/wp\/v2\/types\/product"}],"replies":[{"embeddable":true,"href":"https:\/\/www.gourmandisedeluxe.com\/en\/wp-json\/wp\/v2\/comments?post=11349"}],"version-history":[{"count":0,"href":"https:\/\/www.gourmandisedeluxe.com\/en\/wp-json\/wp\/v2\/product\/11349\/revisions"}],"wp:featuredmedia":[{"embeddable":true,"href":"https:\/\/www.gourmandisedeluxe.com\/en\/wp-json\/wp\/v2\/media\/16778"}],"wp:attachment":[{"href":"https:\/\/www.gourmandisedeluxe.com\/en\/wp-json\/wp\/v2\/media?parent=11349"}],"wp:term":[{"taxonomy":"product_brand","embeddable":true,"href":"https:\/\/www.gourmandisedeluxe.com\/en\/wp-json\/wp\/v2\/product_brand?post=11349"},{"taxonomy":"product_cat","embeddable":true,"href":"https:\/\/www.gourmandisedeluxe.com\/en\/wp-json\/wp\/v2\/product_cat?post=11349"},{"taxonomy":"product_tag","embeddable":true,"href":"https:\/\/www.gourmandisedeluxe.com\/en\/wp-json\/wp\/v2\/product_tag?post=11349"}],"curies":[{"name":"wp","href":"https:\/\/api.w.org\/{rel}","templated":true}]}}