{"id":10323,"date":"2020-11-08T18:41:01","date_gmt":"2020-11-08T17:41:01","guid":{"rendered":"https:\/\/www.miel-montet.com\/kaspia_new\/?post_type=product&#038;p=10323"},"modified":"2026-04-22T15:21:53","modified_gmt":"2026-04-22T13:21:53","slug":"kaspia-small-gift-box","status":"publish","type":"product","link":"https:\/\/www.gourmandisedeluxe.com\/en\/boite-cadeau-petit-modele-kaspia\/","title":{"rendered":"Kaspia Small Gift Box"},"content":{"rendered":"<p>La <strong>Kaspia Small Gift Box<\/strong> est la version compacte de l&#8217;emballage signature de la Maison \u2014 id\u00e9ale pour emballer une ou deux bo\u00eetes de caviar, une bouteille unique, un coffret bijou ou un accessoire de table. Ses dimensions r\u00e9duites n&#8217;en diminuent pas le soin : m\u00eame qualit\u00e9 de carton, m\u00eame codes graphiques Kaspia noirs et turquoise, m\u00eame finition soign\u00e9e.<\/p>\n<p>\u00c0 <strong>10\u20ac<\/strong>, elle est l&#8217;option d&#8217;emballage la plus accessible de la Maison pour offrir avec style un produit de petite taille. \u00c0 associer avec la bo\u00eete grand mod\u00e8le pour les commandes multiples.<\/p>","protected":false},"excerpt":{"rendered":"<p>There's nothing like a gift box in the colours of Caviar Kaspia to bring joy.<\/p>\n<p>L\/W: 17*17<br \/>\nH 6.5<\/p>","protected":false},"featured_media":24442,"comment_status":"open","ping_status":"closed","template":"","meta":[],"product_brand":[],"product_cat":[15,143],"product_tag":[],"class_list":{"0":"post-10323","1":"product","2":"type-product","3":"status-publish","4":"has-post-thumbnail","6":"product_cat-emballage-cadeaux","7":"product_cat-fetes-kaspia","9":"first","10":"instock","11":"taxable","12":"shipping-taxable","13":"purchasable","14":"product-type-simple"},"_links":{"self":[{"href":"https:\/\/www.gourmandisedeluxe.com\/en\/wp-json\/wp\/v2\/product\/10323","targetHints":{"allow":["GET"]}}],"collection":[{"href":"https:\/\/www.gourmandisedeluxe.com\/en\/wp-json\/wp\/v2\/product"}],"about":[{"href":"https:\/\/www.gourmandisedeluxe.com\/en\/wp-json\/wp\/v2\/types\/product"}],"replies":[{"embeddable":true,"href":"https:\/\/www.gourmandisedeluxe.com\/en\/wp-json\/wp\/v2\/comments?post=10323"}],"version-history":[{"count":0,"href":"https:\/\/www.gourmandisedeluxe.com\/en\/wp-json\/wp\/v2\/product\/10323\/revisions"}],"wp:featuredmedia":[{"embeddable":true,"href":"https:\/\/www.gourmandisedeluxe.com\/en\/wp-json\/wp\/v2\/media\/24442"}],"wp:attachment":[{"href":"https:\/\/www.gourmandisedeluxe.com\/en\/wp-json\/wp\/v2\/media?parent=10323"}],"wp:term":[{"taxonomy":"product_brand","embeddable":true,"href":"https:\/\/www.gourmandisedeluxe.com\/en\/wp-json\/wp\/v2\/product_brand?post=10323"},{"taxonomy":"product_cat","embeddable":true,"href":"https:\/\/www.gourmandisedeluxe.com\/en\/wp-json\/wp\/v2\/product_cat?post=10323"},{"taxonomy":"product_tag","embeddable":true,"href":"https:\/\/www.gourmandisedeluxe.com\/en\/wp-json\/wp\/v2\/product_tag?post=10323"}],"curies":[{"name":"wp","href":"https:\/\/api.w.org\/{rel}","templated":true}]}}