{"id":10248,"date":"2020-11-08T13:54:12","date_gmt":"2020-11-08T12:54:12","guid":{"rendered":"https:\/\/www.miel-montet.com\/kaspia_new\/?page_id=10248"},"modified":"2020-11-11T13:51:12","modified_gmt":"2020-11-11T12:51:12","slug":"secure-payment","status":"publish","type":"page","link":"https:\/\/www.gourmandisedeluxe.com\/en\/paiement-securise\/","title":{"rendered":"Secure payment"},"content":{"rendered":"<div data-elementor-type=\"wp-page\" data-elementor-id=\"10248\" class=\"elementor elementor-10248\">\n\t\t\t\t\t\t<section class=\"wd-negative-gap elementor-section elementor-top-section elementor-element elementor-element-af2eb25 elementor-section-boxed elementor-section-height-default elementor-section-height-default\" data-id=\"af2eb25\" data-element_type=\"section\" data-e-type=\"section\">\n\t\t\t\t\t\t<div class=\"elementor-container elementor-column-gap-default\">\n\t\t\t\t\t<div class=\"elementor-column elementor-col-100 elementor-top-column elementor-element elementor-element-017533a\" data-id=\"017533a\" data-element_type=\"column\" data-e-type=\"column\">\n\t\t\t<div class=\"elementor-widget-wrap elementor-element-populated\">\n\t\t\t\t\t\t<div class=\"elementor-element elementor-element-da0a34e elementor-widget elementor-widget-image\" data-id=\"da0a34e\" data-element_type=\"widget\" data-e-type=\"widget\" data-widget_type=\"image.default\">\n\t\t\t\t<div class=\"elementor-widget-container\">\n\t\t\t\t\t\t\t\t\t\t\t\t\t\t\t<img decoding=\"async\" class=\"wd-lazy-fade\" src=\"https:\/\/www.gourmandisedeluxe.com\/wp-content\/themes\/woodmart\/images\/lazy.svg\" data-src=\"https:\/\/www.gourmandisedeluxe.com\/wp-content\/uploads\/elementor\/thumbs\/paypal-rcygduwi5ibv6bwpb2pk1kabtgjwzpcfendipj7fts.gif\" title=\"paypal\" alt=\"Paiement s\u00e9curis\u00e9 \u2013 Gourmandise de Luxe\" loading=\"lazy\" \/>\t\t\t\t\t\t\t\t\t\t\t\t\t\t\t<\/div>\n\t\t\t\t<\/div>\n\t\t\t\t\t<\/div>\n\t\t<\/div>\n\t\t\t\t\t<\/div>\n\t\t<\/section>\n\t\t\t\t<section class=\"wd-negative-gap elementor-section elementor-top-section elementor-element elementor-element-3dcde48 elementor-section-boxed elementor-section-height-default elementor-section-height-default\" data-id=\"3dcde48\" data-element_type=\"section\" data-e-type=\"section\">\n\t\t\t\t\t\t<div class=\"elementor-container elementor-column-gap-default\">\n\t\t\t\t\t<div class=\"elementor-column elementor-col-100 elementor-top-column elementor-element elementor-element-301055f\" data-id=\"301055f\" data-element_type=\"column\" data-e-type=\"column\">\n\t\t\t<div class=\"elementor-widget-wrap elementor-element-populated\">\n\t\t\t\t\t\t<div class=\"elementor-element elementor-element-ca73138 color-scheme-inherit text-left elementor-widget elementor-widget-text-editor\" data-id=\"ca73138\" data-element_type=\"widget\" data-e-type=\"widget\" data-widget_type=\"text-editor.default\">\n\t\t\t\t<div class=\"elementor-widget-container\">\n\t\t\t\t\t\t\t\t\t<p class=\"h700\">Secure online payment is provided by\u00a0<a class=\"help\" href=\"https:\/\/www.paypal.com\/\" target=\"_blank\" rel=\"noopener nofollow\">PayPal<\/a>\u00a0using its solution\u00a0<b>PayPal<\/b>\u00a0.<\/p><p class=\"h701\">At no point are card numbers transmitted or stored on our servers, guaranteeing you the highest level of payment security.<\/p><p class=\"h702\"><b>PayPal<\/b>\u00a0handles all aspects of online payment management, from acquiring card transactions on the Internet to depositing funds in the bank. After placing their order and entering their delivery details, Internet users choose to pay for their purchase online via PayPal, which manages the various stages of the transaction using a secure exchange protocol that encrypts information (SSL: Secure Socket Layer).<\/p>\t\t\t\t\t\t\t\t<\/div>\n\t\t\t\t<\/div>\n\t\t\t\t\t<\/div>\n\t\t<\/div>\n\t\t\t\t\t<\/div>\n\t\t<\/section>\n\t\t\t\t<section class=\"wd-negative-gap elementor-section elementor-top-section elementor-element elementor-element-215999c elementor-section-boxed elementor-section-height-default elementor-section-height-default\" data-id=\"215999c\" data-element_type=\"section\" data-e-type=\"section\">\n\t\t\t\t\t\t<div class=\"elementor-container elementor-column-gap-default\">\n\t\t\t\t\t<div class=\"elementor-column elementor-col-100 elementor-top-column elementor-element elementor-element-b52df22\" data-id=\"b52df22\" data-element_type=\"column\" data-e-type=\"column\">\n\t\t\t<div class=\"elementor-widget-wrap elementor-element-populated\">\n\t\t\t\t\t\t<div class=\"elementor-element elementor-element-78635dd elementor-widget elementor-widget-image\" data-id=\"78635dd\" data-element_type=\"widget\" data-e-type=\"widget\" data-widget_type=\"image.default\">\n\t\t\t\t<div class=\"elementor-widget-container\">\n\t\t\t\t\t\t\t\t\t\t\t\t\t\t\t<img decoding=\"async\" class=\"wd-lazy-fade\" src=\"https:\/\/www.gourmandisedeluxe.com\/wp-content\/themes\/woodmart\/images\/lazy.svg\" data-src=\"https:\/\/www.gourmandisedeluxe.com\/wp-content\/uploads\/elementor\/thumbs\/telechargement-rcygds2z1pks5jgfz8u1x3la4ja9jstsp0swuadpdg.png\" title=\"download\" alt=\"Paiement s\u00e9curis\u00e9 \u2013 Gourmandise de Luxe\" loading=\"lazy\" \/>\t\t\t\t\t\t\t\t\t\t\t\t\t\t\t<\/div>\n\t\t\t\t<\/div>\n\t\t\t\t\t<\/div>\n\t\t<\/div>\n\t\t\t\t\t<\/div>\n\t\t<\/section>\n\t\t\t\t<section class=\"wd-negative-gap elementor-section elementor-top-section elementor-element elementor-element-28f45b1 elementor-section-boxed elementor-section-height-default elementor-section-height-default\" data-id=\"28f45b1\" data-element_type=\"section\" data-e-type=\"section\">\n\t\t\t\t\t\t<div class=\"elementor-container elementor-column-gap-default\">\n\t\t\t\t\t<div class=\"elementor-column elementor-col-100 elementor-top-column elementor-element elementor-element-45092cb\" data-id=\"45092cb\" data-element_type=\"column\" data-e-type=\"column\">\n\t\t\t<div class=\"elementor-widget-wrap elementor-element-populated\">\n\t\t\t\t\t\t<div class=\"elementor-element elementor-element-4148445 color-scheme-inherit text-left elementor-widget elementor-widget-text-editor\" data-id=\"4148445\" data-element_type=\"widget\" data-e-type=\"widget\" data-widget_type=\"text-editor.default\">\n\t\t\t\t<div class=\"elementor-widget-container\">\n\t\t\t\t\t\t\t\t\t<p class=\"h700\">Secure online payment is provided by\u00a0<a class=\"help\" href=\"http:\/\/www.bnpparibas.net\/\" target=\"_blank\" rel=\"noopener nofollow\">BNP Paribas<\/a>\u00a0using its solution\u00a0<b>Mercanet<\/b>\u00a0.<\/p><p class=\"h701\">At no point are card numbers transmitted or stored on our servers, guaranteeing you the highest level of payment security.<\/p><p class=\"h702\"><b>Mercanet<\/b>\u00a0handles all aspects of online payment management, from acquiring card transactions on the Internet to depositing funds in the bank. After placing their order and entering their delivery details, Internet users choose to pay for their purchase online via BNP Paribas, which manages the various stages of the transaction using a secure exchange protocol that encrypts information (SSL: Secure Socket Layer).<\/p><p>Please contact us if you cannot find the answer to your question in these sections.<\/p>\t\t\t\t\t\t\t\t<\/div>\n\t\t\t\t<\/div>\n\t\t\t\t\t<\/div>\n\t\t<\/div>\n\t\t\t\t\t<\/div>\n\t\t<\/section>\n\t\t\t\t<\/div>","protected":false},"excerpt":{"rendered":"<p>Le paiement en ligne s\u00e9curis\u00e9 est assur\u00e9 par\u00a0PayPal\u00a0\u00e0 l&#8217;aide de sa solution\u00a0PayPal\u00a0. A aucun moment les num\u00e9ros de carte ne<\/p>","protected":false},"author":1,"featured_media":0,"parent":0,"menu_order":0,"comment_status":"closed","ping_status":"closed","template":"","meta":{"footnotes":""},"class_list":["post-10248","page","type-page","status-publish","hentry"],"_links":{"self":[{"href":"https:\/\/www.gourmandisedeluxe.com\/en\/wp-json\/wp\/v2\/pages\/10248","targetHints":{"allow":["GET"]}}],"collection":[{"href":"https:\/\/www.gourmandisedeluxe.com\/en\/wp-json\/wp\/v2\/pages"}],"about":[{"href":"https:\/\/www.gourmandisedeluxe.com\/en\/wp-json\/wp\/v2\/types\/page"}],"author":[{"embeddable":true,"href":"https:\/\/www.gourmandisedeluxe.com\/en\/wp-json\/wp\/v2\/users\/1"}],"replies":[{"embeddable":true,"href":"https:\/\/www.gourmandisedeluxe.com\/en\/wp-json\/wp\/v2\/comments?post=10248"}],"version-history":[{"count":0,"href":"https:\/\/www.gourmandisedeluxe.com\/en\/wp-json\/wp\/v2\/pages\/10248\/revisions"}],"wp:attachment":[{"href":"https:\/\/www.gourmandisedeluxe.com\/en\/wp-json\/wp\/v2\/media?parent=10248"}],"curies":[{"name":"wp","href":"https:\/\/api.w.org\/{rel}","templated":true}]}}