{"id":9547,"date":"2020-11-05T19:46:23","date_gmt":"2020-11-05T18:46:23","guid":{"rendered":"https:\/\/www.miel-montet.com\/kaspia_new\/product\/tartufata-a-la-truffe-dete-5-90g\/"},"modified":"2026-04-22T13:50:45","modified_gmt":"2026-04-22T11:50:45","slug":"tartufata-a-la-truffe-dete-5","status":"publish","type":"product","link":"https:\/\/www.gourmandisedeluxe.com\/de\/tartufata-a-la-truffe-dete-5\/","title":{"rendered":"Tartufata mit Sommertr\u00fcffeln 5%"},"content":{"rendered":"<p>La Tartufata est l&#8217;ingr\u00e9dient de fond de placard id\u00e9al pour tout amateur de cuisine truff\u00e9e : une sauce italienne \u00e9labor\u00e9e \u00e0 partir de champignons de couche <em>Agaricus bisporus<\/em>, d&#8217;huile d&#8217;olive extra vierge et de tournesol, d&#8217;olives noires et de 5% de truffe d&#8217;\u00e9t\u00e9 <em>Tuber Aestivum<\/em> \u2014 un dosage tr\u00e8s g\u00e9n\u00e9reux qui fait de ce produit un v\u00e9ritable concentr\u00e9 aromatique, pr\u00eat \u00e0 l&#8217;emploi en toutes circonstances.<\/p>\n<p>Sa texture est l\u00e9g\u00e8rement granuleuse, brun\u00e2tre, riche en morceaux de champignons et de truffe visibles. Son ar\u00f4me est profond et familier \u00e0 la fois : fongi\u00e8re, bois\u00e9, enveloppant, avec une pointe d&#8217;olive noire qui apporte am\u00e9rtume et corps. C&#8217;est la base d&#8217;une infinit\u00e9 de plats, du plus rapide au plus \u00e9labor\u00e9.<\/p>\n<p>Une cuiller\u00e9e m\u00e9lang\u00e9e \u00e0 des p\u00e2tes al dente avec un filet d&#8217;huile d&#8217;olive et parmesan fait un repas complet en cinq minutes. Deux cuiller\u00e9es dans une omelette au moment de la plier cr\u00e9ent une garniture d&#8217;une \u00e9tonnante richesse. Elle sert \u00e9galement de base \u00e0 un risotto truff\u00e9, de garniture pour des vol-au-vent ou de tartinable sur un toast \u00e0 l&#8217;ap\u00e9ritif. L&#8217;un des produits les plus polyvalents de la gamme.<\/p>\n<p>Conserver dans un endroit sec, \u00e0 l&#8217;abri de la lumi\u00e8re. Apr\u00e8s ouverture, r\u00e9frig\u00e9rer et consommer dans les 5 jours.<\/p>","protected":false},"excerpt":{"rendered":"<p>Diese Sauce eignet sich ideal zum W\u00fcrzen von Pasta, Gnocchi oder Risotto oder um einem einfachen Omelett eine besondere Note zu verleihen. Diese Sauce sollte man immer im Schrank haben, um einfache Alltagsgerichte zu verfeinern.<\/p>\n<p><strong>Zutaten: Zuchtchampignons (Agaricus bisporus), Sonnenblumen\u00f6l 10%, natives Oliven\u00f6l extra 6%, Sommertr\u00fcffel 5% (Tuber Aestivum Vitt.), schwarze Oliven, Salz, Aroma. Kann Spuren oder Sporen der Gattung Tuber spp. enthalten.<\/strong><\/p>\n<p><em>Lagerung: Nach dem \u00d6ffnen im K\u00fchlschrank aufbewahren und innerhalb von 7 Tagen verbrauchen.<\/em><\/p>\n<p>Menge: 90 g<\/p>","protected":false},"featured_media":17064,"comment_status":"closed","ping_status":"closed","template":"","meta":[],"product_brand":[],"product_cat":[72],"product_tag":[],"class_list":{"0":"post-9547","1":"product","2":"type-product","3":"status-publish","4":"has-post-thumbnail","6":"product_cat-epicerie-fine","8":"first","9":"instock","10":"taxable","11":"shipping-taxable","12":"purchasable","13":"product-type-simple"},"_links":{"self":[{"href":"https:\/\/www.gourmandisedeluxe.com\/de\/wp-json\/wp\/v2\/product\/9547","targetHints":{"allow":["GET"]}}],"collection":[{"href":"https:\/\/www.gourmandisedeluxe.com\/de\/wp-json\/wp\/v2\/product"}],"about":[{"href":"https:\/\/www.gourmandisedeluxe.com\/de\/wp-json\/wp\/v2\/types\/product"}],"replies":[{"embeddable":true,"href":"https:\/\/www.gourmandisedeluxe.com\/de\/wp-json\/wp\/v2\/comments?post=9547"}],"version-history":[{"count":0,"href":"https:\/\/www.gourmandisedeluxe.com\/de\/wp-json\/wp\/v2\/product\/9547\/revisions"}],"wp:featuredmedia":[{"embeddable":true,"href":"https:\/\/www.gourmandisedeluxe.com\/de\/wp-json\/wp\/v2\/media\/17064"}],"wp:attachment":[{"href":"https:\/\/www.gourmandisedeluxe.com\/de\/wp-json\/wp\/v2\/media?parent=9547"}],"wp:term":[{"taxonomy":"product_brand","embeddable":true,"href":"https:\/\/www.gourmandisedeluxe.com\/de\/wp-json\/wp\/v2\/product_brand?post=9547"},{"taxonomy":"product_cat","embeddable":true,"href":"https:\/\/www.gourmandisedeluxe.com\/de\/wp-json\/wp\/v2\/product_cat?post=9547"},{"taxonomy":"product_tag","embeddable":true,"href":"https:\/\/www.gourmandisedeluxe.com\/de\/wp-json\/wp\/v2\/product_tag?post=9547"}],"curies":[{"name":"wp","href":"https:\/\/api.w.org\/{rel}","templated":true}]}}