{"id":9529,"date":"2020-11-05T19:46:23","date_gmt":"2020-11-05T18:46:23","guid":{"rendered":"https:\/\/www.miel-montet.com\/kaspia_new\/product\/grappa-aromatisee-a-la-truffe-200ml\/"},"modified":"2026-04-22T13:35:20","modified_gmt":"2026-04-22T11:35:20","slug":"mit-truffel-aromatisierter-grappa","status":"publish","type":"product","link":"https:\/\/www.gourmandisedeluxe.com\/de\/grappa-aromatisee-a-la-truffe\/","title":{"rendered":"Grappa mit Tr\u00fcffelaroma"},"content":{"rendered":"<p>La Grappa Aromatis\u00e9e \u00e0 la Truffe Noire est une eau-de-vie de marc d&#8217;une noblesse rare, issue de la tradition distillatrice italienne, sublim\u00e9e par l&#8217;ajout de <em>Tuber Melanosporum<\/em>. Compos\u00e9e de 98% de grappa, d&#8217;ar\u00f4me naturel et de 0,75% de Truffe Noire, elle r\u00e9unit en un seul flacon deux produits qui font la gloire de la gastronomie italienne et fran\u00e7aise.<\/p>\n<p>La grappa apporte sa chaleur s\u00e8che, ses notes florales et l\u00e9g\u00e8rement fruit\u00e9es, typiques des marcs de qualit\u00e9 sup\u00e9rieure. La truffe, pr\u00e9sente en infusion, vient y imprimer sa signature terr\u00e9e et profonde, cr\u00e9ant un dialogue d&#8217;une persistance aromatique remarquable. La d\u00e9gustation r\u00e9v\u00e8le d&#8217;abord la chaleur de l&#8217;alcool, puis les notes de champignon sauvage, de sous-bois et de noisette grill\u00e9e de la Melanosporum, qui persistenet longuement en bouche.<\/p>\n<p>Servie entre 9\u00b0C et 13\u00b0C dans un verre tulipe, elle est l&#8217;accompagnement id\u00e9al d&#8217;un repas de f\u00eate apr\u00e8s les fromages, ou comme digestif d&#8217;une soir\u00e9e aut\u00f3mnale autour d&#8217;un plateau de charcuterie italienne. Elle peut \u00e9galement entrer dans la composition d&#8217;un cocktail gastronomique ou d&#8217;une sauce ch\u00e2ude pour un dessert au chocolat noir.<\/p>\n<p>Contenu : 200ml. \u00c0 conserver dans un lieu frais et sec. \u00c0 consommer avec mod\u00e9ration. L&#8217;alcool est dangereux pour la sant\u00e9.<\/p>","protected":false},"excerpt":{"rendered":"<p>Ideal als Digestif. Servieren Sie ihn bei einer Temperatur zwischen 9 \u00b0C und 13 \u00b0C. Trinken Sie verantwortungsbewusst.<\/p>\n<p><strong>Zusammensetzung: Grappa 98%, Aroma, Schwarze Tr\u00fcffel 0,75% (Tuber Melanosporum Vitt.). Kann Spuren oder Sporen der Gattung Tuber Spp. enthalten.\u00a0<\/strong><\/p>\n<p><em>Aufbewahrung: An einem k\u00c3\u0192\u00c2\u00bchlen und trockenen Ort aufbewahren. *<\/em><\/p>\n<p>Alkohol ist gesundheitssch\u00e4dlich. Mit Ma\u00df genie\u00dfen.<\/p>\n<p><em>Menge: 200 ml<br \/>\n<\/em><em>Preis pro Liter: 125 \u20ac<\/em><\/p>","protected":false},"featured_media":16313,"comment_status":"closed","ping_status":"closed","template":"","meta":[],"product_brand":[],"product_cat":[72,69],"product_tag":[],"class_list":{"0":"post-9529","1":"product","2":"type-product","3":"status-publish","4":"has-post-thumbnail","6":"product_cat-epicerie-fine","7":"product_cat-a-lapero","9":"first","10":"instock","11":"taxable","12":"shipping-taxable","13":"purchasable","14":"product-type-simple"},"_links":{"self":[{"href":"https:\/\/www.gourmandisedeluxe.com\/de\/wp-json\/wp\/v2\/product\/9529","targetHints":{"allow":["GET"]}}],"collection":[{"href":"https:\/\/www.gourmandisedeluxe.com\/de\/wp-json\/wp\/v2\/product"}],"about":[{"href":"https:\/\/www.gourmandisedeluxe.com\/de\/wp-json\/wp\/v2\/types\/product"}],"replies":[{"embeddable":true,"href":"https:\/\/www.gourmandisedeluxe.com\/de\/wp-json\/wp\/v2\/comments?post=9529"}],"version-history":[{"count":0,"href":"https:\/\/www.gourmandisedeluxe.com\/de\/wp-json\/wp\/v2\/product\/9529\/revisions"}],"wp:featuredmedia":[{"embeddable":true,"href":"https:\/\/www.gourmandisedeluxe.com\/de\/wp-json\/wp\/v2\/media\/16313"}],"wp:attachment":[{"href":"https:\/\/www.gourmandisedeluxe.com\/de\/wp-json\/wp\/v2\/media?parent=9529"}],"wp:term":[{"taxonomy":"product_brand","embeddable":true,"href":"https:\/\/www.gourmandisedeluxe.com\/de\/wp-json\/wp\/v2\/product_brand?post=9529"},{"taxonomy":"product_cat","embeddable":true,"href":"https:\/\/www.gourmandisedeluxe.com\/de\/wp-json\/wp\/v2\/product_cat?post=9529"},{"taxonomy":"product_tag","embeddable":true,"href":"https:\/\/www.gourmandisedeluxe.com\/de\/wp-json\/wp\/v2\/product_tag?post=9529"}],"curies":[{"name":"wp","href":"https:\/\/api.w.org\/{rel}","templated":true}]}}