{"id":9493,"date":"2020-11-05T19:46:09","date_gmt":"2020-11-05T18:46:09","guid":{"rendered":"https:\/\/www.miel-montet.com\/kaspia_new\/product\/preparation-fromagere-a-base-de-brie-de-meaux-et-de-truffe-noire-melanosporum-250g-ou-500g\/"},"modified":"2026-04-22T15:09:15","modified_gmt":"2026-04-22T13:09:15","slug":"kasezubereitung-auf-basis-von-brie-de-meaux","status":"publish","type":"product","link":"https:\/\/www.gourmandisedeluxe.com\/de\/preparation-fromagere-a-base-de-brie-de-meaux\/","title":{"rendered":"K\u00e4sezubereitung auf der Grundlage von Brie de Meaux mit schwarzem Melanosporum-Tr\u00fcffel und aromatisiert"},"content":{"rendered":"<p>Le Brie de Meaux est l&#8217;un des grands fromages de France \u2014 AOP depuis 1980, produit en Seine-et-Marne avec un lait cru de vache qui lui conf\u00e8re une richesse aromatique et une texture coulante incomparables. Cette <strong>Pr\u00e9paration Fromag\u00e8re \u00e0 base de Brie de Meaux \u00e0 la Truffe Noire Melanosporum<\/strong> en est la version gastronomique extr\u00eame : le brie le plus noble de France enrichi de truffe noire \u2014 le champignon le plus pr\u00e9cieux du monde.<\/p>\n<p>La truffe Melanosporum, incorpor\u00e9e dans la p\u00e2te ou en inclusion visibles selon les formats, impose ses ar\u00f4mes terreux et profonds \u00e0 la richesse cr\u00e9meuse du brie pour cr\u00e9er un fromage d&#8217;exception que l&#8217;on ne peut pas trouver chez un fromager ordinaire. \u00c0 <strong>19,50\u20ac<\/strong>, c&#8217;est une entr\u00e9e dans l&#8217;univers du fromage truff\u00e9 \u00e0 un prix tr\u00e8s raisonnable.<\/p>\n<p>Servez \u00e0 temp\u00e9rature ambiante (sortir 30 minutes avant), sur un plateau de fromages de pr\u00e9f\u00e9rence seul pour ne pas lui faire concurrence, avec un pain de campagne au levain et un Champagne blanc de blancs. Id\u00e9al pour les repas de f\u00eates o\u00f9 le plateau de fromages m\u00e9rite d&#8217;avoir sa pi\u00e8ce phare.<\/p>","protected":false},"excerpt":{"rendered":"<p>Entdecken Sie die Aromen des Brie, kombiniert mit den Aromen des schwarzen Diamanten von Maison de la Truffe. Genie\u00dfen Sie ihn mit Mesclun-Salat und einer Vinaigrette mit schwarzem Tr\u00fcffel.<\/p>\n<p>250 g: f\u00fcr 2 bis 3 Personen<br \/>\n500 g: f\u00fcr 4 bis 6 Personen<\/p>\n<p><strong>Zusammensetzung: Brie de Meaux, Mascarpone, aromatisiertes Oliven\u00f6l mit schwarzen Tr\u00fcffeln, Bruchst\u00fccke von schwarzen Melanosporum-Tr\u00fcffeln.<\/strong><\/p>\n<p><em>Lagerung: Zwischen +3 \u00b0C und +4 \u00b0C.<\/em><\/p>\n<p><em>W\u00e4hlen Sie unten Ihre Menge aus<br \/>\n<\/em><em>Preis pro kg: 78 \u20ac<\/em><\/p>","protected":false},"featured_media":17304,"comment_status":"closed","ping_status":"closed","template":"","meta":[],"product_brand":[],"product_cat":[65,110],"product_tag":[],"class_list":{"0":"post-9493","1":"product","2":"type-product","3":"status-publish","4":"has-post-thumbnail","6":"product_cat-traiteur","7":"product_cat-nos-idees-cadeaux","9":"first","10":"instock","11":"taxable","12":"shipping-taxable","13":"purchasable","14":"product-type-variable"},"_links":{"self":[{"href":"https:\/\/www.gourmandisedeluxe.com\/de\/wp-json\/wp\/v2\/product\/9493","targetHints":{"allow":["GET"]}}],"collection":[{"href":"https:\/\/www.gourmandisedeluxe.com\/de\/wp-json\/wp\/v2\/product"}],"about":[{"href":"https:\/\/www.gourmandisedeluxe.com\/de\/wp-json\/wp\/v2\/types\/product"}],"replies":[{"embeddable":true,"href":"https:\/\/www.gourmandisedeluxe.com\/de\/wp-json\/wp\/v2\/comments?post=9493"}],"version-history":[{"count":0,"href":"https:\/\/www.gourmandisedeluxe.com\/de\/wp-json\/wp\/v2\/product\/9493\/revisions"}],"wp:featuredmedia":[{"embeddable":true,"href":"https:\/\/www.gourmandisedeluxe.com\/de\/wp-json\/wp\/v2\/media\/17304"}],"wp:attachment":[{"href":"https:\/\/www.gourmandisedeluxe.com\/de\/wp-json\/wp\/v2\/media?parent=9493"}],"wp:term":[{"taxonomy":"product_brand","embeddable":true,"href":"https:\/\/www.gourmandisedeluxe.com\/de\/wp-json\/wp\/v2\/product_brand?post=9493"},{"taxonomy":"product_cat","embeddable":true,"href":"https:\/\/www.gourmandisedeluxe.com\/de\/wp-json\/wp\/v2\/product_cat?post=9493"},{"taxonomy":"product_tag","embeddable":true,"href":"https:\/\/www.gourmandisedeluxe.com\/de\/wp-json\/wp\/v2\/product_tag?post=9493"}],"curies":[{"name":"wp","href":"https:\/\/api.w.org\/{rel}","templated":true}]}}