{"id":9481,"date":"2020-11-05T19:46:09","date_gmt":"2020-11-05T18:46:09","guid":{"rendered":"https:\/\/www.miel-montet.com\/kaspia_new\/product\/coffret-la-truffe\/"},"modified":"2026-04-22T15:09:15","modified_gmt":"2026-04-22T13:09:15","slug":"koffer-la-truffe","status":"publish","type":"product","link":"https:\/\/www.gourmandisedeluxe.com\/de\/coffret-la-truffe\/","title":{"rendered":"Geschenkset La Truffe"},"content":{"rendered":"<p>Die <strong>Geschenkset La Truffe<\/strong> est l&#8217;expression la plus compl\u00e8te et la plus ambitieuse de la Maison de la Truffe en mati\u00e8re de coffret cadeau gastronomique. R\u00e9unissant une s\u00e9lection de ses produits les plus repr\u00e9sentatifs autour de la truffe \u2014 huile de finition, tartufata, pur\u00e9e, condiments, conserve \u2014 il offre au destinataire un panorama exhaustif de ce que la truffe peut apporter \u00e0 la cuisine quotidienne et festive.<\/p>\n<p>Chaque produit inclus a \u00e9t\u00e9 s\u00e9lectionn\u00e9 pour son niveau d&#8217;excellence et sa compl\u00e9mentarit\u00e9 avec les autres \u2014 ensemble, ils permettent de cuisiner la truffe sous toutes ses formes, du cru au cuit, de l&#8217;entr\u00e9e au dessert. Propos\u00e9 \u00e0 <strong>189\u20ac<\/strong>, c&#8217;est le coffret de r\u00e9f\u00e9rence pour offrir la truffe dans toute sa dimension gastronomique.<\/p>\n<p>Cadeau d&#8217;entreprise haut de gamme, cadeau de f\u00eate d&#8217;une g\u00e9n\u00e9rosit\u00e9 \u00e9vidente, cadeau pour un passionn\u00e9 de gastronomie qui m\u00e9rite un pr\u00e9sent \u00e0 la hauteur de sa passion. Livr\u00e9 dans l&#8217;emballage signature de la Maison de la Truffe, avec les notes de d\u00e9gustation et d&#8217;utilisation de la Maison.<\/p>","protected":false},"excerpt":{"rendered":"<p>Das Set \"La Truffe\" enth\u00c3\u0192\u00c2\u00a4lt :<br \/>\n1 Buch La Truffe<br \/>\n1 Gu\u00e9rande-Salz mit Sommertr\u00fcffel 100 g<br \/>\n1 Oliven\u00f6l mit schwarzem Tr\u00fcffel, 100 ml<br \/>\n1 ganze Tr\u00fcffel Extra Special 1 Tr\u00fcffel 12,5 g<br \/>\n1 Rasiermesser aus Olivenholz<\/p>\n<p><em>* Diese Box wird in einer Geschenkverpackung verschickt.<\/em><\/p>","protected":false},"featured_media":9483,"comment_status":"closed","ping_status":"closed","template":"","meta":[],"product_brand":[],"product_cat":[110],"product_tag":[],"class_list":{"0":"post-9481","1":"product","2":"type-product","3":"status-publish","4":"has-post-thumbnail","6":"product_cat-nos-idees-cadeaux","8":"first","9":"outofstock","10":"taxable","11":"shipping-taxable","12":"purchasable","13":"product-type-simple"},"_links":{"self":[{"href":"https:\/\/www.gourmandisedeluxe.com\/de\/wp-json\/wp\/v2\/product\/9481","targetHints":{"allow":["GET"]}}],"collection":[{"href":"https:\/\/www.gourmandisedeluxe.com\/de\/wp-json\/wp\/v2\/product"}],"about":[{"href":"https:\/\/www.gourmandisedeluxe.com\/de\/wp-json\/wp\/v2\/types\/product"}],"replies":[{"embeddable":true,"href":"https:\/\/www.gourmandisedeluxe.com\/de\/wp-json\/wp\/v2\/comments?post=9481"}],"version-history":[{"count":0,"href":"https:\/\/www.gourmandisedeluxe.com\/de\/wp-json\/wp\/v2\/product\/9481\/revisions"}],"wp:featuredmedia":[{"embeddable":true,"href":"https:\/\/www.gourmandisedeluxe.com\/de\/wp-json\/wp\/v2\/media\/9483"}],"wp:attachment":[{"href":"https:\/\/www.gourmandisedeluxe.com\/de\/wp-json\/wp\/v2\/media?parent=9481"}],"wp:term":[{"taxonomy":"product_brand","embeddable":true,"href":"https:\/\/www.gourmandisedeluxe.com\/de\/wp-json\/wp\/v2\/product_brand?post=9481"},{"taxonomy":"product_cat","embeddable":true,"href":"https:\/\/www.gourmandisedeluxe.com\/de\/wp-json\/wp\/v2\/product_cat?post=9481"},{"taxonomy":"product_tag","embeddable":true,"href":"https:\/\/www.gourmandisedeluxe.com\/de\/wp-json\/wp\/v2\/product_tag?post=9481"}],"curies":[{"name":"wp","href":"https:\/\/api.w.org\/{rel}","templated":true}]}}