{"id":9475,"date":"2020-11-05T19:46:09","date_gmt":"2020-11-05T18:46:09","guid":{"rendered":"https:\/\/www.miel-montet.com\/kaspia_new\/product\/affiche-cochon\/"},"modified":"2026-04-22T14:46:03","modified_gmt":"2026-04-22T12:46:03","slug":"poster-schwein","status":"publish","type":"product","link":"https:\/\/www.gourmandisedeluxe.com\/de\/affiche-cochon\/","title":{"rendered":"Poster \"Schwein\""},"content":{"rendered":"<p>Das Tr\u00fcffelschwein ist eine der ikonischsten Figuren der Tr\u00fcffel - ein Tier mit einer unvergleichlichen Nase, das es den Menschen seit Jahrhunderten erm\u00f6glicht, die unter Eichen und Hainbuchen verborgenen Sch\u00e4tze aufzusp\u00fcren. L\u2019<strong>Poster Schwein<\/strong> des Maison de la Truffe ist eine humorvolle und z\u00e4rtliche Hommage an diesen Lev\u00e9e-Begleiter in einer Originalillustration, die exklusiv vom Maison de la Truffe herausgegeben wird.<\/p>\n<p>Auf hochwertigem Papier gedruckt, im Format eines Rahmens, verleiht sie jedem Lebensraum eine Note von Geist und gastronomischer Kultur. Das Motiv ist f\u00fcr einen Tr\u00fcffelliebhaber sofort erkennbar, die Grafik ist sorgf\u00e4ltig gestaltet und der Preis erschwinglich - -. <strong>10\u20ac<\/strong> - machen sie zu einem perfekten Mitbringsel, das man zusammen mit einem Geschenkset oder einer getr\u00fcffelten Flasche \u00fcberreichen kann.<\/p>\n<p>Ideal f\u00fcr Tr\u00fcffelfans, die ihre Gaumenfreuden gerne zur Schau stellen, f\u00fcr neugierige Kinder, die man in die Tr\u00fcffelkultur einf\u00fchren m\u00f6chte, oder f\u00fcr alle, die den gastronomischen Humor mit einem gro\u00dfen G zu sch\u00e4tzen wissen. Ein Sammlerst\u00fcck zum kleinen Preis, signiert von Maison de la Truffe.<\/p>","protected":false},"excerpt":{"rendered":"<p>Verkleiden Sie Ihre W\u00c3\u0192\u00c2\u00a4nde mit den ber\u00c3\u0192\u00c2\u00bchmten Maison de la Truffe-Postern!<\/p>","protected":false},"featured_media":9477,"comment_status":"closed","ping_status":"closed","template":"","meta":[],"product_brand":[],"product_cat":[153,110],"product_tag":[],"class_list":{"0":"post-9475","1":"product","2":"type-product","3":"status-publish","4":"has-post-thumbnail","6":"product_cat-coffrets-cadeaux-mdt","7":"product_cat-nos-idees-cadeaux","9":"first","10":"instock","11":"taxable","12":"shipping-taxable","13":"purchasable","14":"product-type-simple"},"_links":{"self":[{"href":"https:\/\/www.gourmandisedeluxe.com\/de\/wp-json\/wp\/v2\/product\/9475","targetHints":{"allow":["GET"]}}],"collection":[{"href":"https:\/\/www.gourmandisedeluxe.com\/de\/wp-json\/wp\/v2\/product"}],"about":[{"href":"https:\/\/www.gourmandisedeluxe.com\/de\/wp-json\/wp\/v2\/types\/product"}],"replies":[{"embeddable":true,"href":"https:\/\/www.gourmandisedeluxe.com\/de\/wp-json\/wp\/v2\/comments?post=9475"}],"version-history":[{"count":0,"href":"https:\/\/www.gourmandisedeluxe.com\/de\/wp-json\/wp\/v2\/product\/9475\/revisions"}],"wp:featuredmedia":[{"embeddable":true,"href":"https:\/\/www.gourmandisedeluxe.com\/de\/wp-json\/wp\/v2\/media\/9477"}],"wp:attachment":[{"href":"https:\/\/www.gourmandisedeluxe.com\/de\/wp-json\/wp\/v2\/media?parent=9475"}],"wp:term":[{"taxonomy":"product_brand","embeddable":true,"href":"https:\/\/www.gourmandisedeluxe.com\/de\/wp-json\/wp\/v2\/product_brand?post=9475"},{"taxonomy":"product_cat","embeddable":true,"href":"https:\/\/www.gourmandisedeluxe.com\/de\/wp-json\/wp\/v2\/product_cat?post=9475"},{"taxonomy":"product_tag","embeddable":true,"href":"https:\/\/www.gourmandisedeluxe.com\/de\/wp-json\/wp\/v2\/product_tag?post=9475"}],"curies":[{"name":"wp","href":"https:\/\/api.w.org\/{rel}","templated":true}]}}