{"id":9442,"date":"2020-11-05T19:46:09","date_gmt":"2020-11-05T18:46:09","guid":{"rendered":"https:\/\/www.miel-montet.com\/kaspia_new\/product\/bonbons-de-chocolat-a-la-truffe-noire-tuber-melanosporum-vitt-75g\/"},"modified":"2026-04-22T14:30:51","modified_gmt":"2026-04-22T12:30:51","slug":"schokoladenbonbons-mit-schwarzen-truffeln","status":"publish","type":"product","link":"https:\/\/www.gourmandisedeluxe.com\/de\/bonbons-de-chocolat-a-la-truffe-noire\/","title":{"rendered":"Schokoladenbonbons mit schwarzer Tr\u00fcffel"},"content":{"rendered":"<p>Ces <strong>Schokoladenbonbons mit schwarzer Tr\u00fcffel<\/strong> sont une invitation \u00e0 la gourmandise la plus raffin\u00e9e qui soit. La truffe noire Melanosporum, reine des champignons souterrains, rencontre ici le chocolat dans une alliance aussi improbable qu&#8217;inattendue \u2014 et pourtant absolument \u00e9vidente au premier carr\u00e9.<\/p>\n<p>Chaque bonbon est soigneusement enrob\u00e9 d&#8217;un chocolat de qualit\u00e9 s\u00e9lectionn\u00e9 pour sa puissance aromatique et son fondant. La truffe noire, incorpor\u00e9e en c\u0153ur de ganache, y lib\u00e8re ses notes terreuses et bois\u00e9es qui contrastent magnifiquement avec l&#8217;amertume douce du cacao. Un moment de d\u00e9gustation qui demande \u00e0 \u00eatre pris \u00e0 deux mains, les yeux ferm\u00e9s, en silence.<\/p>\n<p>La bo\u00eete de <strong>132 grammes<\/strong> est une id\u00e9e cadeau parfaite pour les amateurs de chocolat qui n&#8217;ont pas encore explor\u00e9 la truffe, ou pour les passionn\u00e9s de truffe qui n&#8217;ont pas encore os\u00e9 le chocolat. Servez \u00e0 temp\u00e9rature ambiante, id\u00e9alement accompagn\u00e9 d&#8217;un caf\u00e9 grand cru, d&#8217;un Banyuls ou d&#8217;un Maury pour un accord c\u00e9page-truffe d&#8217;une cohomog\u00e9n\u00e9it\u00e9 saisissante. Conservez entre 15 et 18\u00b0C, \u00e0 l&#8217;abri de la lumi\u00e8re et de l&#8217;humidit\u00e9.<\/p>","protected":false},"excerpt":{"rendered":"<p>Entdecken Sie die Zartheit dieser Bonbons, eine kreative und k\u00f6stliche Kombination aus dunkler Schokolade und schwarzen Tr\u00fcffeln. Genie\u00dfen Sie sie zu einem Kaffee oder Tee.<\/p>\n<p><strong>Zusammensetzung: Gianduia-Schokolade (Zucker, Haseln\u00fcsse, Mandeln, Kakaobutter, Kakaomasse, Milchpulver, Emulgator: Sojalecithin, Aromen), dunkle Schokolade (Kakaomasse, Zucker, Kakaobutter, Emulgator: Sojalecithin, Vanillin), Haselnusssplitter, Milchschokolade (Zucker, Vollmilchpulver, Kakaobutter, Kakaomasse, Emulgator: Sojalecithin, Vanillin), Kakaopulver, schwarze Tr\u00fcffel (Tuber Melanosporum Vitt.) 5%, Gummi arabicum, Aromen. Enth\u00e4lt N\u00fcsse.<\/strong><\/p>\n<p><em>Lagerung: In einem trockenen und k\u00fchlen Raum vor Licht gesch\u00fctzt.<\/em><\/p>\n<p><em>Menge: 75 g<br \/>\n<\/em><em>Preis pro kg: 200 \u20ac<\/em><\/p>","protected":false},"featured_media":16331,"comment_status":"closed","ping_status":"closed","template":"","meta":[],"product_brand":[],"product_cat":[76,72],"product_tag":[],"class_list":{"0":"post-9442","1":"product","2":"type-product","3":"status-publish","4":"has-post-thumbnail","6":"product_cat-douceurs-sucrees","7":"product_cat-epicerie-fine","9":"first","10":"instock","11":"featured","12":"taxable","13":"shipping-taxable","14":"purchasable","15":"product-type-simple"},"_links":{"self":[{"href":"https:\/\/www.gourmandisedeluxe.com\/de\/wp-json\/wp\/v2\/product\/9442","targetHints":{"allow":["GET"]}}],"collection":[{"href":"https:\/\/www.gourmandisedeluxe.com\/de\/wp-json\/wp\/v2\/product"}],"about":[{"href":"https:\/\/www.gourmandisedeluxe.com\/de\/wp-json\/wp\/v2\/types\/product"}],"replies":[{"embeddable":true,"href":"https:\/\/www.gourmandisedeluxe.com\/de\/wp-json\/wp\/v2\/comments?post=9442"}],"version-history":[{"count":0,"href":"https:\/\/www.gourmandisedeluxe.com\/de\/wp-json\/wp\/v2\/product\/9442\/revisions"}],"wp:featuredmedia":[{"embeddable":true,"href":"https:\/\/www.gourmandisedeluxe.com\/de\/wp-json\/wp\/v2\/media\/16331"}],"wp:attachment":[{"href":"https:\/\/www.gourmandisedeluxe.com\/de\/wp-json\/wp\/v2\/media?parent=9442"}],"wp:term":[{"taxonomy":"product_brand","embeddable":true,"href":"https:\/\/www.gourmandisedeluxe.com\/de\/wp-json\/wp\/v2\/product_brand?post=9442"},{"taxonomy":"product_cat","embeddable":true,"href":"https:\/\/www.gourmandisedeluxe.com\/de\/wp-json\/wp\/v2\/product_cat?post=9442"},{"taxonomy":"product_tag","embeddable":true,"href":"https:\/\/www.gourmandisedeluxe.com\/de\/wp-json\/wp\/v2\/product_tag?post=9442"}],"curies":[{"name":"wp","href":"https:\/\/api.w.org\/{rel}","templated":true}]}}