{"id":9283,"date":"2020-11-05T19:45:26","date_gmt":"2020-11-05T18:45:26","guid":{"rendered":"https:\/\/www.miel-montet.com\/kaspia_new\/product\/tarama-selection-90g\/"},"modified":"2026-04-22T14:02:17","modified_gmt":"2026-04-22T12:02:17","slug":"tarama-selection","status":"publish","type":"product","link":"https:\/\/www.gourmandisedeluxe.com\/de\/tarama-selection\/","title":{"rendered":"Tarama Auswahl"},"content":{"rendered":"<p>Der Tarama S\u00e9lection Kaspia ist die Referenz des Hauses - der Ausgangspunkt einer Produktreihe, die mit jeder Variante ein anderes aromatisches Gebiet erkundet. Er wird aus 40% ger\u00e4ucherten und gesalzenen Kabeljau-Eiern ohne Farbstoffe hergestellt. Seine perlwei\u00dfe Farbe zeugt von einer unverf\u00e4lschten Herstellung. Seine Textur ist cremig, luftig, mit einer Cremigkeit, die sofort auf der Zunge zergeht.<\/p>\n<p>Der Geschmack ist der von Kabeljau-Eiern in ihrer reinsten Auspr\u00e4gung: rauchig, leicht jodhaltig, mit diesem Hauch von konzentrierter Zitrone, der das Fett des Raps\u00f6ls ausgleicht und das Ganze aufweckt. Hier gibt es nichts zu verbergen. Der Kabeljau ist der Star, pr\u00e4sent in einer Dosierung, die keinen Zweifel an der Qualit\u00e4tsverpflichtung des Hauses l\u00e4sst.<\/p>\n<p>Auf leicht lauwarmen Kaspia-Blinis mit einem Teel\u00f6ffel dicker Cr\u00e8me fraiche und geschnittenem Schnittlauch serviert, ist er der ideale Aperitif, um eine Kaspia-Verkostung zu er\u00f6ffnen. Er l\u00e4sst sich auch auf Roggenbrottoast, handgemachten Crackern oder Gurkenscheiben f\u00fcr eine leichtere Version verteilen. Ein Klassiker, der nicht altert.<\/p>\n<p>Inhalt: 90 g. Zwischen 0\u00b0C und +4\u00b0C aufbewahren. Nach dem \u00d6ffnen innerhalb von 48 Stunden verbrauchen.<\/p>","protected":false},"excerpt":{"rendered":"<p>Unser k\u00f6stlicher und cremiger Tarama S\u00e9lection Blanc wird aus Kabeljau-Eiern hergestellt und enth\u00e4lt keine Farbstoffe. Er passt hervorragend zu Blinis oder ger\u00f6stetem Brot, als Aperitif oder Vorspeise.<\/p>\n<p>Zusammensetzung: Raps\u00c3\u0192\u00c2\u00b6l, <strong>Kabeljau-Eier<\/strong> ger\u00e4uchert und gesalzen 40% (<strong>Kabeljau-Eier<\/strong>, Salz), Wasser, Paniermehl (Mehl aus <strong>Weizen<\/strong>, Wasser, Salz, Hefe), Konservierungsmittel E211, Zitronensaftkonzentrat, <strong>Kabeljau-Eier<\/strong> 37%. Kann Spuren von Krustentieren enthalten.<\/p>\n<p><em>Lagerung: Zwischen 0 \u00b0C und +4 \u00b0C.<\/em><\/p>\n<p><em>Menge: 90 g<br \/>\n<\/em><em>Preis pro kg: 72,22 \u20ac<\/em><\/p>","protected":false},"featured_media":24495,"comment_status":"closed","ping_status":"closed","template":"","meta":[],"product_brand":[],"product_cat":[144,194,146],"product_tag":[],"class_list":{"0":"post-9283","1":"product","2":"type-product","3":"status-publish","4":"has-post-thumbnail","6":"product_cat-a-lapero-kaspia","7":"product_cat-ads_fruits-de-mer","8":"product_cat-traiteur-kaspia","10":"first","11":"instock","12":"taxable","13":"shipping-taxable","14":"purchasable","15":"product-type-simple"},"_links":{"self":[{"href":"https:\/\/www.gourmandisedeluxe.com\/de\/wp-json\/wp\/v2\/product\/9283","targetHints":{"allow":["GET"]}}],"collection":[{"href":"https:\/\/www.gourmandisedeluxe.com\/de\/wp-json\/wp\/v2\/product"}],"about":[{"href":"https:\/\/www.gourmandisedeluxe.com\/de\/wp-json\/wp\/v2\/types\/product"}],"replies":[{"embeddable":true,"href":"https:\/\/www.gourmandisedeluxe.com\/de\/wp-json\/wp\/v2\/comments?post=9283"}],"version-history":[{"count":0,"href":"https:\/\/www.gourmandisedeluxe.com\/de\/wp-json\/wp\/v2\/product\/9283\/revisions"}],"wp:featuredmedia":[{"embeddable":true,"href":"https:\/\/www.gourmandisedeluxe.com\/de\/wp-json\/wp\/v2\/media\/24495"}],"wp:attachment":[{"href":"https:\/\/www.gourmandisedeluxe.com\/de\/wp-json\/wp\/v2\/media?parent=9283"}],"wp:term":[{"taxonomy":"product_brand","embeddable":true,"href":"https:\/\/www.gourmandisedeluxe.com\/de\/wp-json\/wp\/v2\/product_brand?post=9283"},{"taxonomy":"product_cat","embeddable":true,"href":"https:\/\/www.gourmandisedeluxe.com\/de\/wp-json\/wp\/v2\/product_cat?post=9283"},{"taxonomy":"product_tag","embeddable":true,"href":"https:\/\/www.gourmandisedeluxe.com\/de\/wp-json\/wp\/v2\/product_tag?post=9283"}],"curies":[{"name":"wp","href":"https:\/\/api.w.org\/{rel}","templated":true}]}}