{"id":9271,"date":"2020-11-05T19:51:26","date_gmt":"2020-11-05T18:51:26","guid":{"rendered":"https:\/\/www.miel-montet.com\/kaspia_new\/product\/caviar-beluga-royal-a-partir-de-30g\/"},"modified":"2025-12-19T22:30:09","modified_gmt":"2025-12-19T21:30:09","slug":"koniglicher-beluga-kaviar","status":"publish","type":"product","link":"https:\/\/www.gourmandisedeluxe.com\/de\/caviar-beluga-royal\/","title":{"rendered":"Beluga-Kaviar Royal"},"content":{"rendered":"<h2>Beluga Royal Kaviar by Kaspia<\/h2>\n<p>Der Beluga ist der gr\u00f6\u00dfte St\u00f6r: Er kann bis zu 4 Meter lang und bis zu 800 kg schwer werden. Seine Eier sind die gr\u00f6\u00dften, die man finden kann. Diese Art gilt als die seltenste und wertvollste.<br \/>\nSeine gro\u00dfen K\u00f6rner sind weich und zart schmelzend und variieren von hellgrau bis tiefgrau. Dieser Kaviar ist sehr lang anhaltend im Geschmack, cremig und mit leicht buttrigen Mandelnoten. .<\/p>","protected":false},"excerpt":{"rendered":"<p>Der Beluga Royal Kaviar hat eine gro\u00dfe K\u00f6rnung, ist weich und zart schmelzend und variiert in seiner Farbe von hellgrau bis tiefgrau. Dieser Kaviar hat einen sehr langen Abgang, ist cremig und hat leicht buttrige Mandelnoten.<\/p>\n<p><strong>Zusammensetzung: Eier vom Huso Huso-St\u00c3\u0192\u00c2\u00b6r, Salz, Konservierungsstoff E285.<\/strong><\/p>\n<p><em>Lagerung: Zwischen -2 \u00b0C und +2 \u00b0C.<\/em><\/p>","protected":false},"featured_media":24387,"comment_status":"closed","ping_status":"closed","template":"","meta":[],"product_brand":[],"product_cat":[194,103,143,108],"product_tag":[],"class_list":{"0":"post-9271","1":"product","2":"type-product","3":"status-publish","4":"has-post-thumbnail","6":"product_cat-ads_fruits-de-mer","7":"product_cat-caviars-caviars","8":"product_cat-fetes-kaspia","9":"product_cat-produits-de-saison","11":"first","12":"instock","13":"taxable","14":"shipping-taxable","15":"purchasable","16":"product-type-variable"},"_links":{"self":[{"href":"https:\/\/www.gourmandisedeluxe.com\/de\/wp-json\/wp\/v2\/product\/9271","targetHints":{"allow":["GET"]}}],"collection":[{"href":"https:\/\/www.gourmandisedeluxe.com\/de\/wp-json\/wp\/v2\/product"}],"about":[{"href":"https:\/\/www.gourmandisedeluxe.com\/de\/wp-json\/wp\/v2\/types\/product"}],"replies":[{"embeddable":true,"href":"https:\/\/www.gourmandisedeluxe.com\/de\/wp-json\/wp\/v2\/comments?post=9271"}],"version-history":[{"count":0,"href":"https:\/\/www.gourmandisedeluxe.com\/de\/wp-json\/wp\/v2\/product\/9271\/revisions"}],"wp:featuredmedia":[{"embeddable":true,"href":"https:\/\/www.gourmandisedeluxe.com\/de\/wp-json\/wp\/v2\/media\/24387"}],"wp:attachment":[{"href":"https:\/\/www.gourmandisedeluxe.com\/de\/wp-json\/wp\/v2\/media?parent=9271"}],"wp:term":[{"taxonomy":"product_brand","embeddable":true,"href":"https:\/\/www.gourmandisedeluxe.com\/de\/wp-json\/wp\/v2\/product_brand?post=9271"},{"taxonomy":"product_cat","embeddable":true,"href":"https:\/\/www.gourmandisedeluxe.com\/de\/wp-json\/wp\/v2\/product_cat?post=9271"},{"taxonomy":"product_tag","embeddable":true,"href":"https:\/\/www.gourmandisedeluxe.com\/de\/wp-json\/wp\/v2\/product_tag?post=9271"}],"curies":[{"name":"wp","href":"https:\/\/api.w.org\/{rel}","templated":true}]}}