{"id":9259,"date":"2020-11-05T19:45:26","date_gmt":"2020-11-05T18:45:26","guid":{"rendered":"https:\/\/www.miel-montet.com\/kaspia_new\/product\/caviar-baeri-a-partir-de-30g\/"},"modified":"2025-12-19T22:13:15","modified_gmt":"2025-12-19T21:13:15","slug":"baeri-kaviar","status":"publish","type":"product","link":"https:\/\/www.gourmandisedeluxe.com\/de\/caviar-baeri\/","title":{"rendered":"Kaviar Baeri"},"content":{"rendered":"<h2>Kaviar Baeri by Kaspia<\/h2>\n<p>Dieser au\u00dfergew\u00f6hnliche Kaviar hat einen frischen Geschmack und eine zarte Jodnote. Die Hauptfischerei dieser Art befindet sich in der\u2019<strong>St\u00c3\u0192\u00c2\u00b6r<\/strong> kommt in Russland vor und ist die in europ\u00e4ischen Zuchtbetrieben, insbesondere in Frankreich und Italien, am weitesten verbreitete Art. Jedes Korn unterscheidet sich in Aussehen, Geschmack und Textur.<br \/>\nDie Vielfalt der Gerichte, in denen Sie Baeri-Kaviar verwenden k\u00f6nnen, ist unendlich. Von den einfachsten Zubereitungen (Eier, eine Scheibe Toastbrot) bis hin zu den aufwendigsten Rezepten (Beluga-Tartar, Kaviar-Brik oder fantasievolle Amuse-Bouches).<br \/>\nDie <strong>Baeri-Kaviar<\/strong> von bei <strong>Kaspia<\/strong> ist zart und k\u00f6stlich im Mund, mit einem frischen Haselnussgeschmack. Beeindrucken Sie Ihre G\u00e4ste noch heute mit Baeri-Kaviar.<\/p>\n<p>Herkunft: Italien oder Frankreich.<\/p>","protected":false},"excerpt":{"rendered":"<p>Die <strong>Kaviar Baeri Kaspia<\/strong> stammt von einer in Russland lebenden St\u00f6rart, die in Italien oder Bulgarien gez\u00fcchtet wird. Er hat eine dunkle Farbe und seine K\u00f6rner sind anthrazitgrau bis goldbraun. Die zarten, kleinen K\u00f6rner des Baeri-Kaviars haben einen ausgepr\u00e4gten Jodgeschmack. Ein feiner und delikater Geschmack mit einer Note von frischen Haseln\u00fcssen.<\/p>\n<p><strong>Zusammensetzung: Eier des St\u00c3\u0192\u00c2\u00b6rs Acipencer baeri, Salz, Konservierungsstoff E285.<\/strong><\/p>\n<p><em>Lagerung: Zwischen -2 \u00b0C und +2 \u00b0C.<\/em><\/p>\n<p><em>W\u00e4hlen Sie unten Ihre Menge aus<\/em><\/p>","protected":false},"featured_media":24369,"comment_status":"closed","ping_status":"closed","template":"","meta":[],"product_brand":[],"product_cat":[194,103,143],"product_tag":[],"class_list":{"0":"post-9259","1":"product","2":"type-product","3":"status-publish","4":"has-post-thumbnail","6":"product_cat-ads_fruits-de-mer","7":"product_cat-caviars-caviars","8":"product_cat-fetes-kaspia","10":"first","11":"instock","12":"taxable","13":"shipping-taxable","14":"purchasable","15":"product-type-variable"},"_links":{"self":[{"href":"https:\/\/www.gourmandisedeluxe.com\/de\/wp-json\/wp\/v2\/product\/9259","targetHints":{"allow":["GET"]}}],"collection":[{"href":"https:\/\/www.gourmandisedeluxe.com\/de\/wp-json\/wp\/v2\/product"}],"about":[{"href":"https:\/\/www.gourmandisedeluxe.com\/de\/wp-json\/wp\/v2\/types\/product"}],"replies":[{"embeddable":true,"href":"https:\/\/www.gourmandisedeluxe.com\/de\/wp-json\/wp\/v2\/comments?post=9259"}],"version-history":[{"count":0,"href":"https:\/\/www.gourmandisedeluxe.com\/de\/wp-json\/wp\/v2\/product\/9259\/revisions"}],"wp:featuredmedia":[{"embeddable":true,"href":"https:\/\/www.gourmandisedeluxe.com\/de\/wp-json\/wp\/v2\/media\/24369"}],"wp:attachment":[{"href":"https:\/\/www.gourmandisedeluxe.com\/de\/wp-json\/wp\/v2\/media?parent=9259"}],"wp:term":[{"taxonomy":"product_brand","embeddable":true,"href":"https:\/\/www.gourmandisedeluxe.com\/de\/wp-json\/wp\/v2\/product_brand?post=9259"},{"taxonomy":"product_cat","embeddable":true,"href":"https:\/\/www.gourmandisedeluxe.com\/de\/wp-json\/wp\/v2\/product_cat?post=9259"},{"taxonomy":"product_tag","embeddable":true,"href":"https:\/\/www.gourmandisedeluxe.com\/de\/wp-json\/wp\/v2\/product_tag?post=9259"}],"curies":[{"name":"wp","href":"https:\/\/api.w.org\/{rel}","templated":true}]}}