{"id":25072,"date":"2026-03-18T15:11:17","date_gmt":"2026-03-18T14:11:17","guid":{"rendered":"https:\/\/www.gourmandisedeluxe.com\/?post_type=product&#038;p=25072"},"modified":"2026-03-18T15:40:37","modified_gmt":"2026-03-18T14:40:37","slug":"truffel-trompe-loeil-lamellen-dunkle-schokolade","status":"publish","type":"product","link":"https:\/\/www.gourmandisedeluxe.com\/de\/truffe-trompe-loeil-lamelles-chocolat-noir\/","title":{"rendered":"Tr\u00fcffelstreifen aus Zartbitterschokolade - Trompe l'\u0152il"},"content":{"rendered":"<p>Ein neues gastronomisches Erlebnis, das von La Maison de la Truffe angeboten wird, um Schokoladenliebhaber und Tr\u00fcffelliebhaber gleicherma\u00dfen zu begeistern.<\/p>\n<p>Anl\u00e4sslich des Osterfestes bietet La Maison de la Truffe eine neue Kreation in Zusammenarbeit mit Pascal Brunstein Meilleur Ouvrier de France Chocolatier an.<\/p>\n<p>Es handelt sich um feine, t\u00e4uschend echte Tr\u00fcffelstreifen aus Schokolade mit einem Durchmesser von etwa 5 cm und einer Dicke von 3 mm. Wenn der visuelle Effekt des Trompe l'oeil stimmt, h\u00e4lt die Verkostung, was sie verspricht.<\/p>\n<p>Die Wahl der Schokoladensorte fiel auf einen Grand Cru aus Mexiko, dessen charakteristische aromatische Noten von Unterholz auf subtile Weise mit den komplexen Aromen des Schwarzen Tr\u00fcffels harmonieren, die an Humus und Pilze erinnern. Feuillantine und Chiasamen sorgen f\u00fcr Knusprigkeit, w\u00e4hrend ein abschlie\u00dfender Hauch von Fleur de Sel die Aromen vollendet.<\/p>","protected":false},"excerpt":{"rendered":"<p>Ein neues gastronomisches Erlebnis, das von La Maison de la Truffe angeboten wird, um Schokoladenliebhaber und Tr\u00fcffelliebhaber gleicherma\u00dfen zu begeistern.<\/p>\n<p>Das Maison de la Truffe bietet eine neue Kreation in Zusammenarbeit mit Pascal Brunstein Meilleur Ouvrier de France Chocolatier an:<\/p>\n<p>Es handelt sich um feine, t\u00e4uschend echte Tr\u00fcffelstreifen aus Schokolade mit einem Durchmesser von etwa 5 cm und einer Dicke von 3 mm. Wenn der visuelle Effekt des Trompe l'oeil stimmt, h\u00e4lt die Verkostung, was sie verspricht.<\/p>\n<p>Die Wahl der Schokoladensorte fiel auf einen Grand Cru aus Mexiko, dessen charakteristische aromatische Noten von Unterholz auf subtile Weise mit den komplexen Aromen des Schwarzen Tr\u00fcffels harmonieren, die an Humus und Pilze erinnern. Feuillantine und Chiasamen sorgen f\u00fcr Knusprigkeit, w\u00e4hrend ein abschlie\u00dfender Hauch von Fleur de Sel die Aromen vollendet.<\/p>\n<p>Verkauft in Beuteln mit 10 Lamellen<\/p>\n<p><em>Zutaten:Grand Cru-Schokolade aus Mexiko, gesiebte Feuillantine, Chiasamen, Fleur de Sel, Tr\u00fcffelaroma<\/em><\/p>\n<p>&nbsp;<\/p>\n<p>&nbsp;<\/p>","protected":false},"featured_media":25076,"comment_status":"open","ping_status":"closed","template":"","meta":[],"product_brand":[],"product_cat":[76,68,65],"product_tag":[],"class_list":{"0":"post-25072","1":"product","2":"type-product","3":"status-publish","4":"has-post-thumbnail","6":"product_cat-douceurs-sucrees","7":"product_cat-nouveautes","8":"product_cat-traiteur","10":"first","11":"instock","12":"taxable","13":"shipping-taxable","14":"purchasable","15":"product-type-simple"},"_links":{"self":[{"href":"https:\/\/www.gourmandisedeluxe.com\/de\/wp-json\/wp\/v2\/product\/25072","targetHints":{"allow":["GET"]}}],"collection":[{"href":"https:\/\/www.gourmandisedeluxe.com\/de\/wp-json\/wp\/v2\/product"}],"about":[{"href":"https:\/\/www.gourmandisedeluxe.com\/de\/wp-json\/wp\/v2\/types\/product"}],"replies":[{"embeddable":true,"href":"https:\/\/www.gourmandisedeluxe.com\/de\/wp-json\/wp\/v2\/comments?post=25072"}],"version-history":[{"count":0,"href":"https:\/\/www.gourmandisedeluxe.com\/de\/wp-json\/wp\/v2\/product\/25072\/revisions"}],"wp:featuredmedia":[{"embeddable":true,"href":"https:\/\/www.gourmandisedeluxe.com\/de\/wp-json\/wp\/v2\/media\/25076"}],"wp:attachment":[{"href":"https:\/\/www.gourmandisedeluxe.com\/de\/wp-json\/wp\/v2\/media?parent=25072"}],"wp:term":[{"taxonomy":"product_brand","embeddable":true,"href":"https:\/\/www.gourmandisedeluxe.com\/de\/wp-json\/wp\/v2\/product_brand?post=25072"},{"taxonomy":"product_cat","embeddable":true,"href":"https:\/\/www.gourmandisedeluxe.com\/de\/wp-json\/wp\/v2\/product_cat?post=25072"},{"taxonomy":"product_tag","embeddable":true,"href":"https:\/\/www.gourmandisedeluxe.com\/de\/wp-json\/wp\/v2\/product_tag?post=25072"}],"curies":[{"name":"wp","href":"https:\/\/api.w.org\/{rel}","templated":true}]}}