{"id":24213,"date":"2025-12-17T16:28:20","date_gmt":"2025-12-17T15:28:20","guid":{"rendered":"https:\/\/www.gourmandisedeluxe.com\/?post_type=product&#038;p=24213"},"modified":"2026-04-22T15:09:15","modified_gmt":"2026-04-22T13:09:15","slug":"huile-extra-vierge","status":"publish","type":"product","link":"https:\/\/www.gourmandisedeluxe.com\/de\/huile-extra-vierge\/","title":{"rendered":"Natives Oliven\u00f6l Extra Taggiasca"},"content":{"rendered":"<p>L&#8217;<strong>Huile d&#8217;Olive Extra Vierge Taggiasca<\/strong> est l&#8217;une des huiles d&#8217;olive les plus recherch\u00e9es d&#8217;Italie : issue de l&#8217;olive Taggiasca, vari\u00e9t\u00e9 cultivivee sur les terrasses en pierre s\u00e8che de la Ligurie depuis des si\u00e8cles, elle se distingue par sa douceur exceptionnelle, son amertume quasi-absente et ses ar\u00f4mes d\u00e9licats de fruits frais, d&#8217;amande douce et d&#8217;artichaut.<\/p>\n<p>Cette Taggiasca s\u00e9lectionn\u00e9e par la Maison de la Truffe est choisie pour sa compl\u00e9mentarit\u00e9 avec les produits truff\u00e9s de la gamme : sa douceur naturelle ne concurrence pas les ar\u00f4mes de truffe lorsqu&#8217;elle est utilis\u00e9e en association, ce qui en fait une base id\u00e9ale pour des vinaigrettes truff\u00e9es ou des marinades. \u00c0 <strong>19\u20ac<\/strong>.<\/p>\n<p>A utiliser crue pour pr\u00e9server ses ar\u00f4mes : sur une salade de r\u00f4quette et parmesan, un carpaccio de saint-jacques, un poisson grille ou simplement tremp\u00e9e avec du bon pain. Elle s&#8217;int\u00e8gre \u00e9galement avec finesse dans un risotto ou des p\u00e2tes all\u00e9e\u00e9s \u00e0 l&#8217;italienne. Une huile de chef accessible, un cadeau gourmand sobre et de qualit\u00e9.<\/p>","protected":false},"excerpt":{"rendered":"<p data-start=\"225\" data-end=\"447\">Entdecken Sie ein au\u00dfergew\u00f6hnliches Oliven\u00f6l, 100 % Taggiasca, mit einem zarten Duft nach Mandeln und reifen Fr\u00fcchten und einer weichen, runden Textur am Gaumen. Eine hellgoldene Farbe, die Ihre Gerichte zum Strahlen bringt und jede Zutat unterstreicht.<\/p>\n<p data-start=\"449\" data-end=\"748\">Dieses \u00d6l ist f\u00fcr anspruchsvolle Gaumen gedacht: Es eignet sich ideal zu Fisch, Krustentieren, Carpaccio, wei\u00dfem Fleisch oder feinem Gem\u00fcse und unterstreicht den Geschmack, ohne ihn zu \u00fcberdecken. Eine raffinierte Note f\u00fcr Ihre Gourmetgerichte, vom Alltag bis zu besonderen Anl\u00e4ssen.<\/p>\n<p data-start=\"750\" data-end=\"826\">Die Begegnung von italienischer Eleganz und gastronomischer Exzellenz.<\/p>\n<p><em>Menge: 25 cl\u00a0<\/em><\/p>\n<p><em>Preis pro Liter: 76 \u20ac<\/em><\/p>","protected":false},"featured_media":24208,"comment_status":"open","ping_status":"closed","template":"","meta":[],"product_brand":[],"product_cat":[140,143,110],"product_tag":[],"class_list":{"0":"post-24213","1":"product","2":"type-product","3":"status-publish","4":"has-post-thumbnail","6":"product_cat-epicerie-kaspia","7":"product_cat-fetes-kaspia","8":"product_cat-nos-idees-cadeaux","10":"first","11":"instock","12":"featured","13":"taxable","14":"shipping-taxable","15":"purchasable","16":"product-type-simple"},"_links":{"self":[{"href":"https:\/\/www.gourmandisedeluxe.com\/de\/wp-json\/wp\/v2\/product\/24213","targetHints":{"allow":["GET"]}}],"collection":[{"href":"https:\/\/www.gourmandisedeluxe.com\/de\/wp-json\/wp\/v2\/product"}],"about":[{"href":"https:\/\/www.gourmandisedeluxe.com\/de\/wp-json\/wp\/v2\/types\/product"}],"replies":[{"embeddable":true,"href":"https:\/\/www.gourmandisedeluxe.com\/de\/wp-json\/wp\/v2\/comments?post=24213"}],"version-history":[{"count":0,"href":"https:\/\/www.gourmandisedeluxe.com\/de\/wp-json\/wp\/v2\/product\/24213\/revisions"}],"wp:featuredmedia":[{"embeddable":true,"href":"https:\/\/www.gourmandisedeluxe.com\/de\/wp-json\/wp\/v2\/media\/24208"}],"wp:attachment":[{"href":"https:\/\/www.gourmandisedeluxe.com\/de\/wp-json\/wp\/v2\/media?parent=24213"}],"wp:term":[{"taxonomy":"product_brand","embeddable":true,"href":"https:\/\/www.gourmandisedeluxe.com\/de\/wp-json\/wp\/v2\/product_brand?post=24213"},{"taxonomy":"product_cat","embeddable":true,"href":"https:\/\/www.gourmandisedeluxe.com\/de\/wp-json\/wp\/v2\/product_cat?post=24213"},{"taxonomy":"product_tag","embeddable":true,"href":"https:\/\/www.gourmandisedeluxe.com\/de\/wp-json\/wp\/v2\/product_tag?post=24213"}],"curies":[{"name":"wp","href":"https:\/\/api.w.org\/{rel}","templated":true}]}}