{"id":23516,"date":"2025-10-27T14:20:36","date_gmt":"2025-10-27T13:20:36","guid":{"rendered":"https:\/\/www.gourmandisedeluxe.com\/?post_type=product&#038;p=23516"},"modified":"2026-04-22T15:15:59","modified_gmt":"2026-04-22T13:15:59","slug":"hoodie-kaspia-x-hotel-de-crillon","status":"publish","type":"product","link":"https:\/\/www.gourmandisedeluxe.com\/de\/hoodie-kaspia-x-hotel-de-crillon\/","title":{"rendered":"Hoodie \u2013 Limitierte Auflage Kaspia x H\u00f4tel de Crillon"},"content":{"rendered":"<p>Die <strong>Hoodie \u00c9dition limit\u00e9e Kaspia x H\u00f4tel de Crillon<\/strong> est le sweatshirt \u00e0 capuche de la collaboration \u2014 en coton lourd premium, avec le double logo brod\u00e9 sur la poitrine, dans une couleur et une coupe qui r\u00e9pondent aux codes esth\u00e9tiques des deux maisons. Une pi\u00e8ce de streetwear institutionnel rare et imm\u00e9diatement collector. Propos\u00e9 \u00e0 <strong>430\u20ac<\/strong>.<\/p>\n<p>\u00c9dition limit\u00e9e, non renouvel\u00e9e. Pour les collectionneurs de collaborations entre maisons de prestige. Lavage \u00e0 30\u00b0 sur l&#8217;envers.<\/p>","protected":false},"excerpt":{"rendered":"<p>Entstanden aus einer exklusiven Zusammenarbeit zwischen <strong data-start=\"179\" data-end=\"196\">Kaspia-Kaviar<\/strong> und <strong data-start=\"200\" data-end=\"222\">das H\u00f4tel de Crillon<\/strong>, Dieser Hoodie aus Merinowolle vereint <strong data-start=\"257\" data-end=\"278\" data-is-only-node=\"\">nat\u00fcrliche S\u00fc\u00dfe<\/strong> und <strong data-start=\"282\" data-end=\"307\">zeitlose Eleganz<\/strong>.<br data-start=\"308\" data-end=\"311\" \/>Sein schlichtes Design verk\u00f6rpert das <strong data-start=\"339\" data-end=\"363\">pariser Raffinesse<\/strong> und die\u2019<strong data-start=\"369\" data-end=\"389\">einzigartiger Geist<\/strong> dieser beiden emblematischen H\u00e4user: ein diskreter, essenzieller und raffinierter Luxus.<\/p>\n<p>Es ist Teil einer <strong data-start=\"330\" data-end=\"352\">Kapselsammlung<\/strong> einschlie\u00dflich eines <strong>M\u00fctze<\/strong> und ein <strong data-start=\"394\" data-end=\"403\">Karomuster<\/strong>, zelebriert eine Lebenskunst, bei der <strong data-start=\"434\" data-end=\"460\">Komfort und Raffinesse<\/strong> treffen sich mit Genauigkeit.<\/p>\n<ul>\n<li>Handgen\u00e4htes, besticktes Etikett<\/li>\n<li>100%  extrafeine Merinowolle<\/li>\n<li>Gestickter Aufn\u00e4her<\/li>\n<li>Erh\u00e4ltlich in den Gr\u00f6\u00dfen M-L und XL<\/li>\n<\/ul>","protected":false},"featured_media":23548,"comment_status":"open","ping_status":"closed","template":"","meta":[],"product_brand":[],"product_cat":[182,185],"product_tag":[],"class_list":{"0":"post-23516","1":"product","2":"type-product","3":"status-publish","4":"has-post-thumbnail","6":"product_cat-collections","7":"product_cat-noel-2025","9":"first","10":"instock","11":"taxable","12":"shipping-taxable","13":"purchasable","14":"product-type-simple"},"_links":{"self":[{"href":"https:\/\/www.gourmandisedeluxe.com\/de\/wp-json\/wp\/v2\/product\/23516","targetHints":{"allow":["GET"]}}],"collection":[{"href":"https:\/\/www.gourmandisedeluxe.com\/de\/wp-json\/wp\/v2\/product"}],"about":[{"href":"https:\/\/www.gourmandisedeluxe.com\/de\/wp-json\/wp\/v2\/types\/product"}],"replies":[{"embeddable":true,"href":"https:\/\/www.gourmandisedeluxe.com\/de\/wp-json\/wp\/v2\/comments?post=23516"}],"version-history":[{"count":0,"href":"https:\/\/www.gourmandisedeluxe.com\/de\/wp-json\/wp\/v2\/product\/23516\/revisions"}],"wp:featuredmedia":[{"embeddable":true,"href":"https:\/\/www.gourmandisedeluxe.com\/de\/wp-json\/wp\/v2\/media\/23548"}],"wp:attachment":[{"href":"https:\/\/www.gourmandisedeluxe.com\/de\/wp-json\/wp\/v2\/media?parent=23516"}],"wp:term":[{"taxonomy":"product_brand","embeddable":true,"href":"https:\/\/www.gourmandisedeluxe.com\/de\/wp-json\/wp\/v2\/product_brand?post=23516"},{"taxonomy":"product_cat","embeddable":true,"href":"https:\/\/www.gourmandisedeluxe.com\/de\/wp-json\/wp\/v2\/product_cat?post=23516"},{"taxonomy":"product_tag","embeddable":true,"href":"https:\/\/www.gourmandisedeluxe.com\/de\/wp-json\/wp\/v2\/product_tag?post=23516"}],"curies":[{"name":"wp","href":"https:\/\/api.w.org\/{rel}","templated":true}]}}