{"id":23511,"date":"2025-10-27T14:04:10","date_gmt":"2025-10-27T13:04:10","guid":{"rendered":"https:\/\/www.gourmandisedeluxe.com\/?post_type=product&#038;p=23511"},"modified":"2026-04-22T15:15:59","modified_gmt":"2026-04-22T13:15:59","slug":"bonnet-kaspia-x-hotel-de-crillon","status":"publish","type":"product","link":"https:\/\/www.gourmandisedeluxe.com\/de\/bonnet-kaspia-x-hotel-de-crillon\/","title":{"rendered":"M\u00fctze \u2013 Limitierte Auflage Kaspia x H\u00f4tel de Crillon"},"content":{"rendered":"<p>Die <strong>Bonnet \u00c9dition limit\u00e9e Kaspia x H\u00f4tel de Crillon<\/strong> est l&#8217;accessoire hiver de la collaboration entre les deux institutions de la Place de la Concorde. En mati\u00e8re chaude et douce de qualit\u00e9 premium, brod\u00e9 des logos des deux maisons, il est la signature textile la plus accessible de la collection Crillon x Kaspia. Propos\u00e9 \u00e0 <strong>195\u20ac<\/strong>.<\/p>\n<p>\u00c9dition limit\u00e9e, id\u00e9al en cadeau pour les habitu\u00e9s des deux maisons ou les amateurs d&#8217;accessoires d&#8217;hiver sign\u00e9s.<\/p>","protected":false},"excerpt":{"rendered":"<p>Entstanden aus einer exklusiven Zusammenarbeit zwischen <strong data-start=\"179\" data-end=\"196\">Kaspia-Kaviar<\/strong> und <strong data-start=\"200\" data-end=\"222\">das H\u00f4tel de Crillon<\/strong>, Diese M\u00fctze aus Merinowolle vereint <strong data-start=\"257\" data-end=\"278\" data-is-only-node=\"\">nat\u00fcrliche S\u00fc\u00dfe<\/strong> und <strong data-start=\"282\" data-end=\"307\">zeitlose Eleganz<\/strong>.<br data-start=\"308\" data-end=\"311\" \/>Sein schlichtes Design verk\u00f6rpert das <strong data-start=\"339\" data-end=\"363\">pariser Raffinesse<\/strong> und die\u2019<strong data-start=\"369\" data-end=\"389\">einzigartiger Geist<\/strong> dieser beiden emblematischen H\u00e4user: ein diskreter, essenzieller und raffinierter Luxus.<\/p>\n<p>Es ist Teil einer <strong data-start=\"330\" data-end=\"352\">Kapselsammlung<\/strong> einschlie\u00dflich eines <strong data-start=\"377\" data-end=\"387\">Kapuzenpullover<\/strong> und ein <strong data-start=\"394\" data-end=\"403\">Karomuster<\/strong>, zelebriert eine Lebenskunst, bei der <strong data-start=\"434\" data-end=\"460\">Komfort und Raffinesse<\/strong> treffen sich mit Genauigkeit.<\/p>\n<ul>\n<li>Handgen\u00e4htes, besticktes Etikett<\/li>\n<li>100%  extrafeine Merinowolle<\/li>\n<li>Gestickter Aufn\u00e4her<\/li>\n<\/ul>","protected":false},"featured_media":23541,"comment_status":"open","ping_status":"closed","template":"","meta":[],"product_brand":[],"product_cat":[182,185],"product_tag":[],"class_list":{"0":"post-23511","1":"product","2":"type-product","3":"status-publish","4":"has-post-thumbnail","6":"product_cat-collections","7":"product_cat-noel-2025","9":"first","10":"instock","11":"taxable","12":"shipping-taxable","13":"purchasable","14":"product-type-simple"},"_links":{"self":[{"href":"https:\/\/www.gourmandisedeluxe.com\/de\/wp-json\/wp\/v2\/product\/23511","targetHints":{"allow":["GET"]}}],"collection":[{"href":"https:\/\/www.gourmandisedeluxe.com\/de\/wp-json\/wp\/v2\/product"}],"about":[{"href":"https:\/\/www.gourmandisedeluxe.com\/de\/wp-json\/wp\/v2\/types\/product"}],"replies":[{"embeddable":true,"href":"https:\/\/www.gourmandisedeluxe.com\/de\/wp-json\/wp\/v2\/comments?post=23511"}],"version-history":[{"count":0,"href":"https:\/\/www.gourmandisedeluxe.com\/de\/wp-json\/wp\/v2\/product\/23511\/revisions"}],"wp:featuredmedia":[{"embeddable":true,"href":"https:\/\/www.gourmandisedeluxe.com\/de\/wp-json\/wp\/v2\/media\/23541"}],"wp:attachment":[{"href":"https:\/\/www.gourmandisedeluxe.com\/de\/wp-json\/wp\/v2\/media?parent=23511"}],"wp:term":[{"taxonomy":"product_brand","embeddable":true,"href":"https:\/\/www.gourmandisedeluxe.com\/de\/wp-json\/wp\/v2\/product_brand?post=23511"},{"taxonomy":"product_cat","embeddable":true,"href":"https:\/\/www.gourmandisedeluxe.com\/de\/wp-json\/wp\/v2\/product_cat?post=23511"},{"taxonomy":"product_tag","embeddable":true,"href":"https:\/\/www.gourmandisedeluxe.com\/de\/wp-json\/wp\/v2\/product_tag?post=23511"}],"curies":[{"name":"wp","href":"https:\/\/api.w.org\/{rel}","templated":true}]}}