{"id":23502,"date":"2025-10-24T17:48:21","date_gmt":"2025-10-24T15:48:21","guid":{"rendered":"https:\/\/www.gourmandisedeluxe.com\/?post_type=product&#038;p=23502"},"modified":"2026-04-22T15:06:30","modified_gmt":"2026-04-22T13:06:30","slug":"matriochka-tatiana-kaspia-hotel-crillon","status":"publish","type":"product","link":"https:\/\/www.gourmandisedeluxe.com\/de\/matriochka-tatiana-kaspia-hotel-crillon\/","title":{"rendered":"Matriochka Tatiana \u2013 Limitierte Auflage Caviar Kaspia x H\u00f4tel de Crillon"},"content":{"rendered":"<p>L&#8217;\u00c9dition limit\u00e9e <strong>Caviar Kaspia x H\u00f4tel de Crillon<\/strong> est une collaboration entre deux palaces de la vie parisienne : la Maison Kaspia, institution gastronomique de la Place de la Madeleine depuis 1927, et l&#8217;H\u00f4tel de Crillon, palace historique de la Place de la Concorde. Pour cette \u00e9dition, les motifs et couleurs de la matriochka ont \u00e9t\u00e9 retravail\u00e9s pour int\u00e9grer les codes visuels et chromatiques des deux maisons.<\/p>\n<p>Die <strong>Matriochka Tatiana \u2014 \u00c9dition limit\u00e9e Caviar Kaspia x H\u00f4tel de Crillon<\/strong> reprend la structure et le format de la s\u00e9rie classique Kaspia en y ajoutant des \u00e9l\u00e9ments graphiques sp\u00e9cifiques \u00e0 la collaboration : armoiries du Crillon, motifs architecturaux de la Place de la Concorde, palette de couleurs exclusive. Chaque pi\u00e8ce est num\u00e9rot\u00e9e et accompagn\u00e9e d&#8217;un certificat double signature. Propos\u00e9e \u00e0 <strong>750\u20ac<\/strong>.<\/p>\n<p>Un objet de collection double prestige, rare et imm\u00e9diatement identifiable par les connaisseurs des deux maisons. \u00c9dition strictement limit\u00e9e, non renouvel\u00e9e. Cadeau d&#8217;exception pour les amateurs d&#8217;art artisanal, les collectionneurs de collaborations de prestige, ou les clients fid\u00e8les de Kaspia et du Crillon qui souhaitent poss\u00e9der un objet t\u00e9moignant de cette rencontre unique.<\/p>","protected":false},"excerpt":{"rendered":"<ul>\n<li>H\u00c3\u0192\u00c2\u00b6he: 20cm<\/li>\n<li>Breite: 14 cm<\/li>\n<\/ul>\n<p data-start=\"352\" data-end=\"618\">Entstanden im Rahmen einer exklusiven Zusammenarbeit zwischen <strong data-start=\"411\" data-end=\"428\">Kaspia-Kaviar<\/strong> und die\u2019<strong data-start=\"434\" data-end=\"454\">Hotel de Crillon<\/strong>, diese <strong data-start=\"462\" data-end=\"501\">Matroschka aus Limoges-Porzellan<\/strong> verk\u00f6rpert die perfekte Verbindung von <strong data-start=\"530\" data-end=\"565\">franz\u00f6sisches Handwerksk\u00f6nnen<\/strong> und vom <strong data-start=\"572\" data-end=\"598\">zeitlose Raffinesse<\/strong> der beiden H\u00e4user.<\/p>\n<p data-start=\"620\" data-end=\"955\">Komplett von Hand gefertigt und verziert von der <strong data-start=\"669\" data-end=\"688\">Haus Carpenet<\/strong>, zeichnet sie sich durch ihre <strong data-start=\"716\" data-end=\"744\">strahlend wei\u00dfe Emaillierung<\/strong>, veredelt mit <strong data-start=\"757\" data-end=\"789\">feine Verzierungen aus Feingold<\/strong>. Dieses schlichte und edle St\u00fcck zelebriert die <strong data-start=\"835\" data-end=\"845\">Reinheit<\/strong>, die <strong data-start=\"850\" data-end=\"861\">Licht<\/strong> und die\u2019<strong data-start=\"867\" data-end=\"890\">Pariser Eleganz<\/strong>, und gleichzeitig den Urspr\u00fcngen von Caviar Kaspia Tribut zollt.<\/p>\n<p data-start=\"957\" data-end=\"1232\">Symbol f\u00fcr <strong data-start=\"968\" data-end=\"1009\">Familie, Weitergabe und Seltenheit<\/strong>, Die Matroschka wird hier zu einem echten <strong data-start=\"1050\" data-end=\"1068\">Kaviarschatulle<\/strong>, das wie ein Kunstwerk gestaltet ist. Es spiegelt die gemeinsame Philosophie von Caviar Kaspia und dem H\u00f4tel de Crillon wider: <strong data-start=\"1185\" data-end=\"1229\">Jedes Detail zu etwas Besonderem machen<\/strong>.<\/p>\n<p data-start=\"1234\" data-end=\"1335\"><em data-start=\"1234\" data-end=\"1335\">St\u00fcck aus Limoges-Porzellan, wei\u00dfes Emaille und Feingold \u2013 limitierte Auflage. Produkt wird ohne Kaviar verkauft.  Tatiana hat Gr\u00f6\u00dfe N2.\u00a0<\/em><\/p>","protected":false},"featured_media":24408,"comment_status":"closed","ping_status":"closed","template":"","meta":[],"product_brand":[],"product_cat":[182,104,142,143],"product_tag":[],"class_list":{"0":"post-23502","1":"product","2":"type-product","3":"status-publish","4":"has-post-thumbnail","6":"product_cat-collections","7":"product_cat-accessoires-kaspia","8":"product_cat-arts-de-la-table-kaspia","9":"product_cat-fetes-kaspia","11":"first","12":"instock","13":"taxable","14":"shipping-taxable","15":"purchasable","16":"product-type-simple"},"_links":{"self":[{"href":"https:\/\/www.gourmandisedeluxe.com\/de\/wp-json\/wp\/v2\/product\/23502","targetHints":{"allow":["GET"]}}],"collection":[{"href":"https:\/\/www.gourmandisedeluxe.com\/de\/wp-json\/wp\/v2\/product"}],"about":[{"href":"https:\/\/www.gourmandisedeluxe.com\/de\/wp-json\/wp\/v2\/types\/product"}],"replies":[{"embeddable":true,"href":"https:\/\/www.gourmandisedeluxe.com\/de\/wp-json\/wp\/v2\/comments?post=23502"}],"version-history":[{"count":0,"href":"https:\/\/www.gourmandisedeluxe.com\/de\/wp-json\/wp\/v2\/product\/23502\/revisions"}],"wp:featuredmedia":[{"embeddable":true,"href":"https:\/\/www.gourmandisedeluxe.com\/de\/wp-json\/wp\/v2\/media\/24408"}],"wp:attachment":[{"href":"https:\/\/www.gourmandisedeluxe.com\/de\/wp-json\/wp\/v2\/media?parent=23502"}],"wp:term":[{"taxonomy":"product_brand","embeddable":true,"href":"https:\/\/www.gourmandisedeluxe.com\/de\/wp-json\/wp\/v2\/product_brand?post=23502"},{"taxonomy":"product_cat","embeddable":true,"href":"https:\/\/www.gourmandisedeluxe.com\/de\/wp-json\/wp\/v2\/product_cat?post=23502"},{"taxonomy":"product_tag","embeddable":true,"href":"https:\/\/www.gourmandisedeluxe.com\/de\/wp-json\/wp\/v2\/product_tag?post=23502"}],"curies":[{"name":"wp","href":"https:\/\/api.w.org\/{rel}","templated":true}]}}