{"id":23232,"date":"2025-07-28T11:56:51","date_gmt":"2025-07-28T09:56:51","guid":{"rendered":"https:\/\/www.gourmandisedeluxe.com\/?post_type=product&#038;p=23232"},"modified":"2026-04-22T14:37:26","modified_gmt":"2026-04-22T12:37:26","slug":"popcorn-truffe-blanche-caramel","status":"publish","type":"product","link":"https:\/\/www.gourmandisedeluxe.com\/de\/popcorn-truffe-blanche-caramel\/","title":{"rendered":"S\u00fc\u00dfes Popcorn mit wei\u00dfer Tr\u00fcffel und gesalzener Karamellbutter"},"content":{"rendered":"<p>Die <strong>Truffe Blanche<\/strong>, avec ses ar\u00f4mes floraux et all\u00e9ac\u00e9s d&#8217;une intensit\u00e9 hors norme, rencontre ici la douceur beurr\u00e9e et fondante du caramel au beurre sal\u00e9 pour donner naissance \u00e0 l&#8217;un des snacks les plus inattendus de notre catalogue. Ce <strong>Popcorn Sucr\u00e9 Saveur Truffe Blanche et Caramel Beurre Sal\u00e9<\/strong> joue sur les contrastes avec une \u00e9l\u00e9gance d\u00e9sarmmante.<\/p>\n<p>L&#8217;enrobage caramel au beurre sal\u00e9 offre une texture brillante et craquante \u00e0 chaque grain, avec ce jeu subtil entre le sucr\u00e9 et le sel\u00e9 qui rend le snack imm\u00e9diatement addictif. La saveur truffe blanche vient ajouter une couche aromatique florale et envo\u00fbtante qui surprend plaisamment \u00e0 chaque poign\u00e9e. Un snack qui commence comme une gourmandise classique et finit comme une exp\u00e9rience gastronomique. Disponible en format d\u00e9couverte et format partage.<\/p>\n<p>Ideal pour initier les non-initi\u00e9s au monde de la truffe blanche de mani\u00e8re ludique et accessible, ou pour \u00e9pater des invit\u00e9s lors d&#8217;un ap\u00e9ritif original. S&#8217;accorde remarquablement avec une flte de champagne ros\u00e9, un prosecco ou un verre de Riesling sec. \u00c0 conserver dans un endroit sec et fra\u00ecs, \u00e0 consommer de pr\u00e9f\u00e9rence d\u00e8s ouverture.<\/p>","protected":false},"excerpt":{"rendered":"<p>Gourmet-Popcorn mit einer k\u00f6stlichen Karamellschicht, verfeinert mit Fleur de Sel aus Gu\u00e9rande und dem Geschmack von wei\u00dfer Tr\u00fcffel.<\/p>\n<p>Ein k\u00f6stlich einzigartiges Rezept mit knuspriger Textur und einer perfekten Ausgewogenheit der Aromen.<\/p>\n<p>Nur die Essenz des Geschmacks und des Genusses!<\/p>\n<p>Ein Rezept ohne Zusatzstoffe und k\u00fcnstliche Farbstoffe.<\/p>\n<p>Zutaten: Blonder Rohrzucker*, Mais*(17%), Glukosesirup*, Butter*(11%), Sahne*, wei\u00dfes Tr\u00fcffelpulver (1,2%), Fleur de Sel aus Gu\u00e9rande (1%), Natriumbikarbonat<br \/>\n(*) aus biologischem Anbau.<\/p>\n<p>An einem trockenen Ort aufbewahren. Nach dem \u00d6ffnen schnell verbrauchen.<\/p>\n<p>Franz\u00f6sische Handwerkskunst<\/p>\n<p>N\u00e4hrwerte pro 100 g:<br \/>\nEnergie (Energy): 1759 kJ (419 kcal), Fett (Fat): 12 g, davon ges\u00e4ttigte Fetts\u00e4uren (of which saturates): 7,3 g, Kohlenhydrate (Carbohydrate): 74 g, davon Zucker (of which sugar): 59 g, Eiwei\u00df (Protein): 2,1 g, Salz (Salt): 1,3 g<\/p>\n<p>&nbsp;<\/p>","protected":false},"featured_media":23762,"comment_status":"open","ping_status":"closed","template":"","meta":[],"product_brand":[],"product_cat":[76,109],"product_tag":[],"class_list":{"0":"post-23232","1":"product","2":"type-product","3":"status-publish","4":"has-post-thumbnail","6":"product_cat-douceurs-sucrees","7":"product_cat-produits-biologiques","9":"first","10":"instock","11":"taxable","12":"shipping-taxable","13":"purchasable","14":"product-type-variable","15":"has-default-attributes"},"_links":{"self":[{"href":"https:\/\/www.gourmandisedeluxe.com\/de\/wp-json\/wp\/v2\/product\/23232","targetHints":{"allow":["GET"]}}],"collection":[{"href":"https:\/\/www.gourmandisedeluxe.com\/de\/wp-json\/wp\/v2\/product"}],"about":[{"href":"https:\/\/www.gourmandisedeluxe.com\/de\/wp-json\/wp\/v2\/types\/product"}],"replies":[{"embeddable":true,"href":"https:\/\/www.gourmandisedeluxe.com\/de\/wp-json\/wp\/v2\/comments?post=23232"}],"version-history":[{"count":0,"href":"https:\/\/www.gourmandisedeluxe.com\/de\/wp-json\/wp\/v2\/product\/23232\/revisions"}],"wp:featuredmedia":[{"embeddable":true,"href":"https:\/\/www.gourmandisedeluxe.com\/de\/wp-json\/wp\/v2\/media\/23762"}],"wp:attachment":[{"href":"https:\/\/www.gourmandisedeluxe.com\/de\/wp-json\/wp\/v2\/media?parent=23232"}],"wp:term":[{"taxonomy":"product_brand","embeddable":true,"href":"https:\/\/www.gourmandisedeluxe.com\/de\/wp-json\/wp\/v2\/product_brand?post=23232"},{"taxonomy":"product_cat","embeddable":true,"href":"https:\/\/www.gourmandisedeluxe.com\/de\/wp-json\/wp\/v2\/product_cat?post=23232"},{"taxonomy":"product_tag","embeddable":true,"href":"https:\/\/www.gourmandisedeluxe.com\/de\/wp-json\/wp\/v2\/product_tag?post=23232"}],"curies":[{"name":"wp","href":"https:\/\/api.w.org\/{rel}","templated":true}]}}