{"id":23138,"date":"2025-07-09T09:42:31","date_gmt":"2025-07-09T07:42:31","guid":{"rendered":"https:\/\/www.gourmandisedeluxe.com\/?post_type=product&#038;p=23138"},"modified":"2026-04-22T15:09:59","modified_gmt":"2026-04-22T13:09:59","slug":"sac-cuir-spiaggina-dellaluna-caviar-kaspia","status":"publish","type":"product","link":"https:\/\/www.gourmandisedeluxe.com\/de\/sac-cuir-spiaggina-dellaluna-caviar-kaspia\/","title":{"rendered":"Gro\u00dfe Ledertasche Spiaggina T\u00fcrkis &amp; Wei\u00df \u2013 Dellaluna X Caviar Kaspia"},"content":{"rendered":"<p>Die Zusammenarbeit zwischen <strong>Kaspia-Kaviar<\/strong> und <strong>Dellaluna<\/strong> \u2014 maison de maroquinerie de luxe fond\u00e9e \u00e0 Rome \u2014 est une rencontre entre deux visions de l&#8217;excellence : la gastronomie de pr\u00e9stige parisienne et le savoir-faire artisanal de la peau et du cuir \u00e0 l&#8217;italienne. La collection qui en r\u00e9sulte est une s\u00e9rie de pi\u00e8ces de maroquinerie exclusives en cuir pleine fleur, color\u00e9es selon la palette graphique signature Kaspia : noir profond et turquoise lumineux.<\/p>\n<p>Die <strong>Spiaggina Turquoise et Blanc Dellaluna x Caviar Kaspia<\/strong> est la pi\u00e8ce estivale de la collection \u2014 un grand sac de plage ou de voyage aux proportions g\u00e9n\u00e9reuses et \u00e0 la structure souple, con\u00e7u pour accompagner les moments de d\u00e9tente et de voyage sans sacrifier une once de l\u00e9gance. Le cuir turquoise et blanc \u2014 couleurs d&#8217;eau et d&#8217;horizon \u2014 lui donne une personnalit\u00e9 lumineuse et affirm\u00e9e. Propos\u00e9e \u00e0 <strong>1 700\u20ac<\/strong>.<\/p>\n<p>La pi\u00e8ce pour les voyageuses exigeantes qui veulent un grand sac beau et fonctionnel \u00e0 la fois, sign\u00e9 par deux maisons de r\u00e9f\u00e9rence. \u00c9dition limit\u00e9e, livr\u00e9e dans son emballage double signature Dellaluna x Caviar Kaspia.<\/p>","protected":false},"excerpt":{"rendered":"<p>Die Dellaluna x Kaspia Spiaggina ist eine sommerliche Liebeserkl\u00e4rung an die Kunst des Feierns. Dieses limitierte St\u00fcck erfindet <em>la dolce vita<\/em> durch den leuchtenden, f\u00fcr Kaspia typischen T\u00fcrkiston, der an sonnendurchflutete Tage und den Glamour der K\u00fcsten erinnert.<\/p>\n<p>Die Tasche aus wei\u00dfem und t\u00fcrkisfarbenem Kalbsleder ist vollst\u00e4ndig mit Seidenfaden bestickt, wobei jeder Stich eine Hommage an die zeitlosen Sommerrituale darstellt. Der Verschluss aus 18 Karat Vermeil, verziert mit dem Kaspia-Logo in blauem Emaille, verleiht diesem Modell aus der Kollektion einen edlen Touch.<\/p>\n<p>Mit abnehmbarem Schulterriemen f\u00fcr mehr Vielseitigkeit. Nur wenige Exemplare wurden hergestellt. Entworfen f\u00fcr alle, die den Geist des Sommers an der Riviera mitnehmen, wohin auch immer sie gehen.<\/p>","protected":false},"featured_media":23142,"comment_status":"open","ping_status":"closed","template":"","meta":[],"product_brand":[],"product_cat":[182,110],"product_tag":[],"class_list":{"0":"post-23138","1":"product","2":"type-product","3":"status-publish","4":"has-post-thumbnail","6":"product_cat-collections","7":"product_cat-nos-idees-cadeaux","9":"first","10":"instock","11":"taxable","12":"shipping-taxable","13":"purchasable","14":"product-type-simple"},"_links":{"self":[{"href":"https:\/\/www.gourmandisedeluxe.com\/de\/wp-json\/wp\/v2\/product\/23138","targetHints":{"allow":["GET"]}}],"collection":[{"href":"https:\/\/www.gourmandisedeluxe.com\/de\/wp-json\/wp\/v2\/product"}],"about":[{"href":"https:\/\/www.gourmandisedeluxe.com\/de\/wp-json\/wp\/v2\/types\/product"}],"replies":[{"embeddable":true,"href":"https:\/\/www.gourmandisedeluxe.com\/de\/wp-json\/wp\/v2\/comments?post=23138"}],"version-history":[{"count":0,"href":"https:\/\/www.gourmandisedeluxe.com\/de\/wp-json\/wp\/v2\/product\/23138\/revisions"}],"wp:featuredmedia":[{"embeddable":true,"href":"https:\/\/www.gourmandisedeluxe.com\/de\/wp-json\/wp\/v2\/media\/23142"}],"wp:attachment":[{"href":"https:\/\/www.gourmandisedeluxe.com\/de\/wp-json\/wp\/v2\/media?parent=23138"}],"wp:term":[{"taxonomy":"product_brand","embeddable":true,"href":"https:\/\/www.gourmandisedeluxe.com\/de\/wp-json\/wp\/v2\/product_brand?post=23138"},{"taxonomy":"product_cat","embeddable":true,"href":"https:\/\/www.gourmandisedeluxe.com\/de\/wp-json\/wp\/v2\/product_cat?post=23138"},{"taxonomy":"product_tag","embeddable":true,"href":"https:\/\/www.gourmandisedeluxe.com\/de\/wp-json\/wp\/v2\/product_tag?post=23138"}],"curies":[{"name":"wp","href":"https:\/\/api.w.org\/{rel}","templated":true}]}}