{"id":23136,"date":"2025-07-09T09:39:19","date_gmt":"2025-07-09T07:39:19","guid":{"rendered":"https:\/\/www.gourmandisedeluxe.com\/?post_type=product&#038;p=23136"},"modified":"2026-04-22T15:09:59","modified_gmt":"2026-04-22T13:09:59","slug":"pochette-aus-turkis-schwarzem-leder-dellaluna-x-caviar-kaspia","status":"publish","type":"product","link":"https:\/\/www.gourmandisedeluxe.com\/de\/pochette-cuir-turquoise-dellaluna-kaspia\/","title":{"rendered":"Schwarze &amp; t\u00c3\u0192\u00c2\u00bcrkisfarbene Ledermappe - Dellaluna X Caviar Kaspia"},"content":{"rendered":"<p>Die Zusammenarbeit zwischen <strong>Kaspia-Kaviar<\/strong> und <strong>Dellaluna<\/strong> \u2014 maison de maroquinerie de luxe fond\u00e9e \u00e0 Rome \u2014 est une rencontre entre deux visions de l&#8217;excellence : la gastronomie de pr\u00e9stige parisienne et le savoir-faire artisanal de la peau et du cuir \u00e0 l&#8217;italienne. La collection qui en r\u00e9sulte est une s\u00e9rie de pi\u00e8ces de maroquinerie exclusives en cuir pleine fleur, color\u00e9es selon la palette graphique signature Kaspia : noir profond et turquoise lumineux.<\/p>\n<p>Die <strong>Pochette en Cuir Noir et Turquoise Dellaluna x Caviar Kaspia<\/strong> est la pi\u00e8ce d&#8217;entr\u00e9e dans cette collection exclusive. Sa taille compacte et sa silhouette \u00e9pur\u00e9e en font un accessoire aussi versatile que sophistiqu\u00e9 : en pochette de soir\u00e9e, en sac int\u00e9rieur ou en trousse de rangement haut de gamme, elle s&#8217;adapte avec \u00e9l\u00e9gance \u00e0 toutes les occasions. Le cuir pleine fleur, tannn\u00e9 selon les m\u00e9thodes traditionnelles romaines, d\u00e9veloppe avec le temps une patine unique et personnelle. Propos\u00e9e \u00e0 <strong>465\u20ac<\/strong>.<\/p>\n<p>Un cadeau d&#8217;exception pour une femme qui collectionne les accessoires de luxe, qui appr\u00e9cie Kaspia ou les collaborations entre maisons de prestige. Pi\u00e8ce \u00e9dition limit\u00e9e, non renouvel\u00e9e, livr\u00e9e dans son \u00e9crin double signature.<\/p>","protected":false},"excerpt":{"rendered":"<p>Minimalistische Silhouette, klare Absichten<\/p>\n<p>Diese kompakte Clutch ist aus weichem Togo-Leder gefertigt und verf\u00fcgt \u00fcber eine dezente seitliche Paspelierung und ein t\u00fcrkisfarbenes Innenfutter, das f\u00fcr Kaspia charakteristisch ist.<\/p>\n<p>Entworfen f\u00fcr den Mann, der mit leichtem Gep\u00e4ck, aber pr\u00e4zise reist, transportiert sie nur das N\u00f6tigste, mit der diskreten Selbstsicherheit der ersten Accessoire-Linie f\u00fcr Herren von Dellaluna.<\/p>","protected":false},"featured_media":24541,"comment_status":"open","ping_status":"closed","template":"","meta":[],"product_brand":[],"product_cat":[182,110],"product_tag":[],"class_list":{"0":"post-23136","1":"product","2":"type-product","3":"status-publish","4":"has-post-thumbnail","6":"product_cat-collections","7":"product_cat-nos-idees-cadeaux","9":"first","10":"instock","11":"taxable","12":"shipping-taxable","13":"purchasable","14":"product-type-simple"},"_links":{"self":[{"href":"https:\/\/www.gourmandisedeluxe.com\/de\/wp-json\/wp\/v2\/product\/23136","targetHints":{"allow":["GET"]}}],"collection":[{"href":"https:\/\/www.gourmandisedeluxe.com\/de\/wp-json\/wp\/v2\/product"}],"about":[{"href":"https:\/\/www.gourmandisedeluxe.com\/de\/wp-json\/wp\/v2\/types\/product"}],"replies":[{"embeddable":true,"href":"https:\/\/www.gourmandisedeluxe.com\/de\/wp-json\/wp\/v2\/comments?post=23136"}],"version-history":[{"count":0,"href":"https:\/\/www.gourmandisedeluxe.com\/de\/wp-json\/wp\/v2\/product\/23136\/revisions"}],"wp:featuredmedia":[{"embeddable":true,"href":"https:\/\/www.gourmandisedeluxe.com\/de\/wp-json\/wp\/v2\/media\/24541"}],"wp:attachment":[{"href":"https:\/\/www.gourmandisedeluxe.com\/de\/wp-json\/wp\/v2\/media?parent=23136"}],"wp:term":[{"taxonomy":"product_brand","embeddable":true,"href":"https:\/\/www.gourmandisedeluxe.com\/de\/wp-json\/wp\/v2\/product_brand?post=23136"},{"taxonomy":"product_cat","embeddable":true,"href":"https:\/\/www.gourmandisedeluxe.com\/de\/wp-json\/wp\/v2\/product_cat?post=23136"},{"taxonomy":"product_tag","embeddable":true,"href":"https:\/\/www.gourmandisedeluxe.com\/de\/wp-json\/wp\/v2\/product_tag?post=23136"}],"curies":[{"name":"wp","href":"https:\/\/api.w.org\/{rel}","templated":true}]}}