{"id":23133,"date":"2025-07-09T09:34:53","date_gmt":"2025-07-09T07:34:53","guid":{"rendered":"https:\/\/www.gourmandisedeluxe.com\/?post_type=product&#038;p=23133"},"modified":"2026-04-22T15:09:59","modified_gmt":"2026-04-22T13:09:59","slug":"porte-documents-cuir-dellaluna-kaspia","status":"publish","type":"product","link":"https:\/\/www.gourmandisedeluxe.com\/de\/porte-documents-cuir-dellaluna-kaspia\/","title":{"rendered":"Leder-Dokumentenmappe Schwarz &amp; T\u00c3\u0192\u00c2\u00bcrkis - Dellaluna X Caviar Kaspia"},"content":{"rendered":"<p>Die Zusammenarbeit zwischen <strong>Kaspia-Kaviar<\/strong> und <strong>Dellaluna<\/strong> \u2014 maison de maroquinerie de luxe fond\u00e9e \u00e0 Rome \u2014 est une rencontre entre deux visions de l&#8217;excellence : la gastronomie de pr\u00e9stige parisienne et le savoir-faire artisanal de la peau et du cuir \u00e0 l&#8217;italienne. La collection qui en r\u00e9sulte est une s\u00e9rie de pi\u00e8ces de maroquinerie exclusives en cuir pleine fleur, color\u00e9es selon la palette graphique signature Kaspia : noir profond et turquoise lumineux.<\/p>\n<p>Die <strong>Porte-Documents en Cuir Noir et Turquoise Dellaluna x Caviar Kaspia<\/strong> est la pi\u00e8ce la plus fonctionnelle de la collection : con\u00e7u pour accompagner les professionnels exigeants qui ne font aucun compromis entre l&#8217;utilit\u00e9 et l&#8217;esth\u00e9tique. Sa structure rigide prot\u00e8ge documents, tablette et ordinateur ultra-fin, tandis que sa fermeture \u00e9labor\u00e9e et ses finitions soign\u00e9es trahissent l&#8217;origine artisanale romaine de la pi\u00e8ce. Propos\u00e9 \u00e0 <strong>800\u20ac<\/strong>.<\/p>\n<p>Le cadeau id\u00e9al pour un cadre sup\u00e9rieur, un entrepreneur ou un professionnel qui se pr\u00e9sente dans des contextes o\u00f9 les d\u00e9tails comptent. Pi\u00e8ce \u00e9dition limit\u00e9e, livr\u00e9e avec le certificat d&#8217;authenticit\u00e9 double signature Dellaluna x Kaspia.<\/p>","protected":false},"excerpt":{"rendered":"<p>Diese Aktentasche oder Laptoptasche aus weichem Togo-Leder mit t\u00fcrkisfarbenen Caviar-Details an der Innenseite und den Seiten, dem Markenzeichen von Kaspia, ist das erste Modell, das Dellaluna jemals entworfen hat. Sie wurde f\u00fcr den modernen Mann entwickelt und spiegelt sowohl in ihrer Form als auch in ihrer Funktionalit\u00e4t die zeitlose Schlichtheit von Kaspia wider. Ein dezentes Statement f\u00fcr alle, die Sinn und Pr\u00e4senz haben, von morgendlichen Meetings bis zu sp\u00e4ten Abfahrten.<\/p>","protected":false},"featured_media":24543,"comment_status":"open","ping_status":"closed","template":"","meta":[],"product_brand":[],"product_cat":[182,110],"product_tag":[],"class_list":{"0":"post-23133","1":"product","2":"type-product","3":"status-publish","4":"has-post-thumbnail","6":"product_cat-collections","7":"product_cat-nos-idees-cadeaux","9":"first","10":"instock","11":"taxable","12":"shipping-taxable","13":"purchasable","14":"product-type-simple"},"_links":{"self":[{"href":"https:\/\/www.gourmandisedeluxe.com\/de\/wp-json\/wp\/v2\/product\/23133","targetHints":{"allow":["GET"]}}],"collection":[{"href":"https:\/\/www.gourmandisedeluxe.com\/de\/wp-json\/wp\/v2\/product"}],"about":[{"href":"https:\/\/www.gourmandisedeluxe.com\/de\/wp-json\/wp\/v2\/types\/product"}],"replies":[{"embeddable":true,"href":"https:\/\/www.gourmandisedeluxe.com\/de\/wp-json\/wp\/v2\/comments?post=23133"}],"version-history":[{"count":0,"href":"https:\/\/www.gourmandisedeluxe.com\/de\/wp-json\/wp\/v2\/product\/23133\/revisions"}],"wp:featuredmedia":[{"embeddable":true,"href":"https:\/\/www.gourmandisedeluxe.com\/de\/wp-json\/wp\/v2\/media\/24543"}],"wp:attachment":[{"href":"https:\/\/www.gourmandisedeluxe.com\/de\/wp-json\/wp\/v2\/media?parent=23133"}],"wp:term":[{"taxonomy":"product_brand","embeddable":true,"href":"https:\/\/www.gourmandisedeluxe.com\/de\/wp-json\/wp\/v2\/product_brand?post=23133"},{"taxonomy":"product_cat","embeddable":true,"href":"https:\/\/www.gourmandisedeluxe.com\/de\/wp-json\/wp\/v2\/product_cat?post=23133"},{"taxonomy":"product_tag","embeddable":true,"href":"https:\/\/www.gourmandisedeluxe.com\/de\/wp-json\/wp\/v2\/product_tag?post=23133"}],"curies":[{"name":"wp","href":"https:\/\/api.w.org\/{rel}","templated":true}]}}