{"id":23130,"date":"2025-07-08T17:00:28","date_gmt":"2025-07-08T15:00:28","guid":{"rendered":"https:\/\/www.gourmandisedeluxe.com\/?post_type=product&#038;p=23130"},"modified":"2026-04-22T15:09:59","modified_gmt":"2026-04-22T13:09:59","slug":"handtasche-aus-leder-schwarz-turkis-dellaluna-x-caviar-kaspia","status":"publish","type":"product","link":"https:\/\/www.gourmandisedeluxe.com\/de\/sac-cuir-turquoise-dellaluna-kaspia\/","title":{"rendered":"Handtasche aus schwarzem Leder mit t\u00fcrkisfarbenen Akzenten \u2013 Dellaluna X Caviar Kaspia"},"content":{"rendered":"<p>Die Zusammenarbeit zwischen <strong>Kaspia-Kaviar<\/strong> und <strong>Dellaluna<\/strong> \u2014 maison de maroquinerie de luxe fond\u00e9e \u00e0 Rome \u2014 est une rencontre entre deux visions de l&#8217;excellence : la gastronomie de pr\u00e9stige parisienne et le savoir-faire artisanal de la peau et du cuir \u00e0 l&#8217;italienne. La collection qui en r\u00e9sulte est une s\u00e9rie de pi\u00e8ces de maroquinerie exclusives en cuir pleine fleur, color\u00e9es selon la palette graphique signature Kaspia : noir profond et turquoise lumineux.<\/p>\n<p>Die <strong>Sac \u00e0 Main en Cuir Noir et Turquoise Dellaluna x Caviar Kaspia<\/strong> est la version bichrome de la pi\u00e8ce ma\u00eetresse \u2014 plus audacieuse visuellement, avec ce jeu de contraste entre le cuir de veau noir profond du corps et les accents turquoise qui soulignent les coutures, les anses et les ferrures. Le turquoise Kaspia, couleur signature de la Maison depuis ses origines, apporte une signature chromatique imm\u00e9diatement identifiable. Propos\u00e9 \u00e0 <strong>1 400\u20ac<\/strong>.<\/p>\n<p>Pour les femmes qui souhaitent afficher leur lien avec la Maison Kaspia \u00e0 travers un accessoire de luxe d&#8217;une raret\u00e9 absolue. \u00c9dition limit\u00e9e, livr\u00e9e dans son \u00e9crin et accompagn\u00e9e de son certificat d&#8217;authenticit\u00e9 artisanale.<\/p>","protected":false},"excerpt":{"rendered":"<p>Als gewagte Hommage an das legend\u00e4re T\u00fcrkis von Caviar Kaspia interpretiert diese Edition der Caviar-Clutch die ikonische Silhouette von Dellaluna aus glattem italienischem Kalbsleder neu.<\/p>\n<p>Der satte, lebendige Farbton spiegelt die ikonischen Innenr\u00e4ume von Kaspia wider und macht ihn zu einem echten Sammlerst\u00fcck.<\/p>\n<p>Die Tasche pr\u00e4sentiert das Reliefmotiv der Dellaluna-Signatur und ein 18-kar\u00e4tig vergoldetes Emblem, erg\u00e4nzt durch das Caviar Kaspia-Wappen aus gl\u00e4nzendem schwarzem Emaille.<\/p>\n<p>Dank des abnehmbaren Schulterriemens begleitet sie Sie Tag und Nacht.<\/p>\n<ul>\n<li>T\u00c3\u0192\u00c2\u00bcrkisfarbenes italienisches Kalbsleder<\/li>\n<li>Gepr\u00c3\u0192\u00c2\u00a4gte Dellaluna-Signatur<\/li>\n<li>18 Karat vergoldeter Verschluss mit schwarz emailliertem Caviar Kaspia-Emblem<\/li>\n<li>Innenfutter in Ton-in-Ton-T\u00fcrkis<\/li>\n<li>Abnehmbarer Schulterriemen<\/li>\n<li>Hergestellt in Italien<\/li>\n<li>Limitierte Auflage<\/li>\n<\/ul>","protected":false},"featured_media":24546,"comment_status":"open","ping_status":"closed","template":"","meta":[],"product_brand":[],"product_cat":[182,110],"product_tag":[],"class_list":{"0":"post-23130","1":"product","2":"type-product","3":"status-publish","4":"has-post-thumbnail","6":"product_cat-collections","7":"product_cat-nos-idees-cadeaux","9":"first","10":"instock","11":"taxable","12":"shipping-taxable","13":"purchasable","14":"product-type-simple"},"_links":{"self":[{"href":"https:\/\/www.gourmandisedeluxe.com\/de\/wp-json\/wp\/v2\/product\/23130","targetHints":{"allow":["GET"]}}],"collection":[{"href":"https:\/\/www.gourmandisedeluxe.com\/de\/wp-json\/wp\/v2\/product"}],"about":[{"href":"https:\/\/www.gourmandisedeluxe.com\/de\/wp-json\/wp\/v2\/types\/product"}],"replies":[{"embeddable":true,"href":"https:\/\/www.gourmandisedeluxe.com\/de\/wp-json\/wp\/v2\/comments?post=23130"}],"version-history":[{"count":0,"href":"https:\/\/www.gourmandisedeluxe.com\/de\/wp-json\/wp\/v2\/product\/23130\/revisions"}],"wp:featuredmedia":[{"embeddable":true,"href":"https:\/\/www.gourmandisedeluxe.com\/de\/wp-json\/wp\/v2\/media\/24546"}],"wp:attachment":[{"href":"https:\/\/www.gourmandisedeluxe.com\/de\/wp-json\/wp\/v2\/media?parent=23130"}],"wp:term":[{"taxonomy":"product_brand","embeddable":true,"href":"https:\/\/www.gourmandisedeluxe.com\/de\/wp-json\/wp\/v2\/product_brand?post=23130"},{"taxonomy":"product_cat","embeddable":true,"href":"https:\/\/www.gourmandisedeluxe.com\/de\/wp-json\/wp\/v2\/product_cat?post=23130"},{"taxonomy":"product_tag","embeddable":true,"href":"https:\/\/www.gourmandisedeluxe.com\/de\/wp-json\/wp\/v2\/product_tag?post=23130"}],"curies":[{"name":"wp","href":"https:\/\/api.w.org\/{rel}","templated":true}]}}