{"id":22946,"date":"2025-05-12T15:17:36","date_gmt":"2025-05-12T13:17:36","guid":{"rendered":"https:\/\/www.gourmandisedeluxe.com\/?post_type=product&#038;p=22946"},"modified":"2026-04-22T15:13:13","modified_gmt":"2026-04-22T13:13:13","slug":"collection-bijoux-spinelle-kaspia-linda-fargo","status":"publish","type":"product","link":"https:\/\/www.gourmandisedeluxe.com\/de\/collection-bijoux-spinelle-kaspia-linda-fargo\/","title":{"rendered":"Spinell-Schmuckkollektion by Caviar Kaspia x Linda Fargo"},"content":{"rendered":"<p>Die Zusammenarbeit zwischen <strong>Kaspia-Kaviar<\/strong> und <strong>Linda Fargo<\/strong> \u2014 ic\u00f4ne de la mode new-yorkaise et cr\u00e9atrice de bijoux en pierres fines \u2014 donne naissance \u00e0 une collection de bijoux en spinelle, pierre pr\u00e9cieuse rare et intense, travaill\u00e9e dans l&#8217;esprit minimaliste et raffin\u00e9 qui caract\u00e9rise le style Fargo. La spinelle, plus rare que le rubis et souvent confondue avec lui, est une gemme d&#8217;une beaut\u00e9 profonde aux reflets violac\u00e9s et rouges.<\/p>\n<p>Die <strong>Collection Bijoux en Spinelle by Caviar Kaspia x Linda Fargo<\/strong> est pr\u00e9sent\u00e9e ici en coffret d&#8217;ensemble : plusieurs pi\u00e8ces compl\u00e9mentaires \u2014 bague, bracelet, collier \u2014 travaill\u00e9es dans une coh\u00e9rence esth\u00e9tique et une palette chromatique partag\u00e9e. La spinelle, choisie pour l&#8217;intensit\u00e9 de sa couleur et la qualit\u00e9 de sa taille, est serti\u00e9e sur des montures en or ou argent d&#8217;une finesse exemplaire. Propos\u00e9e \u00e0 <strong>627\u20ac<\/strong>.<\/p>\n<p>Un coffret bijoux de prestige pour les collectionneuses de pi\u00e8ces fines et rares, id\u00e9al pour une occasion exceptionnelle. \u00c9dition limit\u00e9e, livr\u00e9 dans son \u00e9crin double signature.<\/p>","protected":false},"excerpt":{"rendered":"<p>Die Kollektion besteht aus einem Armband-Trio und einem Ring-Trio sowie einer eleganten Lariat-Halskette.<\/p>\n<p>&nbsp;<\/p>\n<p><strong>1.Halsband<\/strong> aus Steinen bestehend <b>3 mm gro\u00dfe, mikrofacettierte schwarze Spinelle <\/b>und mit zwei Armb\u00e4ndern aus <b>Perlen aus<\/b><b>orzo<\/b><b> strukturiert aus 14 Karat Gold<\/b>. Mit einer L\u00e4nge von 43 cm um den Hals und einem Fall von 11 cm kann diese Halskette im Lasso-Stil allein als auff\u00e4lliges Schmuckst\u00fcck getragen oder mit Ihren anderen Lieblingsst\u00fccken kombiniert werden. Zeitlos trifft auf gewagt mit dieser Halskette aus Spinell und Gold.<\/p>\n<ul>\n<li>Obwohl wasserfest, empfehlen wir dennoch, diese Halskette abzunehmen, wenn der Spinellstein aggressiven Chemikalien oder aufbereitetem Wasser ausgesetzt ist.<\/li>\n<li>L\u00c3\u0192\u00c2\u00a4nge des Halsbandes 17 , mit einem Fall von 4,5 .<\/li>\n<li>Mit einem Sprungring aus Gold und einem Karabinerverschluss versehen, damit sich das Armband leicht an- und ablegen l\u00e4sst.<\/li>\n<li>Entworfen und hergestellt in Los Angeles, von Frauen<\/li>\n<\/ul>\n<p>&nbsp;<\/p>\n<p><strong>2. Trio von Ringen<\/strong> Diese eleganten Ringe bestehen aus <b>aus 3 mm gro\u00dfen, mikrofacettierten schwarzen Spinellsteinen <\/b>und <strong>von<\/strong> <b>strukturierte Perlen aus 14 Karat Gold<\/b>. Diese Ringe wurden sorgf\u00e4ltig mit einem ma\u00dfgeschneiderten Gummiband hergestellt und k\u00f6nnen einzeln oder zusammen getragen werden. Zeitlos trifft auf gewagt mit diesen Ringen aus Spinell und Gold.<\/p>\n<ul>\n<li>Obwohl sie wasserbest\u00e4ndig sind, empfehlen wir dennoch, diese Teile abzunehmen, wenn der Spinellstein aggressiven Chemikalien oder aufbereitetem Wasser ausgesetzt ist.<\/li>\n<li>Ringe in Gr\u00c3\u0192\u00c2\u00b6\u00c3\u0192\u00c5\u00b8e 7, mit dehnbarer Passform, um den bestm\u00c3\u0192\u00c2\u00b6glichen Sitz zu gew\u00c3\u0192\u00c2\u00a4hrleisten.<\/li>\n<li>Entworfen und hergestellt in Los Angeles von Frauen<\/li>\n<\/ul>\n<p><strong>3. Trio von Armb\u00c3\u0192\u00c2\u00a4ndern<\/strong> : Diese drei eleganten Armb\u00e4nder bestehen aus\u00a0<b>3 mm gro\u00dfe, mikrofacettierte schwarze Spinelle\u00a0<\/b>und strukturierten Orzo-Perlen\u00a0<b>aus 14-kar\u00c3\u0192\u00c2\u00a4tigem Gold.\u00a0<\/b>Diese Armb\u00e4nder wurden sorgf\u00e4ltig mit einem ma\u00dfgeschneiderten Gummiband hergestellt und k\u00f6nnen einzeln, zusammen oder mit Ihren anderen Lieblingsmodeartikeln getragen werden. Zeitlos trifft auf gewagt mit diesen Armb\u00e4ndern aus Spinell und Gold.<\/p>\n<ul>\n<li>Obwohl das Armband wasserfest ist, empfehlen wir, es abzunehmen, wenn der Spinellstein aggressiven Chemikalien oder aufbereitetem Wasser ausgesetzt ist.<\/li>\n<li>Handgelenkgr\u00f6\u00dfe: 6,50 Zoll, mit dehnbarer Passform f\u00fcr optimalen Sitz.<\/li>\n<li>Entworfen und hergestellt in Los Angeles, von Frauen<\/li>\n<\/ul>\n<p>Die\u00a0<b>schwarzer Spinell<\/b>, der oft mit Saphir verwechselt wird, ist in Wirklichkeit ein einzigartiger Edelstein mit seinen eigenen faszinierenden Eigenschaften.<\/p>\n<p>Dieser geheimnisvolle Stein symbolisiert Schutz und innere St\u00e4rke. Er wirkt wie ein Schutzschild gegen negative Energien und st\u00e4rkt Ihr Selbstvertrauen und Ihre Spiritualit\u00e4t. Wenn Sie manchmal mit dem Kopf in den Wolken schweben, hilft Ihnen der schwarze Spinell, mit beiden Beinen auf dem Boden zu bleiben, indem er Ihnen Halt und Stabilit\u00e4t verleiht. Dar\u00fcber hinaus f\u00f6rdert er die Konzentration und vermittelt ein Gef\u00fchl der Sicherheit.<\/p>\n<p><b>Spinell ist ein Mineral aus der Familie der Oxide mit der Formel MgAl2O4 (Magnesium-Aluminiumoxid). Es handelt sich um einen Edelstein, der in der Schmuckherstellung verwendet wird.<\/b><\/p>","protected":false},"featured_media":24609,"comment_status":"open","ping_status":"closed","template":"","meta":[],"product_brand":[],"product_cat":[182],"product_tag":[],"class_list":{"0":"post-22946","1":"product","2":"type-product","3":"status-publish","4":"has-post-thumbnail","6":"product_cat-collections","8":"first","9":"instock","10":"taxable","11":"shipping-taxable","12":"purchasable","13":"product-type-simple"},"_links":{"self":[{"href":"https:\/\/www.gourmandisedeluxe.com\/de\/wp-json\/wp\/v2\/product\/22946","targetHints":{"allow":["GET"]}}],"collection":[{"href":"https:\/\/www.gourmandisedeluxe.com\/de\/wp-json\/wp\/v2\/product"}],"about":[{"href":"https:\/\/www.gourmandisedeluxe.com\/de\/wp-json\/wp\/v2\/types\/product"}],"replies":[{"embeddable":true,"href":"https:\/\/www.gourmandisedeluxe.com\/de\/wp-json\/wp\/v2\/comments?post=22946"}],"version-history":[{"count":0,"href":"https:\/\/www.gourmandisedeluxe.com\/de\/wp-json\/wp\/v2\/product\/22946\/revisions"}],"wp:featuredmedia":[{"embeddable":true,"href":"https:\/\/www.gourmandisedeluxe.com\/de\/wp-json\/wp\/v2\/media\/24609"}],"wp:attachment":[{"href":"https:\/\/www.gourmandisedeluxe.com\/de\/wp-json\/wp\/v2\/media?parent=22946"}],"wp:term":[{"taxonomy":"product_brand","embeddable":true,"href":"https:\/\/www.gourmandisedeluxe.com\/de\/wp-json\/wp\/v2\/product_brand?post=22946"},{"taxonomy":"product_cat","embeddable":true,"href":"https:\/\/www.gourmandisedeluxe.com\/de\/wp-json\/wp\/v2\/product_cat?post=22946"},{"taxonomy":"product_tag","embeddable":true,"href":"https:\/\/www.gourmandisedeluxe.com\/de\/wp-json\/wp\/v2\/product_tag?post=22946"}],"curies":[{"name":"wp","href":"https:\/\/api.w.org\/{rel}","templated":true}]}}