{"id":22905,"date":"2025-05-12T14:11:59","date_gmt":"2025-05-12T12:11:59","guid":{"rendered":"https:\/\/www.gourmandisedeluxe.com\/?post_type=product&#038;p=22905"},"modified":"2026-04-22T13:45:13","modified_gmt":"2026-04-22T11:45:13","slug":"italienische-sosen","status":"publish","type":"product","link":"https:\/\/www.gourmandisedeluxe.com\/de\/les-sauces-italiennes\/","title":{"rendered":"Box- Italienische So\u00c3\u0192\u00c5\u00b8en"},"content":{"rendered":"<p>Das Set Les Sauces Italiennes ist eine Einladung, in die warme und w\u00e4rmende kulinarische Tradition Italiens einzutauchen, die von La Maison de la Truffe neu interpretiert wurde. Diese sorgf\u00e4ltig zusammengestellte Box vereint italienisch inspirierte Tr\u00fcffelsaucen, die auf edlen Zutaten und bew\u00e4hrten Aromenzusammenstellungen basieren - ein ideales Geschenk f\u00fcr alle, die gerne mit sch\u00f6nen Produkten kochen.<\/p>\n<p>Auf dem Programm steht eine Gorgonzola-Sauce mit Sommertr\u00fcffeln (180 g), in der der italienische DOP-K\u00e4se eine zartschmelzende Textur und einen kr\u00e4ftigen Geschmack bietet, der durch die S\u00fc\u00dfe der Sahne und die nussige Subtilit\u00e4t der Tr\u00fcffel ausgeglichen wird. <em>Tuber Aestivum<\/em>. Die Box enth\u00e4lt auch andere Saucen, die von La Maison de la Truffe aufgrund ihres Charakters, ihrer Authentizit\u00e4t und ihrer Komplementarit\u00e4t mit frischer Pasta und Risotto ausgew\u00e4hlt wurden.<\/p>\n<p>Jede Sauce kann \u00fcber in Butter geschwenkte Tagliatelle al dente, hausgemachte Kartoffelgnocchi, ein Risotto Carnaroli mantecato oder zum \u00dcberbacken eines Nudelgratins verwendet werden. Der Tr\u00fcffel verleiht ihnen jedes Mal die aromatische Tiefe, die aus einem Sonntagabendgericht ein Festmahl macht, das einer r\u00f6mischen Trattoria w\u00fcrdig ist.<\/p>\n<p>Geschenkbox. Preis: 62 \u20ac. An einem trockenen und k\u00fchlen Ort aufbewahren. Nach dem \u00d6ffnen k\u00fchlen und schnell verbrauchen.<\/p>","protected":false},"excerpt":{"rendered":"<p>Verschenken Sie Genuss und Gro\u00dfz\u00fcgigkeit mit den neuen Saucen von Maison de la Truffe, die f\u00fcr die herzliche und wohltuende italienische Hausmannskost stehen.<br \/>\nDas Maison de la Truffe l\u00e4dt Sie ein, seine legend\u00e4ren Tr\u00fcffel-Aromen aus Italien zu probieren.<\/p>\n<p>Diese Box enth\u00c3\u0192\u00c2\u00a4lt:<\/p>\n<p>1 <strong>Gorgonzola-Sauce mit Sommertr\u00fcffelgeschmack, 180 g.<\/strong> Der Gorgonzola AOP ist ein italienischer K\u00e4se par excellence und zeichnet sich durch seine cremige Konsistenz und seinen kr\u00e4ftigen Geschmack aus, der durch die nat\u00fcrliche S\u00fc\u00dfe der Sahne ausgeglichen wird. Der Sommertr\u00fcffel verleiht der Sauce eine holzige und raffinierte Note, ohne das Aroma des K\u00e4ses zu \u00fcberdecken.<\/p>\n<p>1 <strong>Carbonara-Sauce mit Sommertr\u00fcffel 170 g<\/strong>. Diese Zubereitung bietet eine zeitgem\u00e4\u00dfe Version der ber\u00fchmten Sauce: Eier aus Freilandhaltung, Parmigiano Reggiano AOP, Pecorino Romano AOP und Sommertr\u00fcffel (Tuber aestivum Vitt.), der hier den Guanciale (eine Spezialit\u00e4t aus Schweinefleisch) ersetzt. Eine samtige Carbonara-Sauce mit au\u00dfergew\u00f6hnlichen Zutaten, die genauso cremig ist wie die zu Hause zubereitete.<\/p>\n<p>1 <strong>Cacio e Pepe-Sauce mit Sommertr\u00fcffel, 180 g.<\/strong> Inspiriert vom ber\u00fchmten r\u00f6mischen Gericht \u201cCacio e Pepe\u201d (K\u00e4se und Pfeffer) vereint diese Sauce gereiften Pecorino Romano DOP, frisch gemahlenen schwarzen Pfeffer und einen Hauch von Sommertr\u00fcffel f\u00fcr einen noch intensiveren Geschmack.<\/p>\n<p>1 <strong>Tomatensauce mit Sommertr\u00fcffeln 190 g <\/strong>. Diese frische Tomatensauce schmeckt k\u00f6stlich, wenn sie klassisch zu einem Nudelgericht serviert wird, aber auch auf Toast als Aperitif, auf Bruschetta oder als Beilage zu Fleischgerichten.<\/p>\n<p>&nbsp;<\/p>","protected":false},"featured_media":22907,"comment_status":"open","ping_status":"closed","template":"","meta":[],"product_brand":[],"product_cat":[153,62,67,110],"product_tag":[],"class_list":{"0":"post-22905","1":"product","2":"type-product","3":"status-publish","4":"has-post-thumbnail","6":"product_cat-coffrets-cadeaux-mdt","7":"product_cat-epicerie","8":"product_cat-fetes","9":"product_cat-nos-idees-cadeaux","11":"first","12":"instock","13":"taxable","14":"shipping-taxable","15":"purchasable","16":"product-type-simple"},"_links":{"self":[{"href":"https:\/\/www.gourmandisedeluxe.com\/de\/wp-json\/wp\/v2\/product\/22905","targetHints":{"allow":["GET"]}}],"collection":[{"href":"https:\/\/www.gourmandisedeluxe.com\/de\/wp-json\/wp\/v2\/product"}],"about":[{"href":"https:\/\/www.gourmandisedeluxe.com\/de\/wp-json\/wp\/v2\/types\/product"}],"replies":[{"embeddable":true,"href":"https:\/\/www.gourmandisedeluxe.com\/de\/wp-json\/wp\/v2\/comments?post=22905"}],"version-history":[{"count":0,"href":"https:\/\/www.gourmandisedeluxe.com\/de\/wp-json\/wp\/v2\/product\/22905\/revisions"}],"wp:featuredmedia":[{"embeddable":true,"href":"https:\/\/www.gourmandisedeluxe.com\/de\/wp-json\/wp\/v2\/media\/22907"}],"wp:attachment":[{"href":"https:\/\/www.gourmandisedeluxe.com\/de\/wp-json\/wp\/v2\/media?parent=22905"}],"wp:term":[{"taxonomy":"product_brand","embeddable":true,"href":"https:\/\/www.gourmandisedeluxe.com\/de\/wp-json\/wp\/v2\/product_brand?post=22905"},{"taxonomy":"product_cat","embeddable":true,"href":"https:\/\/www.gourmandisedeluxe.com\/de\/wp-json\/wp\/v2\/product_cat?post=22905"},{"taxonomy":"product_tag","embeddable":true,"href":"https:\/\/www.gourmandisedeluxe.com\/de\/wp-json\/wp\/v2\/product_tag?post=22905"}],"curies":[{"name":"wp","href":"https:\/\/api.w.org\/{rel}","templated":true}]}}